{"id":82845,"date":"2022-04-06T16:50:09","date_gmt":"2022-04-06T14:50:09","guid":{"rendered":"https:\/\/alpine-world.com\/shop\/prodotto\/mammut-sender-twistlock\/"},"modified":"2026-05-08T15:26:53","modified_gmt":"2026-05-08T13:26:53","slug":"mammut-sender-twistlock","status":"publish","type":"product","link":"https:\/\/alpine-world.com\/shop\/prodotto\/mammut-sender-twistlock\/","title":{"rendered":"Mammut Sender Twistlock"},"content":{"rendered":"<p>Quando ogni grammo conta, il moschettone Mammut Sender Twistlock \u00e8 la scelta perfetta per gli scalatori orientati alle prestazioni. Ultraleggero e compatto, \u00e8 comunque maneggevole grazie alla sua forma a D. La chiusura Twistlock permette un bloccaggio rapido e automatico e pu\u00f2 essere azionata con una sola mano. Il profilo Key Lock permette di spostare il moschettone senza rischio di impigliamento accidentale. Uno dei moschettoni Twistlock pi\u00f9 leggeri e compatti sul mercato.<\/p>\n","protected":false},"excerpt":{"rendered":"<p>Quando ogni grammo conta, il moschettone Mammut Sender Twistlock \u00e8 la scelta perfetta per gli scalatori orientati alle prestazioni. Ultraleggero e compatto, \u00e8 comunque maneggevole grazie alla sua forma a D. La chiusura Twistlock permette un bloccaggio rapido e automatico e pu\u00f2 essere azionata con una sola mano. Il profilo Key Lock permette di spostare [&hellip;]<\/p>\n","protected":false},"featured_media":81003,"template":"","meta":{"_acf_changed":false,"_seopress_robots_primary_cat":"none","_seopress_titles_title":"%%title%% %%sep%% Moschettone con chiusura Twistlock","_seopress_titles_desc":"Quando ogni grammo conta, il moschettone Mammut Sender Twistlock \u00e8 la scelta perfetta per gli scalatori orientati alle prestazioni.","_seopress_robots_index":"","ep_exclude_from_search":false},"product_brand":[],"product_cat":[1056,1037,963,2919,1908],"product_tag":[2969,2970,2994],"class_list":{"0":"post-82845","1":"product","2":"type-product","3":"status-publish","4":"has-post-thumbnail","6":"product_cat-alpinismo","7":"product_cat-arrampicata","8":"product_cat-attrezzatura","9":"product_cat-cascate-di-ghiaccio","10":"product_cat-moschettoni-attrezzatura","11":"product_tag-alpinismo","12":"product_tag-arrampicata","13":"product_tag-cascate-di-ghiaccio","14":"pa_caratteristiche-moschettoni-a-ghiera","15":"pa_colore-grigio","16":"yith_product_brand-mammut","18":"first","19":"instock","20":"sale","21":"taxable","22":"shipping-taxable","23":"purchasable","24":"product-type-simple"},"acf":[],"_links":{"self":[{"href":"https:\/\/alpine-world.com\/shop\/wp-json\/wp\/v2\/product\/82845","targetHints":{"allow":["GET"]}}],"collection":[{"href":"https:\/\/alpine-world.com\/shop\/wp-json\/wp\/v2\/product"}],"about":[{"href":"https:\/\/alpine-world.com\/shop\/wp-json\/wp\/v2\/types\/product"}],"wp:featuredmedia":[{"embeddable":true,"href":"https:\/\/alpine-world.com\/shop\/wp-json\/wp\/v2\/media\/81003"}],"wp:attachment":[{"href":"https:\/\/alpine-world.com\/shop\/wp-json\/wp\/v2\/media?parent=82845"}],"wp:term":[{"taxonomy":"product_brand","embeddable":true,"href":"https:\/\/alpine-world.com\/shop\/wp-json\/wp\/v2\/product_brand?post=82845"},{"taxonomy":"product_cat","embeddable":true,"href":"https:\/\/alpine-world.com\/shop\/wp-json\/wp\/v2\/product_cat?post=82845"},{"taxonomy":"product_tag","embeddable":true,"href":"https:\/\/alpine-world.com\/shop\/wp-json\/wp\/v2\/product_tag?post=82845"}],"curies":[{"name":"wp","href":"https:\/\/api.w.org\/{rel}","templated":true}]}}