{"id":62837,"date":"2021-11-22T19:34:40","date_gmt":"2021-11-22T18:34:40","guid":{"rendered":"https:\/\/alpine-world.com\/shop\/prodotto\/camp-tempest-mitt-evo\/"},"modified":"2026-05-06T04:11:57","modified_gmt":"2026-05-06T02:11:57","slug":"camp-tempest-mitt-evo","status":"publish","type":"product","link":"https:\/\/alpine-world.com\/shop\/prodotto\/camp-tempest-mitt-evo\/","title":{"rendered":"Camp Tempest Mitt Evo"},"content":{"rendered":"<div id=\"divIntroArticoloTesto\">La Camp Tempest Mitt Evo \u00e8 una moffola imbottita dotata di flap che consentono di scoprire le dita (compreso il pollice) per compiere operazioni di precisione. Il sistema \u00e8 pratico e veloce, con dei piccoli magneti che permettono di fissare le coperture, quando aperte, al dorso della moffola. Il leggero tessuto esterno, altamente resistente agli agenti atmosferici, \u00e8 combinato con un'imbottitura differenziata, ottimizzata per ciascuna zona della mano. Il sistema Open-Close migliora l\u2019isolamento termico e permette di chiudere e aprire il polso con estrema facilit\u00e0 in ogni condizione. Il palmo \u00e8 rinforzato per garantire grip e durata e l'interno \u00e8 caratterizzato da una morbida fodera che aumenta la sensazione di calore.<\/div>\n<div class=\"align-right\"><\/div>\n<div>\u2022 Moffola imbottita che permette di scoprire le dita (compreso il pollice) per compiere operazioni di precisione<br \/>\n\u2022 Piccoli magneti per fissare al dorso della moffola le coperture delle dita quando aperte<br \/>\n\u2022 Sistema Open-Close che migliora l\u2019isolamento termico e permette di chiudere e aprire il polso con estrema facilit\u00e0 in ogni condizione<br \/>\n\u2022 Palmo rinforzato con tessuto che garantisce grip e durata<br \/>\n\u2022 Esterno in tessuto leggero, resistente agli agenti atmosferici<br \/>\n\u2022 Morbida fodera interna che aumenta la sensazione di calore<br \/>\n\u2022 Imbottitura in PrimaLoft\u00ae Gold 200 g\/m2 sul dorso, PrimaLoft\u00ae Gold 100 g\/m2 sul palmo e PrimaLoft\u00ae Gold 160 g\/m2 sul pollice<br \/>\n\u2022 Inserto tergi sudore in tessuto assorbente sul pollice<br \/>\n\u2022 Polso con lacciolo e fibbie per unire le moffole tra loro<br \/>\n\u2022 Sacchetto-custodia incluso<\/div>\n","protected":false},"excerpt":{"rendered":"<p>La Camp Tempest Mitt Evo \u00e8 una moffola imbottita dotata di flap che consentono di scoprire le dita (compreso il pollice) per compiere operazioni di precisione. Il sistema \u00e8 pratico e veloce, con dei piccoli magneti che permettono di fissare le coperture, quando aperte, al dorso della moffola. Il leggero tessuto esterno, altamente resistente agli [&hellip;]<\/p>\n","protected":false},"featured_media":106703,"template":"","meta":{"_acf_changed":false,"_seopress_robots_primary_cat":"none","_seopress_titles_title":"%%title%% %%sep%% Moffola per sport invernali","_seopress_titles_desc":"La Camp Tempest Mitt Evo \u00e8 una moffola imbottita che consente di scoprire le dita per compiere operazioni di precisione.","_seopress_robots_index":"","ep_exclude_from_search":false},"product_brand":[],"product_cat":[925,1922,1920,1056,1923,1921,1055,1053],"product_tag":[2969,2995,2974],"class_list":{"0":"post-62837","1":"product","2":"type-product","3":"status-publish","4":"has-post-thumbnail","6":"product_cat-abbigliamento","7":"product_cat-abbigliamento-sportivo-donna","8":"product_cat-abbigliamento-sportivo-uomo","9":"product_cat-alpinismo","10":"product_cat-guanti-abbigliamento-sportivo-donna","11":"product_cat-guanti-abbigliamento-sportivo-uomo","12":"product_cat-scialpinismo","13":"product_cat-trekking-it","14":"product_tag-alpinismo","15":"product_tag-scialpinismo","16":"product_tag-trekking","17":"pa_colore-nero","18":"pa_taglia-l-it","19":"pa_taglia-m-it","20":"pa_taglia-s-it","21":"pa_taglia-xl-it","22":"yith_product_brand-camp","24":"first","25":"instock","26":"sale","27":"taxable","28":"shipping-taxable","29":"purchasable","30":"product-type-variable"},"acf":[],"_links":{"self":[{"href":"https:\/\/alpine-world.com\/shop\/wp-json\/wp\/v2\/product\/62837","targetHints":{"allow":["GET"]}}],"collection":[{"href":"https:\/\/alpine-world.com\/shop\/wp-json\/wp\/v2\/product"}],"about":[{"href":"https:\/\/alpine-world.com\/shop\/wp-json\/wp\/v2\/types\/product"}],"wp:featuredmedia":[{"embeddable":true,"href":"https:\/\/alpine-world.com\/shop\/wp-json\/wp\/v2\/media\/106703"}],"wp:attachment":[{"href":"https:\/\/alpine-world.com\/shop\/wp-json\/wp\/v2\/media?parent=62837"}],"wp:term":[{"taxonomy":"product_brand","embeddable":true,"href":"https:\/\/alpine-world.com\/shop\/wp-json\/wp\/v2\/product_brand?post=62837"},{"taxonomy":"product_cat","embeddable":true,"href":"https:\/\/alpine-world.com\/shop\/wp-json\/wp\/v2\/product_cat?post=62837"},{"taxonomy":"product_tag","embeddable":true,"href":"https:\/\/alpine-world.com\/shop\/wp-json\/wp\/v2\/product_tag?post=62837"}],"curies":[{"name":"wp","href":"https:\/\/api.w.org\/{rel}","templated":true}]}}