{"id":62230,"date":"2021-10-22T12:03:55","date_gmt":"2021-10-22T10:03:55","guid":{"rendered":"https:\/\/alpine-world.com\/shop\/prodotto\/camp-ice-master-evo\/"},"modified":"2026-05-10T04:11:54","modified_gmt":"2026-05-10T02:11:54","slug":"camp-ice-master-evo","status":"publish","type":"product","link":"https:\/\/alpine-world.com\/shop\/prodotto\/camp-ice-master-evo\/","title":{"rendered":"Camp Ice Master Evo"},"content":{"rendered":"<p>Il Camp Ice Master Evo, come il nome suggerisce, \u00e8 un\u2019evoluzione dell\u2019affidabile Ice Master per offrire un prodotto ancora pi\u00f9 performante. \u00c8 facile e veloce da calzare, si adatta a qualsiasi tipo di scarpa o scarpone ed \u00e8 pensato per l\u2019escursionista pi\u00f9 esigente, in cerca di un prodotto estremamente resistente e ideale per utilizzi frequenti. Con le sue 13 punte in acciaio inossidabile, che insieme alle catene di collegamento dello stesso materiale assicurano un\u2019eccezionale robustezza e durata, l\u2019Ice Master Evo garantisce una presa sicura e una trazione precisa, prevenendo pericolose scivolate in presenza di neve, ghiaccio o comunque su fondi a bassa aderenza (fango, erba bagnata, rocce lichenose ecc.). Nota: su terreni tecnici, il Camp Ice Master Evo non sostituisce i classici ramponi da alpinismo.<\/p>\n<p>&nbsp;<\/p>\n<p>\u2022\u00a0\u00a0 \u00a0Ramponcino polivalente che aiuta a incrementare la stabilit\u00e0 su neve, ghiaccio e terreni a bassa aderenza<br \/>\n\u2022\u00a0\u00a0 \u00a0Parte anteriore snodata per garantire una camminata naturale<br \/>\n\u2022\u00a0\u00a0 \u00a013 punte da 15 mm in acciaio inossidabile collegate da resistenti catene nello stesso materiale<br \/>\n\u2022\u00a0\u00a0 \u00a0Semplice e sicuro sistema di fissaggio in materiale elastico, con cinturino che garantisce la massima stabilit\u00e0 sulla calzatura<br \/>\n\u2022\u00a0\u00a0 \u00a0Disponibile in 4 misure per calzature dal numero 36 al numero 47<br \/>\n\u2022\u00a0\u00a0 \u00a0Custodia rigida in dotazione, funzionale e compatta, con fori di ventilazione per favorire l'asciugatura del prodotto<\/p>\n","protected":false},"excerpt":{"rendered":"<p>Il Camp Ice Master Evo, come il nome suggerisce, \u00e8 un\u2019evoluzione dell\u2019affidabile Ice Master per offrire un prodotto ancora pi\u00f9 performante. \u00c8 facile e veloce da calzare, si adatta a qualsiasi tipo di scarpa o scarpone ed \u00e8 pensato per l\u2019escursionista pi\u00f9 esigente, in cerca di un prodotto estremamente resistente e ideale per utilizzi frequenti. [&hellip;]<\/p>\n","protected":false},"featured_media":51222,"template":"","meta":{"_acf_changed":false,"_seopress_robots_primary_cat":"none","_seopress_titles_title":"%%title%% %%sep%% Ramponcini antiscivolo per trekking","_seopress_titles_desc":"Il Camp Ice Master Evo, come il nome suggerisce, \u00e8 un\u2019evoluzione dell\u2019affidabile Ice Master per offrire un prodotto ancora pi\u00f9 performante.","_seopress_robots_index":"","ep_exclude_from_search":false},"product_brand":[],"product_cat":[963,1925,1053],"product_tag":[2974],"class_list":{"0":"post-62230","1":"product","2":"type-product","3":"status-publish","4":"has-post-thumbnail","6":"product_cat-attrezzatura","7":"product_cat-ramponi","8":"product_cat-trekking-it","9":"product_tag-trekking","10":"pa_caratteristiche-universali","11":"pa_taglia-l-it","12":"pa_taglia-m-it","13":"pa_taglia-s-it","14":"pa_taglia-xl-it","15":"yith_product_brand-camp","17":"first","18":"outofstock","19":"taxable","20":"shipping-taxable","21":"product-type-variable"},"acf":[],"_links":{"self":[{"href":"https:\/\/alpine-world.com\/shop\/wp-json\/wp\/v2\/product\/62230","targetHints":{"allow":["GET"]}}],"collection":[{"href":"https:\/\/alpine-world.com\/shop\/wp-json\/wp\/v2\/product"}],"about":[{"href":"https:\/\/alpine-world.com\/shop\/wp-json\/wp\/v2\/types\/product"}],"wp:featuredmedia":[{"embeddable":true,"href":"https:\/\/alpine-world.com\/shop\/wp-json\/wp\/v2\/media\/51222"}],"wp:attachment":[{"href":"https:\/\/alpine-world.com\/shop\/wp-json\/wp\/v2\/media?parent=62230"}],"wp:term":[{"taxonomy":"product_brand","embeddable":true,"href":"https:\/\/alpine-world.com\/shop\/wp-json\/wp\/v2\/product_brand?post=62230"},{"taxonomy":"product_cat","embeddable":true,"href":"https:\/\/alpine-world.com\/shop\/wp-json\/wp\/v2\/product_cat?post=62230"},{"taxonomy":"product_tag","embeddable":true,"href":"https:\/\/alpine-world.com\/shop\/wp-json\/wp\/v2\/product_tag?post=62230"}],"curies":[{"name":"wp","href":"https:\/\/api.w.org\/{rel}","templated":true}]}}