{"id":61892,"date":"2021-10-09T15:57:55","date_gmt":"2021-10-09T13:57:55","guid":{"rendered":"https:\/\/alpine-world.com\/shop\/prodotto\/mammut-7-5-alpine-sender-dry-rope\/"},"modified":"2026-04-03T04:12:41","modified_gmt":"2026-04-03T02:12:41","slug":"mammut-7-5-alpine-sender-dry-rope","status":"publish","type":"product","link":"https:\/\/alpine-world.com\/shop\/prodotto\/mammut-7-5-alpine-sender-dry-rope\/","title":{"rendered":"Mammut 7.5 Alpine Sender Dry Rope"},"content":{"rendered":"<p>La Mammut 7.5 Alpine Sender Dry Rope \u00e8 una mezza corda estremamente leggera ideale per arrampicata su ghiaccio e su misto, alpinismo, vie lunghe e arrampicata in montagna. La sua calza di alta qualit\u00e0 offre un peso estremamente ridotto e un diametro ridotto. Questo modello combina maneggevolezza e longevit\u00e0. Questa mezza corda \u00e8 adatta per attivit\u00e0 di arrampicata intensa, dove ogni grammo conta.<\/p>\n","protected":false},"excerpt":{"rendered":"<p>La Mammut 7.5 Alpine Sender Dry Rope \u00e8 una mezza corda estremamente leggera ideale per arrampicata su ghiaccio e su misto, alpinismo, vie lunghe e arrampicata in montagna. La sua calza di alta qualit\u00e0 offre un peso estremamente ridotto e un diametro ridotto. Questo modello combina maneggevolezza e longevit\u00e0. Questa mezza corda \u00e8 adatta per [&hellip;]<\/p>\n","protected":false},"featured_media":50775,"template":"","meta":{"_acf_changed":false,"_seopress_robots_primary_cat":"none","_seopress_titles_title":"%%title%% %%sep%% Mezza corda per arrampicata","_seopress_titles_desc":"La Mammut 7.5 Alpine Sender Dry Rope \u00e8 una mezza corda estremamente leggera ideale per arrampicata su ghiaccio e misto, alpinismo e vie lunghe.","_seopress_robots_index":"","ep_exclude_from_search":false},"product_brand":[],"product_cat":[1056,1037,2919,963,1907],"product_tag":[2969,2970,2994],"class_list":{"0":"post-61892","1":"product","2":"type-product","3":"status-publish","4":"has-post-thumbnail","6":"product_cat-alpinismo","7":"product_cat-arrampicata","8":"product_cat-cascate-di-ghiaccio","9":"product_cat-attrezzatura","10":"product_cat-corde-attrezzatura","11":"product_tag-alpinismo","12":"product_tag-arrampicata","13":"product_tag-cascate-di-ghiaccio","14":"pa_caratteristiche-corda-gemella","15":"pa_caratteristiche-mezza-corda","16":"pa_colore-arancione","17":"pa_colore-blu","18":"pa_lunghezza-60-m-it","19":"yith_product_brand-mammut","21":"first","22":"instock","23":"sale","24":"taxable","25":"shipping-taxable","26":"purchasable","27":"product-type-variable"},"acf":[],"_links":{"self":[{"href":"https:\/\/alpine-world.com\/shop\/wp-json\/wp\/v2\/product\/61892","targetHints":{"allow":["GET"]}}],"collection":[{"href":"https:\/\/alpine-world.com\/shop\/wp-json\/wp\/v2\/product"}],"about":[{"href":"https:\/\/alpine-world.com\/shop\/wp-json\/wp\/v2\/types\/product"}],"wp:featuredmedia":[{"embeddable":true,"href":"https:\/\/alpine-world.com\/shop\/wp-json\/wp\/v2\/media\/50775"}],"wp:attachment":[{"href":"https:\/\/alpine-world.com\/shop\/wp-json\/wp\/v2\/media?parent=61892"}],"wp:term":[{"taxonomy":"product_brand","embeddable":true,"href":"https:\/\/alpine-world.com\/shop\/wp-json\/wp\/v2\/product_brand?post=61892"},{"taxonomy":"product_cat","embeddable":true,"href":"https:\/\/alpine-world.com\/shop\/wp-json\/wp\/v2\/product_cat?post=61892"},{"taxonomy":"product_tag","embeddable":true,"href":"https:\/\/alpine-world.com\/shop\/wp-json\/wp\/v2\/product_tag?post=61892"}],"curies":[{"name":"wp","href":"https:\/\/api.w.org\/{rel}","templated":true}]}}