{"id":60364,"date":"2021-04-11T16:34:23","date_gmt":"2021-04-11T14:34:23","guid":{"rendered":"https:\/\/alpine-world.com\/shop\/prodotto\/edelrid-ace-2\/"},"modified":"2026-05-10T04:11:57","modified_gmt":"2026-05-10T02:11:57","slug":"edelrid-ace-2","status":"publish","type":"product","link":"https:\/\/alpine-world.com\/shop\/prodotto\/edelrid-ace-2\/","title":{"rendered":"Edelrid Ace"},"content":{"rendered":"<p>L'Edelrid Ace \u00e8 un'imbracatura super leggera con tecnologia 3D-Vent Lite per arrampicate impegnative su roccia e ghiaccio. Il cinturone ha una nuova forma che offre ancora pi\u00f9 comfort. L'innovativo anello di servizio \u00e8 notevolmente pi\u00f9 leggero e flessibile grazie alla sua combinazione di materiali: interno in Dyneema\u00ae ed esterno in poliammide.<\/p>\n","protected":false},"excerpt":{"rendered":"<p>L'Edelrid Ace \u00e8 un'imbracatura super leggera con tecnologia 3D-Vent Lite per arrampicate impegnative su roccia e ghiaccio. Il cinturone ha una nuova forma che offre ancora pi\u00f9 comfort. L'innovativo anello di servizio \u00e8 notevolmente pi\u00f9 leggero e flessibile grazie alla sua combinazione di materiali: interno in Dyneema\u00ae ed esterno in poliammide.<\/p>\n","protected":false},"featured_media":49032,"template":"","meta":{"_acf_changed":false,"_seopress_robots_primary_cat":"none","_seopress_titles_title":"Edelrid Ace - Imbrago leggero per arrampicata su roccia e ghiaccio","_seopress_titles_desc":"L'Edelrid Ace \u00e8 un'imbracatura super leggera con tecnologia 3D-Vent Lite per arrampicate impegnative su roccia e ghiaccio.","_seopress_robots_index":"","ep_exclude_from_search":false},"product_brand":[],"product_cat":[1056,1037,963,2919,991,1034],"product_tag":[2969,2970,2994],"class_list":{"0":"post-60364","1":"product","2":"type-product","3":"status-publish","4":"has-post-thumbnail","6":"product_cat-alpinismo","7":"product_cat-arrampicata","8":"product_cat-attrezzatura","9":"product_cat-cascate-di-ghiaccio","10":"product_cat-imbraghi","11":"product_cat-saldi","12":"product_tag-alpinismo","13":"product_tag-arrampicata","14":"product_tag-cascate-di-ghiaccio","15":"pa_colore-rosa","16":"pa_colore-verde","17":"pa_genere-donna","18":"pa_genere-unisex-it","19":"pa_genere-uomo","20":"pa_taglia-l-it","21":"pa_taglia-m-it","22":"pa_taglia-s-it","23":"pa_taglia-xs-it","24":"yith_product_brand-edelrid","26":"first","27":"instock","28":"sale","29":"taxable","30":"shipping-taxable","31":"purchasable","32":"product-type-variable"},"acf":[],"_links":{"self":[{"href":"https:\/\/alpine-world.com\/shop\/wp-json\/wp\/v2\/product\/60364","targetHints":{"allow":["GET"]}}],"collection":[{"href":"https:\/\/alpine-world.com\/shop\/wp-json\/wp\/v2\/product"}],"about":[{"href":"https:\/\/alpine-world.com\/shop\/wp-json\/wp\/v2\/types\/product"}],"wp:featuredmedia":[{"embeddable":true,"href":"https:\/\/alpine-world.com\/shop\/wp-json\/wp\/v2\/media\/49032"}],"wp:attachment":[{"href":"https:\/\/alpine-world.com\/shop\/wp-json\/wp\/v2\/media?parent=60364"}],"wp:term":[{"taxonomy":"product_brand","embeddable":true,"href":"https:\/\/alpine-world.com\/shop\/wp-json\/wp\/v2\/product_brand?post=60364"},{"taxonomy":"product_cat","embeddable":true,"href":"https:\/\/alpine-world.com\/shop\/wp-json\/wp\/v2\/product_cat?post=60364"},{"taxonomy":"product_tag","embeddable":true,"href":"https:\/\/alpine-world.com\/shop\/wp-json\/wp\/v2\/product_tag?post=60364"}],"curies":[{"name":"wp","href":"https:\/\/api.w.org\/{rel}","templated":true}]}}