{"id":60055,"date":"2021-03-25T10:40:34","date_gmt":"2021-03-25T09:40:34","guid":{"rendered":"https:\/\/alpine-world.com\/shop\/prodotto\/black-diamond-vision-mips\/"},"modified":"2026-05-07T04:11:57","modified_gmt":"2026-05-07T02:11:57","slug":"black-diamond-vision-mips","status":"publish","type":"product","link":"https:\/\/alpine-world.com\/shop\/prodotto\/black-diamond-vision-mips\/","title":{"rendered":"Black Diamond Vision Mips"},"content":{"rendered":"<p>Il casco Black Diamond Vision MIPS, il casco in schiuma pi\u00f9 resistente della gamma Black Diamond, combina schiuma EPP, schiuma EPS e una calotta in policarbonato che consente di evitare colpi e urti oltre alla tecnologia MIPS (protezione multidirezionale contro gli impatti). Il sistema MIPS \u00e8 progettato per fornire una maggiore protezione contro i movimenti rotazionali (o cinematici) trasmessi al cervello durante gli impatti obliqui alla testa. Questo sistema con protezione potenziata ha dimostrato di essere efficace nel ridurre il movimento rotatorio esistente in un casco assorbendo e reindirizzando in altro modo energie e forze al cervello. La protezione laterale e posteriore migliorata aumenta il grado di protezione e soddisfa i requisiti degli standard UIAA, mentre le prese d'aria posizionate strategicamente consentono all'aria di circolare anche quando fa caldo. Il sistema di chiusura e il sottogola conferiscono al casco Vision un aspetto pulito e i ganci integrati per la lampada frontale sono piccoli in modo che non si impiglino alla fettucce quando le si mettono a tracolla.<\/p>\n","protected":false},"excerpt":{"rendered":"<p>Il casco Black Diamond Vision MIPS, il casco in schiuma pi\u00f9 resistente della gamma Black Diamond, combina schiuma EPP, schiuma EPS e una calotta in policarbonato che consente di evitare colpi e urti oltre alla tecnologia MIPS (protezione multidirezionale contro gli impatti). Il sistema MIPS \u00e8 progettato per fornire una maggiore protezione contro i movimenti [&hellip;]<\/p>\n","protected":false},"featured_media":48718,"template":"","meta":{"_acf_changed":false,"_seopress_robots_primary_cat":"none","_seopress_titles_title":"%%title%% %%sep%% Casco da arrampicata con tecnologia MIPS","_seopress_titles_desc":"Il Black Diamond Vision MIPS \u00e8 il casco in schiuma pi\u00f9 resistente della gamma Black Diamond. Il sistema MIPS \u00e8 progettato per una maggiore protezione.","_seopress_robots_index":"","ep_exclude_from_search":false},"product_brand":[],"product_cat":[1056,1037,963,2919,1906,1052],"product_tag":[2969,2970,2994,2975],"class_list":{"0":"post-60055","1":"product","2":"type-product","3":"status-publish","4":"has-post-thumbnail","6":"product_cat-alpinismo","7":"product_cat-arrampicata","8":"product_cat-attrezzatura","9":"product_cat-cascate-di-ghiaccio","10":"product_cat-caschi-alpinismo-e-arrampicata","11":"product_cat-via-ferrata-it","12":"product_tag-alpinismo","13":"product_tag-arrampicata","14":"product_tag-cascate-di-ghiaccio","15":"product_tag-via-ferrata","16":"pa_colore-nero-arancione","17":"pa_genere-donna","18":"pa_genere-unisex-it","19":"pa_genere-uomo","20":"pa_taglia-m-l-it","21":"pa_taglia-s-m-it","22":"yith_product_brand-black-diamond","24":"first","25":"outofstock","26":"taxable","27":"shipping-taxable","28":"product-type-variable"},"acf":[],"_links":{"self":[{"href":"https:\/\/alpine-world.com\/shop\/wp-json\/wp\/v2\/product\/60055","targetHints":{"allow":["GET"]}}],"collection":[{"href":"https:\/\/alpine-world.com\/shop\/wp-json\/wp\/v2\/product"}],"about":[{"href":"https:\/\/alpine-world.com\/shop\/wp-json\/wp\/v2\/types\/product"}],"wp:featuredmedia":[{"embeddable":true,"href":"https:\/\/alpine-world.com\/shop\/wp-json\/wp\/v2\/media\/48718"}],"wp:attachment":[{"href":"https:\/\/alpine-world.com\/shop\/wp-json\/wp\/v2\/media?parent=60055"}],"wp:term":[{"taxonomy":"product_brand","embeddable":true,"href":"https:\/\/alpine-world.com\/shop\/wp-json\/wp\/v2\/product_brand?post=60055"},{"taxonomy":"product_cat","embeddable":true,"href":"https:\/\/alpine-world.com\/shop\/wp-json\/wp\/v2\/product_cat?post=60055"},{"taxonomy":"product_tag","embeddable":true,"href":"https:\/\/alpine-world.com\/shop\/wp-json\/wp\/v2\/product_tag?post=60055"}],"curies":[{"name":"wp","href":"https:\/\/api.w.org\/{rel}","templated":true}]}}