{"id":58793,"date":"2022-11-15T17:47:48","date_gmt":"2022-11-15T16:47:48","guid":{"rendered":"https:\/\/alpine-world.com\/shop\/prodotto\/black-crows-dorsa-27\/"},"modified":"2026-04-04T04:12:02","modified_gmt":"2026-04-04T02:12:02","slug":"black-crows-dorsa-27","status":"publish","type":"product","link":"https:\/\/alpine-world.com\/shop\/prodotto\/black-crows-dorsa-27\/","title":{"rendered":"Black Crows Dorsa 27"},"content":{"rendered":"<div class=\"subtitle\">Il Black Crows Dorsa 27 \u00e8 uno zaino dedicato allo sci di montagna. Di ispirazione urban, ha una forte identit\u00e0 fin nei minimi dettagli, ulteriormente migliorato quest'anno in questa nuova versione (cerniere pi\u00f9 pratiche e tasche dedicate).<\/div>\n<div class=\"description\">\n<div id=\"content-section-description\" class=\"collapse show\" aria-expanded=\"false\">\n<p>Destinato ad accompagnare tutti gli sciatori, dai comprensori sciistici alle lunghe escursioni scialpinistiche. Sviluppato in collaborazione con Bruno Compagnet, il Black Crows Dorsa 27 soddisfa le esigenze degli sciatori di montagna: robusto, ergonomico, leggero. L'essenziale, nulla di superfluo.<\/p>\n<\/div>\n<\/div>\n","protected":false},"excerpt":{"rendered":"<p>Il Black Crows Dorsa 27 \u00e8 uno zaino dedicato allo sci di montagna. Di ispirazione urban, ha una forte identit\u00e0 fin nei minimi dettagli, ulteriormente migliorato quest'anno in questa nuova versione (cerniere pi\u00f9 pratiche e tasche dedicate). Destinato ad accompagnare tutti gli sciatori, dai comprensori sciistici alle lunghe escursioni scialpinistiche. Sviluppato in collaborazione con Bruno [&hellip;]<\/p>\n","protected":false},"featured_media":126661,"template":"","meta":{"_acf_changed":false,"_seopress_robots_primary_cat":"none","_seopress_titles_title":"Black Crows Dorsa 27 - Zaino da sciapinismo","_seopress_titles_desc":"Il Black Crows Dorsa 27 \u00e8 uno zaino dedicato allo sci di montagna. Di ispirazione urban, ha una forte identit\u00e0 fin nei minimi dettagli, ulteriormente migliorato quest'anno in questa nuova versione (cerniere pi\u00f9 pratiche e tasche dedicate).","_seopress_robots_index":"","ep_exclude_from_search":false},"product_brand":[],"product_cat":[1038,1055,963,974],"product_tag":[2971,2995],"class_list":{"0":"post-58793","1":"product","2":"type-product","3":"status-publish","4":"has-post-thumbnail","6":"product_cat-freeride-it","7":"product_cat-scialpinismo","8":"product_cat-attrezzatura","9":"product_cat-zaini-da-montagna","10":"product_tag-freeride","11":"product_tag-scialpinismo","12":"pa_colore-arancione","13":"pa_colore-nero","14":"pa_genere-donna","15":"pa_genere-uomo","16":"pa_taglia-taglia-unica","17":"yith_product_brand-black-crows","19":"first","20":"outofstock","21":"taxable","22":"shipping-taxable","23":"product-type-variable"},"acf":[],"_links":{"self":[{"href":"https:\/\/alpine-world.com\/shop\/wp-json\/wp\/v2\/product\/58793","targetHints":{"allow":["GET"]}}],"collection":[{"href":"https:\/\/alpine-world.com\/shop\/wp-json\/wp\/v2\/product"}],"about":[{"href":"https:\/\/alpine-world.com\/shop\/wp-json\/wp\/v2\/types\/product"}],"wp:featuredmedia":[{"embeddable":true,"href":"https:\/\/alpine-world.com\/shop\/wp-json\/wp\/v2\/media\/126661"}],"wp:attachment":[{"href":"https:\/\/alpine-world.com\/shop\/wp-json\/wp\/v2\/media?parent=58793"}],"wp:term":[{"taxonomy":"product_brand","embeddable":true,"href":"https:\/\/alpine-world.com\/shop\/wp-json\/wp\/v2\/product_brand?post=58793"},{"taxonomy":"product_cat","embeddable":true,"href":"https:\/\/alpine-world.com\/shop\/wp-json\/wp\/v2\/product_cat?post=58793"},{"taxonomy":"product_tag","embeddable":true,"href":"https:\/\/alpine-world.com\/shop\/wp-json\/wp\/v2\/product_tag?post=58793"}],"curies":[{"name":"wp","href":"https:\/\/api.w.org\/{rel}","templated":true}]}}