{"id":56605,"date":"2020-02-21T11:47:45","date_gmt":"2020-02-21T10:47:45","guid":{"rendered":"https:\/\/alpine-world.com\/shop\/prodotto\/black-diamond-miniwire-alpine-quickdraw\/"},"modified":"2026-03-04T11:03:38","modified_gmt":"2026-03-04T10:03:38","slug":"black-diamond-miniwire-alpine-quickdraw","status":"publish","type":"product","link":"https:\/\/alpine-world.com\/shop\/prodotto\/black-diamond-miniwire-alpine-quickdraw\/","title":{"rendered":"Black Diamond Miniwire Alpine Quickdraw"},"content":{"rendered":"<p>Pensato per proteggersi su ghiaccio, vie trad e vie alpinistiche, il Black Diamond Miniwire Alpine Quickdraw \u00e8 leggero e minimalista. Pu\u00f2 essere usato sia come rinvio normale che allungato fino a 60 cm, in modo da ridurre gli attriti nei tiri pi\u00f9 lunghi. La fettuccia 8mm Dynex pu\u00f2 essere inoltre usata per proteggersi su uno spuntone.<\/p>\n","protected":false},"excerpt":{"rendered":"<p>Pensato per proteggersi su ghiaccio, vie trad e vie alpinistiche, il Black Diamond Miniwire Alpine Quickdraw \u00e8 leggero e minimalista. Pu\u00f2 essere usato sia come rinvio normale che allungato fino a 60 cm, in modo da ridurre gli attriti nei tiri pi\u00f9 lunghi. La fettuccia 8mm Dynex pu\u00f2 essere inoltre usata per proteggersi su uno [&hellip;]<\/p>\n","protected":false},"featured_media":44769,"template":"","meta":{"_acf_changed":false,"_seopress_robots_primary_cat":"none","_seopress_titles_title":"","_seopress_titles_desc":"","_seopress_robots_index":"","ep_exclude_from_search":false},"product_brand":[],"product_cat":[1056,1037,2919,963,1917],"product_tag":[2969,2970,2994],"class_list":{"0":"post-56605","1":"product","2":"type-product","3":"status-publish","4":"has-post-thumbnail","6":"product_cat-alpinismo","7":"product_cat-arrampicata","8":"product_cat-cascate-di-ghiaccio","9":"product_cat-attrezzatura","10":"product_cat-rinvii-arrampicata","11":"product_tag-alpinismo","12":"product_tag-arrampicata","13":"product_tag-cascate-di-ghiaccio","14":"pa_lunghezza-60-cm-it","15":"yith_product_brand-black-diamond","17":"first","18":"outofstock","19":"sale","20":"taxable","21":"shipping-taxable","22":"purchasable","23":"product-type-simple"},"acf":[],"_links":{"self":[{"href":"https:\/\/alpine-world.com\/shop\/wp-json\/wp\/v2\/product\/56605","targetHints":{"allow":["GET"]}}],"collection":[{"href":"https:\/\/alpine-world.com\/shop\/wp-json\/wp\/v2\/product"}],"about":[{"href":"https:\/\/alpine-world.com\/shop\/wp-json\/wp\/v2\/types\/product"}],"wp:featuredmedia":[{"embeddable":true,"href":"https:\/\/alpine-world.com\/shop\/wp-json\/wp\/v2\/media\/44769"}],"wp:attachment":[{"href":"https:\/\/alpine-world.com\/shop\/wp-json\/wp\/v2\/media?parent=56605"}],"wp:term":[{"taxonomy":"product_brand","embeddable":true,"href":"https:\/\/alpine-world.com\/shop\/wp-json\/wp\/v2\/product_brand?post=56605"},{"taxonomy":"product_cat","embeddable":true,"href":"https:\/\/alpine-world.com\/shop\/wp-json\/wp\/v2\/product_cat?post=56605"},{"taxonomy":"product_tag","embeddable":true,"href":"https:\/\/alpine-world.com\/shop\/wp-json\/wp\/v2\/product_tag?post=56605"}],"curies":[{"name":"wp","href":"https:\/\/api.w.org\/{rel}","templated":true}]}}