{"id":56351,"date":"2019-11-26T20:28:15","date_gmt":"2019-11-26T19:28:15","guid":{"rendered":"https:\/\/alpine-world.com\/shop\/prodotto\/blue-ice-choucas\/"},"modified":"2026-05-10T04:12:03","modified_gmt":"2026-05-10T02:12:03","slug":"blue-ice-choucas","status":"publish","type":"product","link":"https:\/\/alpine-world.com\/shop\/prodotto\/blue-ice-choucas\/","title":{"rendered":"Blue Ice Choucas"},"content":{"rendered":"<p>Il Blue Ice Choucas ha cambiato per sempre gli imbraghi da alpinismo. Questa nuova versione \u00e8 ancora pi\u00f9 leggera (142g inS), pi\u00f9 comoda, grazie alla vita a larghezza variabile, e pu\u00f2 accogliere pi\u00f9 materiale grazie ai suoi quattro portamateriale. In pi\u00f9 pu\u00f2 essere messo sci ai piedi e possiede i passanti per fissare una vite da ghiaccio su ogni cosciale (invenzione Blue Ice). Lo Choucas \u00e8 perfetto per l'alpinismo classico, l'escursionismo su ghiacciaio, lo scialpinismo e il freeride.<\/p>\n","protected":false},"excerpt":{"rendered":"<p>Il Blue Ice Choucas ha cambiato per sempre gli imbraghi da alpinismo. Questa nuova versione \u00e8 ancora pi\u00f9 leggera (142g inS), pi\u00f9 comoda, grazie alla vita a larghezza variabile, e pu\u00f2 accogliere pi\u00f9 materiale grazie ai suoi quattro portamateriale. In pi\u00f9 pu\u00f2 essere messo sci ai piedi e possiede i passanti per fissare una vite [&hellip;]<\/p>\n","protected":false},"featured_media":44469,"template":"","meta":{"_acf_changed":false,"_seopress_robots_primary_cat":"none","_seopress_titles_title":"","_seopress_titles_desc":"","_seopress_robots_index":"","ep_exclude_from_search":false},"product_brand":[],"product_cat":[1056,963,1038,991,1055],"product_tag":[2969,2971,2995],"class_list":{"0":"post-56351","1":"product","2":"type-product","3":"status-publish","4":"has-post-thumbnail","6":"product_cat-alpinismo","7":"product_cat-attrezzatura","8":"product_cat-freeride-it","9":"product_cat-imbraghi","10":"product_cat-scialpinismo","11":"product_tag-alpinismo","12":"product_tag-freeride","13":"product_tag-scialpinismo","14":"pa_colore-bianco-azzurro","15":"pa_colore-bianco-blu-arancione","16":"pa_colore-nero","17":"pa_genere-donna","18":"pa_genere-unisex-it","19":"pa_genere-uomo","20":"pa_taglia-l-it","21":"pa_taglia-m-it","22":"pa_taglia-s-it","23":"pa_taglia-xl-it","24":"yith_product_brand-blue-ice","26":"first","27":"instock","28":"sale","29":"taxable","30":"shipping-taxable","31":"purchasable","32":"product-type-variable"},"acf":[],"_links":{"self":[{"href":"https:\/\/alpine-world.com\/shop\/wp-json\/wp\/v2\/product\/56351","targetHints":{"allow":["GET"]}}],"collection":[{"href":"https:\/\/alpine-world.com\/shop\/wp-json\/wp\/v2\/product"}],"about":[{"href":"https:\/\/alpine-world.com\/shop\/wp-json\/wp\/v2\/types\/product"}],"wp:featuredmedia":[{"embeddable":true,"href":"https:\/\/alpine-world.com\/shop\/wp-json\/wp\/v2\/media\/44469"}],"wp:attachment":[{"href":"https:\/\/alpine-world.com\/shop\/wp-json\/wp\/v2\/media?parent=56351"}],"wp:term":[{"taxonomy":"product_brand","embeddable":true,"href":"https:\/\/alpine-world.com\/shop\/wp-json\/wp\/v2\/product_brand?post=56351"},{"taxonomy":"product_cat","embeddable":true,"href":"https:\/\/alpine-world.com\/shop\/wp-json\/wp\/v2\/product_cat?post=56351"},{"taxonomy":"product_tag","embeddable":true,"href":"https:\/\/alpine-world.com\/shop\/wp-json\/wp\/v2\/product_tag?post=56351"}],"curies":[{"name":"wp","href":"https:\/\/api.w.org\/{rel}","templated":true}]}}