{"id":53693,"date":"2019-08-24T14:00:47","date_gmt":"2019-08-24T12:00:47","guid":{"rendered":"https:\/\/alpine-world.com\/shop\/prodotto\/beal-gully-73-golden-dry\/"},"modified":"2026-05-05T04:12:17","modified_gmt":"2026-05-05T02:12:17","slug":"beal-gully-73-golden-dry","status":"publish","type":"product","link":"https:\/\/alpine-world.com\/shop\/prodotto\/beal-gully-73-golden-dry\/","title":{"rendered":"Beal Gully 7,3 Golden Dry"},"content":{"rendered":"<p>Con soli 36 grammi per metro, la Beal Gully 7,3 Golden Dry \u00e8 la mezza corda pi\u00f9 leggera sul mercato. \u00c8 anche certificata come una corda gemella. La sua estrema leggerezza e la sua forza d\u2019arresto molto bassa rendono il GULLY 7.3 un must-have per il ghiaccio, l'alpinismo e il terreno avventuroso pi\u00f9 esigente. Come tutte le mezze corde sottili della gamma BEAL, GULLY 7.3 beneficia della tecnologia UNICORE e della sicurezza extra che fornisce.<\/p>\n","protected":false},"excerpt":{"rendered":"<p>Con soli 36 grammi per metro, la Beal Gully 7,3 Golden Dry \u00e8 la mezza corda pi\u00f9 leggera sul mercato. \u00c8 anche certificata come una corda gemella. La sua estrema leggerezza e la sua forza d\u2019arresto molto bassa rendono il GULLY 7.3 un must-have per il ghiaccio, l'alpinismo e il terreno avventuroso pi\u00f9 esigente. Come [&hellip;]<\/p>\n","protected":false},"featured_media":41130,"template":"","meta":{"_acf_changed":false,"_seopress_robots_primary_cat":"none","_seopress_titles_title":"%%title%% %%sep%% Mezza corda ultraleggera per alpinismo","_seopress_titles_desc":"Con soli 36 grammi per metro, la Beal Gully 7,3 Golden Dry \u00e8 la mezza corda pi\u00f9 leggera sul mercato. \u00c8 anche certificata come una corda gemella.","_seopress_robots_index":"","ep_exclude_from_search":false},"product_brand":[],"product_cat":[1056,1037,963,2919,1907],"product_tag":[2969,2970,2994],"class_list":{"0":"post-53693","1":"product","2":"type-product","3":"status-publish","4":"has-post-thumbnail","6":"product_cat-alpinismo","7":"product_cat-arrampicata","8":"product_cat-attrezzatura","9":"product_cat-cascate-di-ghiaccio","10":"product_cat-corde-attrezzatura","11":"product_tag-alpinismo","12":"product_tag-arrampicata","13":"product_tag-cascate-di-ghiaccio","14":"pa_caratteristiche-corda-gemella","15":"pa_caratteristiche-mezza-corda","16":"pa_colore-arancione","17":"pa_colore-arancione-verde","18":"pa_colore-verde","19":"pa_lunghezza-2x60-m-it","20":"pa_lunghezza-40-m-it","21":"pa_lunghezza-50-m-it","22":"pa_lunghezza-60-m-it","23":"yith_product_brand-beal","25":"first","26":"outofstock","27":"taxable","28":"shipping-taxable","29":"product-type-variable"},"acf":[],"_links":{"self":[{"href":"https:\/\/alpine-world.com\/shop\/wp-json\/wp\/v2\/product\/53693","targetHints":{"allow":["GET"]}}],"collection":[{"href":"https:\/\/alpine-world.com\/shop\/wp-json\/wp\/v2\/product"}],"about":[{"href":"https:\/\/alpine-world.com\/shop\/wp-json\/wp\/v2\/types\/product"}],"wp:featuredmedia":[{"embeddable":true,"href":"https:\/\/alpine-world.com\/shop\/wp-json\/wp\/v2\/media\/41130"}],"wp:attachment":[{"href":"https:\/\/alpine-world.com\/shop\/wp-json\/wp\/v2\/media?parent=53693"}],"wp:term":[{"taxonomy":"product_brand","embeddable":true,"href":"https:\/\/alpine-world.com\/shop\/wp-json\/wp\/v2\/product_brand?post=53693"},{"taxonomy":"product_cat","embeddable":true,"href":"https:\/\/alpine-world.com\/shop\/wp-json\/wp\/v2\/product_cat?post=53693"},{"taxonomy":"product_tag","embeddable":true,"href":"https:\/\/alpine-world.com\/shop\/wp-json\/wp\/v2\/product_tag?post=53693"}],"curies":[{"name":"wp","href":"https:\/\/api.w.org\/{rel}","templated":true}]}}