{"id":53668,"date":"2019-08-24T14:29:48","date_gmt":"2019-08-24T12:29:48","guid":{"rendered":"https:\/\/alpine-world.com\/shop\/prodotto\/beal-joker-91-dry-cover\/"},"modified":"2026-05-05T04:12:17","modified_gmt":"2026-05-05T02:12:17","slug":"beal-joker-91-dry-cover","status":"publish","type":"product","link":"https:\/\/alpine-world.com\/shop\/prodotto\/beal-joker-91-dry-cover\/","title":{"rendered":"Beal Joker 9,1 Dry Cover"},"content":{"rendered":"<p>Dopo essere stata la prima corda sottile sul mercato ad ottenere la tripla omologazione, la Beal Joker 9,1 Dry Cover ora beneficia della pi\u00f9 recente tecnologia UNICORE.<\/p>\n<p>La \u00a0JOKER, corda singola, mezza e gemella, \u00e8 ora UNICORE e soddisfer\u00e0 i climbers e gli alpinisti pi\u00f9 esperti, alla ricerca di leggerezza, fluidit\u00e0 e sicurezza, cos\u00ec come glia alpinisti meno esperti alla ricerca di una corda versatile per le creste o per le vie di misto e di neve.<\/p>\n<p>&nbsp;<\/p>\n","protected":false},"excerpt":{"rendered":"<p>Dopo essere stata la prima corda sottile sul mercato ad ottenere la tripla omologazione, la Beal Joker 9,1 Dry Cover ora beneficia della pi\u00f9 recente tecnologia UNICORE. La \u00a0JOKER, corda singola, mezza e gemella, \u00e8 ora UNICORE e soddisfer\u00e0 i climbers e gli alpinisti pi\u00f9 esperti, alla ricerca di leggerezza, fluidit\u00e0 e sicurezza, cos\u00ec come [&hellip;]<\/p>\n","protected":false},"featured_media":41186,"template":"","meta":{"_acf_changed":false,"_seopress_robots_primary_cat":"none","_seopress_titles_title":"%%title%% %%sep%% Corda tripla omologazione per arrampicata","_seopress_titles_desc":"Dopo essere stata la prima corda sottile ad ottenere la tripla omologazione, la Beal Joker 9,1 Dry Cover ora beneficia della tecnologia UNICORE.","_seopress_robots_index":"","ep_exclude_from_search":false},"product_brand":[],"product_cat":[1056,1037,963,1907],"product_tag":[2969,2970],"class_list":{"0":"post-53668","1":"product","2":"type-product","3":"status-publish","4":"has-post-thumbnail","6":"product_cat-alpinismo","7":"product_cat-arrampicata","8":"product_cat-attrezzatura","9":"product_cat-corde-attrezzatura","10":"product_tag-alpinismo","11":"product_tag-arrampicata","12":"pa_caratteristiche-corda-gemella","13":"pa_caratteristiche-corda-singola","14":"pa_caratteristiche-mezza-corda","15":"pa_colore-blu","16":"pa_colore-rosso","17":"pa_colore-viola","18":"pa_lunghezza-60-m-it","19":"pa_lunghezza-70-m-it","20":"pa_lunghezza-80-m-it","21":"yith_product_brand-beal","23":"first","24":"outofstock","25":"taxable","26":"shipping-taxable","27":"product-type-variable"},"acf":[],"_links":{"self":[{"href":"https:\/\/alpine-world.com\/shop\/wp-json\/wp\/v2\/product\/53668","targetHints":{"allow":["GET"]}}],"collection":[{"href":"https:\/\/alpine-world.com\/shop\/wp-json\/wp\/v2\/product"}],"about":[{"href":"https:\/\/alpine-world.com\/shop\/wp-json\/wp\/v2\/types\/product"}],"wp:featuredmedia":[{"embeddable":true,"href":"https:\/\/alpine-world.com\/shop\/wp-json\/wp\/v2\/media\/41186"}],"wp:attachment":[{"href":"https:\/\/alpine-world.com\/shop\/wp-json\/wp\/v2\/media?parent=53668"}],"wp:term":[{"taxonomy":"product_brand","embeddable":true,"href":"https:\/\/alpine-world.com\/shop\/wp-json\/wp\/v2\/product_brand?post=53668"},{"taxonomy":"product_cat","embeddable":true,"href":"https:\/\/alpine-world.com\/shop\/wp-json\/wp\/v2\/product_cat?post=53668"},{"taxonomy":"product_tag","embeddable":true,"href":"https:\/\/alpine-world.com\/shop\/wp-json\/wp\/v2\/product_tag?post=53668"}],"curies":[{"name":"wp","href":"https:\/\/api.w.org\/{rel}","templated":true}]}}