{"id":138307,"date":"2025-12-01T16:23:06","date_gmt":"2025-12-01T15:23:06","guid":{"rendered":"https:\/\/alpine-world.com\/shop\/?post_type=product&#038;p=138307"},"modified":"2026-02-28T19:13:36","modified_gmt":"2026-02-28T18:13:36","slug":"camp-lama-x-dream-total-dry-2-0","status":"publish","type":"product","link":"https:\/\/alpine-world.com\/shop\/prodotto\/camp-lama-x-dream-total-dry-2-0\/","title":{"rendered":"Camp Lama X-Dream Total Dry 2.0"},"content":{"rendered":"<p>Lama estremamente dura e robusta in acciaio balistico Armox Advance che pu\u00f2 superare i 60 HRC di durezza con una tenacit\u00e0 senza pari. Dotata di creste laterali amovibili per la massima stabilit\u00e0 nei rovesci. Compatibile con le piccozze X-Dream (versione precedente compresa), X-Dream Total Dry e X-Dream Alpine. \u00c8 caratterizzata da uno spessore costante di 4 mm. La sua robustezza e il suo design super aggressivo la rendono ideale per il dry tooling pi\u00f9 impegnativo (total dry) e per le competizioni. Non adatta per la scalata su ghiaccio.<\/p>\n","protected":false},"excerpt":{"rendered":"<p>Lama estremamente dura e robusta in acciaio balistico Armox Advance che pu\u00f2 superare i 60 HRC di durezza con una tenacit\u00e0 senza pari. Dotata di creste laterali amovibili per la massima stabilit\u00e0 nei rovesci. Compatibile con le piccozze X-Dream (versione precedente compresa), X-Dream Total Dry e X-Dream Alpine. \u00c8 caratterizzata da uno spessore costante di [&hellip;]<\/p>\n","protected":false},"featured_media":138310,"template":"","meta":{"_acf_changed":false,"_seopress_robots_primary_cat":"none","_seopress_titles_title":"Camp Lama X-Dream Total Dry 2.0 - Lama per dry tooling","_seopress_titles_desc":"Lama estremamente dura e robusta in acciaio balistico Armox Advance che pu\u00f2 superare i 60 HRC di durezza con una tenacit\u00e0 senza pari. Dotata di creste laterali amovibili per la massima stabilit\u00e0 nei rovesci.","_seopress_robots_index":"","ep_exclude_from_search":false},"product_brand":[],"product_cat":[2919,963,1919],"product_tag":[2994],"class_list":{"0":"post-138307","1":"product","2":"type-product","3":"status-publish","4":"has-post-thumbnail","6":"product_cat-cascate-di-ghiaccio","7":"product_cat-attrezzatura","8":"product_cat-piccozze","9":"product_tag-cascate-di-ghiaccio","10":"yith_product_brand-camp","12":"first","13":"outofstock","14":"sale","15":"taxable","16":"shipping-taxable","17":"purchasable","18":"product-type-simple"},"acf":[],"_links":{"self":[{"href":"https:\/\/alpine-world.com\/shop\/wp-json\/wp\/v2\/product\/138307","targetHints":{"allow":["GET"]}}],"collection":[{"href":"https:\/\/alpine-world.com\/shop\/wp-json\/wp\/v2\/product"}],"about":[{"href":"https:\/\/alpine-world.com\/shop\/wp-json\/wp\/v2\/types\/product"}],"wp:featuredmedia":[{"embeddable":true,"href":"https:\/\/alpine-world.com\/shop\/wp-json\/wp\/v2\/media\/138310"}],"wp:attachment":[{"href":"https:\/\/alpine-world.com\/shop\/wp-json\/wp\/v2\/media?parent=138307"}],"wp:term":[{"taxonomy":"product_brand","embeddable":true,"href":"https:\/\/alpine-world.com\/shop\/wp-json\/wp\/v2\/product_brand?post=138307"},{"taxonomy":"product_cat","embeddable":true,"href":"https:\/\/alpine-world.com\/shop\/wp-json\/wp\/v2\/product_cat?post=138307"},{"taxonomy":"product_tag","embeddable":true,"href":"https:\/\/alpine-world.com\/shop\/wp-json\/wp\/v2\/product_tag?post=138307"}],"curies":[{"name":"wp","href":"https:\/\/api.w.org\/{rel}","templated":true}]}}