{"id":135627,"date":"2025-09-03T18:50:58","date_gmt":"2025-09-03T16:50:58","guid":{"rendered":"https:\/\/alpine-world.com\/shop\/?post_type=product&#038;p=135627"},"modified":"2026-04-04T04:11:43","modified_gmt":"2026-04-04T02:11:43","slug":"arcteryx-cerium-hoody-w-2","status":"publish","type":"product","link":"https:\/\/alpine-world.com\/shop\/prodotto\/arcteryx-cerium-hoody-w-2\/","title":{"rendered":"Arc'teryx Cerium Hoody W"},"content":{"rendered":"<p>L'Arc'teryx Cerium Hoody W \u00e8 un capo indispensabile per qualsiasi impresa in montagna. Per raggiungere prestazioni ancora pi\u00f9 elevate, abbiamo perfezionato il design e utilizzato materiali pi\u00f9 sostenibili, mantenendo al contempo un eccezionale rapporto calore\/peso e una grande comprimibilit\u00e0. Il piumino 850 di provenienza responsabile, con inserti sintetici Coreloft\u2122 nelle zone pi\u00f9 soggette a umidit\u00e0, offre un isolamento termico di alta qualit\u00e0. Il tessuto esterno, in nylon Arato\u2122 15D riciclato con filati tinti in massa, \u00e8 leggero e resistente. Il cappuccio StormHood\u2122 isolante prolunga il calore, mentre la vestibilit\u00e0 ergonomica e aerodinamica si adatta facilmente a tutti gli strati.<\/p>\n","protected":false},"excerpt":{"rendered":"<p>L'Arc'teryx Cerium Hoody W \u00e8 un capo indispensabile per qualsiasi impresa in montagna. Per raggiungere prestazioni ancora pi\u00f9 elevate, abbiamo perfezionato il design e utilizzato materiali pi\u00f9 sostenibili, mantenendo al contempo un eccezionale rapporto calore\/peso e una grande comprimibilit\u00e0. Il piumino 850 di provenienza responsabile, con inserti sintetici Coreloft\u2122 nelle zone pi\u00f9 soggette a umidit\u00e0, [&hellip;]<\/p>\n","protected":false},"featured_media":135645,"template":"","meta":{"_acf_changed":false,"_seopress_robots_primary_cat":"none","_seopress_titles_title":"Arc'teryx Cerium Hoody W - Piumino da donna","_seopress_titles_desc":"L'Arc'teryx Cerium Hoody W \u00e8 un capo indispensabile per qualsiasi impresa in montagna. Abbiamo perfezionato il design e utilizzato materiali pi\u00f9 sostenibili.","_seopress_robots_index":"","ep_exclude_from_search":false},"product_brand":[],"product_cat":[1056,2919,1038,1055,1058,925,1922,1941,1034],"product_tag":[2969,2994,2971,2995,2972],"class_list":{"0":"post-135627","1":"product","2":"type-product","3":"status-publish","4":"has-post-thumbnail","6":"product_cat-alpinismo","7":"product_cat-cascate-di-ghiaccio","8":"product_cat-freeride-it","9":"product_cat-scialpinismo","10":"product_cat-free-time-it","11":"product_cat-abbigliamento","12":"product_cat-abbigliamento-sportivo-donna","13":"product_cat-giacche-e-gilet-sportivi-donna","14":"product_cat-saldi","15":"product_tag-alpinismo","16":"product_tag-cascate-di-ghiaccio","17":"product_tag-freeride","18":"product_tag-scialpinismo","19":"product_tag-tempo-libero","20":"pa_caratteristiche-giacche-imbottite","21":"pa_colore-blu-scuro","22":"pa_materiale-piuma","23":"pa_taglia-s-it","24":"pa_taglia-m-it","25":"yith_product_brand-arcteryx","27":"first","28":"outofstock","29":"taxable","30":"shipping-taxable","31":"product-type-variable"},"acf":[],"_links":{"self":[{"href":"https:\/\/alpine-world.com\/shop\/wp-json\/wp\/v2\/product\/135627","targetHints":{"allow":["GET"]}}],"collection":[{"href":"https:\/\/alpine-world.com\/shop\/wp-json\/wp\/v2\/product"}],"about":[{"href":"https:\/\/alpine-world.com\/shop\/wp-json\/wp\/v2\/types\/product"}],"wp:featuredmedia":[{"embeddable":true,"href":"https:\/\/alpine-world.com\/shop\/wp-json\/wp\/v2\/media\/135645"}],"wp:attachment":[{"href":"https:\/\/alpine-world.com\/shop\/wp-json\/wp\/v2\/media?parent=135627"}],"wp:term":[{"taxonomy":"product_brand","embeddable":true,"href":"https:\/\/alpine-world.com\/shop\/wp-json\/wp\/v2\/product_brand?post=135627"},{"taxonomy":"product_cat","embeddable":true,"href":"https:\/\/alpine-world.com\/shop\/wp-json\/wp\/v2\/product_cat?post=135627"},{"taxonomy":"product_tag","embeddable":true,"href":"https:\/\/alpine-world.com\/shop\/wp-json\/wp\/v2\/product_tag?post=135627"}],"curies":[{"name":"wp","href":"https:\/\/api.w.org\/{rel}","templated":true}]}}