{"id":115800,"date":"2023-10-24T15:43:57","date_gmt":"2023-10-24T13:43:57","guid":{"rendered":"https:\/\/alpine-world.com\/shop\/?post_type=product&#038;p=115800"},"modified":"2026-05-08T04:11:42","modified_gmt":"2026-05-08T02:11:42","slug":"blue-ice-yagi-28-l","status":"publish","type":"product","link":"https:\/\/alpine-world.com\/shop\/prodotto\/blue-ice-yagi-28-l\/","title":{"rendered":"Blue Ice Yagi 28 L"},"content":{"rendered":"<p>Il Blue Ice Yagi 28 L \u00e8 uno zaino tecnico ed efficiente, ideale per lo scialpinismo classico.<\/p>\n<p>\u00c8 progettato per durare nel tempo per rendere la vita pi\u00f9 facile allo sciatore.<\/p>\n<p>Dispone di una maniglia nella parte superiore molto pratica per afferrare lo zaino o spostarlo e di un'ampia apertura nella parte posteriore per accedere a tutta l'attrezzatura, in modo da renderlo il pi\u00f9 funzionale possibile. Beneficia di uno scomparto dedicato con accesso rapido alle attrezzature di sicurezza e di un'ampia tasca per accessori. Offre diverse opzioni di trasporto degli sci ed \u00e8 compatibile con gli snowboard. Le piccozze possono essere trasportate all'interno o all'esterno, sia con il portapiccozza classico che con quello rapido. Dalla classica giornata con gli amici alla pi\u00f9 tecnica traversata sui ghiacciai, il Blue Ice Yagi 28 L \u00e8 lo zaino perfetto per tutte le uscite sugli sci. Compatibile con il portacasco e il kit porta sci rapido (non incluso).<\/p>\n","protected":false},"excerpt":{"rendered":"<p>Il Blue Ice Yagi 28 L \u00e8 uno zaino tecnico ed efficiente, ideale per lo scialpinismo classico. \u00c8 progettato per durare nel tempo per rendere la vita pi\u00f9 facile allo sciatore. Dispone di una maniglia nella parte superiore molto pratica per afferrare lo zaino o spostarlo e di un'ampia apertura nella parte posteriore per accedere [&hellip;]<\/p>\n","protected":false},"featured_media":115796,"template":"","meta":{"_acf_changed":false,"_seopress_robots_primary_cat":"none","_seopress_titles_title":"Blue Ice Yagi 28 L - Zaino da scialpinismo","_seopress_titles_desc":"Il Blue Ice Yagi 28 L \u00e8 uno zaino tecnico ed efficiente, ideale per lo scialpinismo classico. \u00c8 progettato per durare nel tempo per rendere la vita pi\u00f9 facile allo sciatore.","_seopress_robots_index":"","ep_exclude_from_search":false},"product_brand":[],"product_cat":[963,1038,1055,974],"product_tag":[2971,2995],"class_list":{"0":"post-115800","1":"product","2":"type-product","3":"status-publish","4":"has-post-thumbnail","6":"product_cat-attrezzatura","7":"product_cat-freeride-it","8":"product_cat-scialpinismo","9":"product_cat-zaini-da-montagna","10":"product_tag-freeride","11":"product_tag-scialpinismo","12":"pa_colore-deep-blue","13":"pa_colore-vulcan","14":"pa_genere-donna","15":"pa_genere-unisex-it","16":"pa_genere-uomo","17":"pa_taglia-taglia-unica","18":"yith_product_brand-blue-ice","20":"first","21":"outofstock","22":"taxable","23":"shipping-taxable","24":"product-type-variable"},"acf":[],"_links":{"self":[{"href":"https:\/\/alpine-world.com\/shop\/wp-json\/wp\/v2\/product\/115800","targetHints":{"allow":["GET"]}}],"collection":[{"href":"https:\/\/alpine-world.com\/shop\/wp-json\/wp\/v2\/product"}],"about":[{"href":"https:\/\/alpine-world.com\/shop\/wp-json\/wp\/v2\/types\/product"}],"wp:featuredmedia":[{"embeddable":true,"href":"https:\/\/alpine-world.com\/shop\/wp-json\/wp\/v2\/media\/115796"}],"wp:attachment":[{"href":"https:\/\/alpine-world.com\/shop\/wp-json\/wp\/v2\/media?parent=115800"}],"wp:term":[{"taxonomy":"product_brand","embeddable":true,"href":"https:\/\/alpine-world.com\/shop\/wp-json\/wp\/v2\/product_brand?post=115800"},{"taxonomy":"product_cat","embeddable":true,"href":"https:\/\/alpine-world.com\/shop\/wp-json\/wp\/v2\/product_cat?post=115800"},{"taxonomy":"product_tag","embeddable":true,"href":"https:\/\/alpine-world.com\/shop\/wp-json\/wp\/v2\/product_tag?post=115800"}],"curies":[{"name":"wp","href":"https:\/\/api.w.org\/{rel}","templated":true}]}}