{"id":115341,"date":"2023-10-13T15:17:03","date_gmt":"2023-10-13T13:17:03","guid":{"rendered":"https:\/\/alpine-world.com\/shop\/?post_type=product&#038;p=115341"},"modified":"2026-05-07T04:11:42","modified_gmt":"2026-05-07T02:11:42","slug":"mammut-taiss-light-ml-hooded-jkt-1","status":"publish","type":"product","link":"https:\/\/alpine-world.com\/shop\/prodotto\/mammut-taiss-light-ml-hooded-jkt-1\/","title":{"rendered":"Mammut Taiss Light ML Hooded Jkt Women"},"content":{"rendered":"<p>Il Mammut Taiss Light ML Hooded Jkt Women \u00e8 uno strato intermedio caldo che pu\u00f2 essere indossato tutto l'anno per tutte le attivit\u00e0 in montagna. Il pile di peso medio con elasticit\u00e0 in 4 direzioni, con un'elevata percentuale di nylon, e il taglio preformato garantiscono libert\u00e0 di movimento e resistenza all'abrasione. Grazie al suo materiale esterno liscio, questa giacca \u00e8 ideale come strato caldo sotto una giacca. Il materiale \u00e8 traspirante e si asciuga rapidamente e le cuciture piatte offrono un maggiore comfort. Dotato di tasche alte e compatibili con l'imbracatura, passanti per il pollice e un cappuccio aderente compatibile con il casco, il Mammut Taiss Light ML Hooded Jkt Women \u00e8 uno strato intermedio versatile e ultra funzionale.<\/p>\n","protected":false},"excerpt":{"rendered":"<p>Il Mammut Taiss Light ML Hooded Jkt Women \u00e8 uno strato intermedio caldo che pu\u00f2 essere indossato tutto l'anno per tutte le attivit\u00e0 in montagna. Il pile di peso medio con elasticit\u00e0 in 4 direzioni, con un'elevata percentuale di nylon, e il taglio preformato garantiscono libert\u00e0 di movimento e resistenza all'abrasione. Grazie al suo materiale [&hellip;]<\/p>\n","protected":false},"featured_media":137510,"template":"","meta":{"_acf_changed":false,"_seopress_robots_primary_cat":"none","_seopress_titles_title":"Mammut Taiss Light ML Hooded Jkt Women - Micropile da donna","_seopress_titles_desc":"Il Mammut Taiss Light ML Hooded Jkt Women \u00e8 uno strato intermedio caldo che pu\u00f2 essere indossato tutto l'anno per tutte le attivit\u00e0 in montagna.","_seopress_robots_index":"","ep_exclude_from_search":false},"product_brand":[],"product_cat":[925,1922,1056,2919,1038,1939,1034,1055,1053],"product_tag":[2969,2994,2971,2995,2974],"class_list":{"0":"post-115341","1":"product","2":"type-product","3":"status-publish","4":"has-post-thumbnail","6":"product_cat-abbigliamento","7":"product_cat-abbigliamento-sportivo-donna","8":"product_cat-alpinismo","9":"product_cat-cascate-di-ghiaccio","10":"product_cat-freeride-it","11":"product_cat-pile-e-micropile-donna","12":"product_cat-saldi","13":"product_cat-scialpinismo","14":"product_cat-trekking-it","15":"product_tag-alpinismo","16":"product_tag-cascate-di-ghiaccio","17":"product_tag-freeride","18":"product_tag-scialpinismo","19":"product_tag-trekking","20":"pa_colore-lavandin","21":"pa_colore-rosso","22":"pa_colore-viola","23":"pa_taglia-m-it","24":"pa_taglia-s-it","25":"pa_taglia-xs-it","26":"yith_product_brand-mammut","28":"first","29":"instock","30":"sale","31":"taxable","32":"shipping-taxable","33":"purchasable","34":"product-type-variable"},"acf":[],"_links":{"self":[{"href":"https:\/\/alpine-world.com\/shop\/wp-json\/wp\/v2\/product\/115341","targetHints":{"allow":["GET"]}}],"collection":[{"href":"https:\/\/alpine-world.com\/shop\/wp-json\/wp\/v2\/product"}],"about":[{"href":"https:\/\/alpine-world.com\/shop\/wp-json\/wp\/v2\/types\/product"}],"wp:featuredmedia":[{"embeddable":true,"href":"https:\/\/alpine-world.com\/shop\/wp-json\/wp\/v2\/media\/137510"}],"wp:attachment":[{"href":"https:\/\/alpine-world.com\/shop\/wp-json\/wp\/v2\/media?parent=115341"}],"wp:term":[{"taxonomy":"product_brand","embeddable":true,"href":"https:\/\/alpine-world.com\/shop\/wp-json\/wp\/v2\/product_brand?post=115341"},{"taxonomy":"product_cat","embeddable":true,"href":"https:\/\/alpine-world.com\/shop\/wp-json\/wp\/v2\/product_cat?post=115341"},{"taxonomy":"product_tag","embeddable":true,"href":"https:\/\/alpine-world.com\/shop\/wp-json\/wp\/v2\/product_tag?post=115341"}],"curies":[{"name":"wp","href":"https:\/\/api.w.org\/{rel}","templated":true}]}}