{"id":112559,"date":"2023-05-16T18:25:18","date_gmt":"2023-05-16T16:25:18","guid":{"rendered":"https:\/\/alpine-world.com\/shop\/?post_type=product&#038;p=112559"},"modified":"2026-04-04T04:11:58","modified_gmt":"2026-04-04T02:11:58","slug":"camp-axion-light-fingerless","status":"publish","type":"product","link":"https:\/\/alpine-world.com\/shop\/prodotto\/camp-axion-light-fingerless\/","title":{"rendered":"Camp Axion Light Fingerless"},"content":{"rendered":"<p>Guanto polivalente, preciso e molto confortevole. Il particolare design e la costruzione differenziata in pelle naturale di prima qualit\u00e0 (palmo) e in tessuto leggero e traspirante (dorso) garantiscono robustezza, massima libert\u00e0 di movimento e sensibilit\u00e0.<\/p>\n<ul>\n<li>Palmo in pelle di prima qualit\u00e0<\/li>\n<li>Dorso in tessuto leggero e traspirante<\/li>\n<li>Polso elasticizzato con chiusura con velcro<\/li>\n<li>Estremamente confortevole, garantisce mobilit\u00e0 e sensibilit\u00e0<\/li>\n<li>Disponibile con dita intere o scoperte<\/li>\n<\/ul>\n","protected":false},"excerpt":{"rendered":"<p>Guanto polivalente, preciso e molto confortevole. Il particolare design e la costruzione differenziata in pelle naturale di prima qualit\u00e0 (palmo) e in tessuto leggero e traspirante (dorso) garantiscono robustezza, massima libert\u00e0 di movimento e sensibilit\u00e0. Palmo in pelle di prima qualit\u00e0 Dorso in tessuto leggero e traspirante Polso elasticizzato con chiusura con velcro Estremamente confortevole, [&hellip;]<\/p>\n","protected":false},"featured_media":112565,"template":"","meta":{"_acf_changed":false,"_seopress_robots_primary_cat":"none","_seopress_titles_title":"Camp Axion Light Fingerless - Guanti per via ferrata","_seopress_titles_desc":"Il particolare design e la costruzione differenziata in pelle naturale di prima qualit\u00e0 (palmo) e in tessuto leggero e traspirante (dorso) garantiscono robustezza, massima libert\u00e0 di movimento e sensibilit\u00e0.","_seopress_robots_index":"","ep_exclude_from_search":false},"product_brand":[],"product_cat":[1052,925,1922,1923,1920,1921],"product_tag":[2975],"class_list":{"0":"post-112559","1":"product","2":"type-product","3":"status-publish","4":"has-post-thumbnail","6":"product_cat-via-ferrata-it","7":"product_cat-abbigliamento","8":"product_cat-abbigliamento-sportivo-donna","9":"product_cat-guanti-abbigliamento-sportivo-donna","10":"product_cat-abbigliamento-sportivo-uomo","11":"product_cat-guanti-abbigliamento-sportivo-uomo","12":"product_tag-via-ferrata","13":"pa_taglia-xs-it","14":"pa_taglia-s-it","15":"pa_taglia-m-it","16":"pa_taglia-l-it","17":"pa_taglia-xl-it","18":"yith_product_brand-camp","20":"first","21":"instock","22":"sale","23":"taxable","24":"shipping-taxable","25":"purchasable","26":"product-type-variable"},"acf":[],"_links":{"self":[{"href":"https:\/\/alpine-world.com\/shop\/wp-json\/wp\/v2\/product\/112559","targetHints":{"allow":["GET"]}}],"collection":[{"href":"https:\/\/alpine-world.com\/shop\/wp-json\/wp\/v2\/product"}],"about":[{"href":"https:\/\/alpine-world.com\/shop\/wp-json\/wp\/v2\/types\/product"}],"wp:featuredmedia":[{"embeddable":true,"href":"https:\/\/alpine-world.com\/shop\/wp-json\/wp\/v2\/media\/112565"}],"wp:attachment":[{"href":"https:\/\/alpine-world.com\/shop\/wp-json\/wp\/v2\/media?parent=112559"}],"wp:term":[{"taxonomy":"product_brand","embeddable":true,"href":"https:\/\/alpine-world.com\/shop\/wp-json\/wp\/v2\/product_brand?post=112559"},{"taxonomy":"product_cat","embeddable":true,"href":"https:\/\/alpine-world.com\/shop\/wp-json\/wp\/v2\/product_cat?post=112559"},{"taxonomy":"product_tag","embeddable":true,"href":"https:\/\/alpine-world.com\/shop\/wp-json\/wp\/v2\/product_tag?post=112559"}],"curies":[{"name":"wp","href":"https:\/\/api.w.org\/{rel}","templated":true}]}}