{"id":111681,"date":"2023-05-03T14:13:08","date_gmt":"2023-05-03T12:13:08","guid":{"rendered":"https:\/\/alpine-world.com\/shop\/?post_type=product&#038;p=111681"},"modified":"2026-04-03T04:12:27","modified_gmt":"2026-04-03T02:12:27","slug":"black-diamond-distance-carbon-z-poles","status":"publish","type":"product","link":"https:\/\/alpine-world.com\/shop\/prodotto\/black-diamond-distance-carbon-z-poles\/","title":{"rendered":"Black Diamond Distance Carbon Z Poles"},"content":{"rendered":"<p>Il Black Diamond Distance Carbon Z Poles \u00e8 il nostro Z-Pole pi\u00f9 leggero progettato per coloro che viaggiano veloci. Con una costruzione al 100% in carbonio, il Black Diamond Distance Carbon Z Poles presenta un design pieghevole a tre sezioni che consente un'apertura molto rapida. Abbiamo ridotto il diametro dei bastoncini, riducendo il peso e l'ingombro senza sacrificare la durata. Il nostro cinturino leggero e di supporto \u00e8 traspirante e assorbe l'umidit\u00e0, l'impugnatura in EVA ultraleggera ha la giusta quantit\u00e0 di comfort.<\/p>\n<ul>\n<li>Aste 100% in fibra di carbonio<\/li>\n<li>Costruzione a lunghezza fissa<\/li>\n<li>Bastone pieghevole incredibilmente leggero: 140 grammi\/bastone (120 cm)<\/li>\n<li>Impugnatura in schiuma EVA leggera ed estensione dell'impugnatura con cinturino traspirante realizzato con materiali riciclati<\/li>\n<li>Punta tecnica intercambiabile compatibile sia con punte tecniche in carburo che in gomma incluse<\/li>\n<li>Rondelle piccole rimovibili<\/li>\n<li>Compatibile con Z-Pole Snow Basket<\/li>\n<li>Unisex disponibile nelle lunghezze 105, 110, 115, 120, 125 e 130 cm<\/li>\n<\/ul>\n","protected":false},"excerpt":{"rendered":"<p>Il Black Diamond Distance Carbon Z Poles \u00e8 il nostro Z-Pole pi\u00f9 leggero progettato per coloro che viaggiano veloci. Con una costruzione al 100% in carbonio, il Black Diamond Distance Carbon Z Poles presenta un design pieghevole a tre sezioni che consente un'apertura molto rapida. Abbiamo ridotto il diametro dei bastoncini, riducendo il peso e [&hellip;]<\/p>\n","protected":false},"featured_media":132263,"template":"","meta":{"_acf_changed":false,"_seopress_robots_primary_cat":"none","_seopress_titles_title":"Black Diamond Distance Carbon Z Poles - Bastoni in carbonio","_seopress_titles_desc":"Con una costruzione al 100% in carbonio, il Black Diamond Distance Carbon Z Poles presenta un design pieghevole a tre sezioni che consente un'apertura molto rapida.","_seopress_robots_index":"","ep_exclude_from_search":false},"product_brand":[],"product_cat":[1054,1053,963,1949,1034],"product_tag":[2973,2974],"class_list":{"0":"post-111681","1":"product","2":"type-product","3":"status-publish","4":"has-post-thumbnail","6":"product_cat-trail-running-it","7":"product_cat-trekking-it","8":"product_cat-attrezzatura","9":"product_cat-bastoncini-sci-e-trekking","10":"product_cat-saldi","11":"product_tag-trail-running","12":"product_tag-trekking","13":"pa_lunghezza-110-cm-it","14":"pa_lunghezza-115-cm-it","15":"pa_lunghezza-120-cm-it","16":"pa_lunghezza-125-cm-it","17":"pa_lunghezza-130-cm-it","18":"yith_product_brand-black-diamond","20":"first","21":"instock","22":"sale","23":"taxable","24":"shipping-taxable","25":"purchasable","26":"product-type-variable"},"acf":[],"_links":{"self":[{"href":"https:\/\/alpine-world.com\/shop\/wp-json\/wp\/v2\/product\/111681","targetHints":{"allow":["GET"]}}],"collection":[{"href":"https:\/\/alpine-world.com\/shop\/wp-json\/wp\/v2\/product"}],"about":[{"href":"https:\/\/alpine-world.com\/shop\/wp-json\/wp\/v2\/types\/product"}],"wp:featuredmedia":[{"embeddable":true,"href":"https:\/\/alpine-world.com\/shop\/wp-json\/wp\/v2\/media\/132263"}],"wp:attachment":[{"href":"https:\/\/alpine-world.com\/shop\/wp-json\/wp\/v2\/media?parent=111681"}],"wp:term":[{"taxonomy":"product_brand","embeddable":true,"href":"https:\/\/alpine-world.com\/shop\/wp-json\/wp\/v2\/product_brand?post=111681"},{"taxonomy":"product_cat","embeddable":true,"href":"https:\/\/alpine-world.com\/shop\/wp-json\/wp\/v2\/product_cat?post=111681"},{"taxonomy":"product_tag","embeddable":true,"href":"https:\/\/alpine-world.com\/shop\/wp-json\/wp\/v2\/product_tag?post=111681"}],"curies":[{"name":"wp","href":"https:\/\/api.w.org\/{rel}","templated":true}]}}