{"id":111348,"date":"2023-04-28T16:19:35","date_gmt":"2023-04-28T14:19:35","guid":{"rendered":"https:\/\/alpine-world.com\/shop\/?post_type=product&#038;p=111348"},"modified":"2025-09-04T10:12:09","modified_gmt":"2025-09-04T08:12:09","slug":"msr-elixir-2","status":"publish","type":"product","link":"https:\/\/alpine-world.com\/shop\/prodotto\/msr-elixir-2\/","title":{"rendered":"MSR Elixir 2"},"content":{"rendered":"<p>La tenda MSR Elixir 2 \u00e8 stata progettata per il campeggio e l'escursionismo e offre un ampio volume utile. \u00c8 perfetta per gli avventurieri che cercano una tenda facile da montare con un ottimo rapporto qualit\u00e0-prezzo. A differenza di molte tende di questa categoria, la nostra tenda autoportante offre un vero volume utilizzabile per due adulti, due grandi porte e due ampi vestiboli riprogettati per fornire il 35% di spazio in pi\u00f9. Questa tenda versatile combina il tessuto ventilato della zanzariera con tessuti oscuranti per fornire flusso d'aria, calore e discrezione. Il telo incluso offre molteplici opzioni di configurazione, inclusa una modalit\u00e0 autoportante Fast &amp; Light con il doppio tetto. Che tu stia pianificando la tua prima o centesima notte all'aperto, la tenda MSR Elixir 2 non ti deluder\u00e0.<\/p>\n<ul>\n<li>Confortevole: il sistema ad arco ottimizza lo spazio libero e consente l'utilizzo di due ampi materassi; il doppiotetto modulare permette di vedere il paesaggio; migliore vivibilit\u00e0 con vani portaoggetti pensili integrati e tirazip luminescenti.<\/li>\n<li>Montaggio Fast &amp; Light (veloce e leggero): la tenda \u00e8 dotata di un telo footprint MSR Elixir che consente di montarla in modalit\u00e0 Fast &amp; Light (veloce e leggero) semplicemente con il telo impermeabile.<\/li>\n<li>Facilit\u00e0 di montaggio: struttura autoportante con pali, clip e cinghie in colore coordinato e vestiboli in rosso per consentire un montaggio facile e veloce.<\/li>\n<li>Discrezione: i tessuti opachi abbinati alle zanzariere garantiscono ventilazione, calore e discrezione.<\/li>\n<\/ul>\n","protected":false},"excerpt":{"rendered":"<p>La tenda MSR Elixir 2 \u00e8 stata progettata per il campeggio e l'escursionismo e offre un ampio volume utile. \u00c8 perfetta per gli avventurieri che cercano una tenda facile da montare con un ottimo rapporto qualit\u00e0-prezzo. A differenza di molte tende di questa categoria, la nostra tenda autoportante offre un vero volume utilizzabile per due [&hellip;]<\/p>\n","protected":false},"featured_media":111351,"template":"","meta":{"_acf_changed":false,"_seopress_robots_primary_cat":"","_seopress_titles_title":"MSR Elixir 2 - Tenda per trekking","_seopress_titles_desc":"La tenda MSR Elixir 2 \u00e8 stata progettata per il campeggio e l&#039;escursionismo e offre un ampio volume utile. \u00c8 perfetta per gli avventurieri che cercano una tenda facile da montare con un ottimo rapporto qualit\u00e0-prezzo.","_seopress_robots_index":"","ep_exclude_from_search":false},"product_brand":[],"product_cat":[963,2699,2736,1053],"product_tag":[2993,2974],"class_list":{"0":"post-111348","1":"product","2":"type-product","3":"status-publish","4":"has-post-thumbnail","6":"product_cat-attrezzatura","7":"product_cat-campeggio-e-bivacco","8":"product_cat-tende","9":"product_cat-trekking-it","10":"product_tag-campeggio-e-bivacco","11":"product_tag-trekking","12":"yith_product_brand-msr","14":"first","15":"outofstock","16":"sale","17":"taxable","18":"shipping-taxable","19":"purchasable","20":"product-type-simple"},"acf":[],"_links":{"self":[{"href":"https:\/\/alpine-world.com\/shop\/wp-json\/wp\/v2\/product\/111348","targetHints":{"allow":["GET"]}}],"collection":[{"href":"https:\/\/alpine-world.com\/shop\/wp-json\/wp\/v2\/product"}],"about":[{"href":"https:\/\/alpine-world.com\/shop\/wp-json\/wp\/v2\/types\/product"}],"wp:featuredmedia":[{"embeddable":true,"href":"https:\/\/alpine-world.com\/shop\/wp-json\/wp\/v2\/media\/111351"}],"wp:attachment":[{"href":"https:\/\/alpine-world.com\/shop\/wp-json\/wp\/v2\/media?parent=111348"}],"wp:term":[{"taxonomy":"product_brand","embeddable":true,"href":"https:\/\/alpine-world.com\/shop\/wp-json\/wp\/v2\/product_brand?post=111348"},{"taxonomy":"product_cat","embeddable":true,"href":"https:\/\/alpine-world.com\/shop\/wp-json\/wp\/v2\/product_cat?post=111348"},{"taxonomy":"product_tag","embeddable":true,"href":"https:\/\/alpine-world.com\/shop\/wp-json\/wp\/v2\/product_tag?post=111348"}],"curies":[{"name":"wp","href":"https:\/\/api.w.org\/{rel}","templated":true}]}}