{"id":106247,"date":"2022-10-29T16:31:17","date_gmt":"2022-10-29T14:31:17","guid":{"rendered":"https:\/\/alpine-world.com\/shop\/?post_type=product&#038;p=106247"},"modified":"2025-02-20T12:20:52","modified_gmt":"2025-02-20T11:20:52","slug":"black-diamond-recon-x","status":"publish","type":"product","link":"https:\/\/alpine-world.com\/shop\/prodotto\/black-diamond-recon-x\/","title":{"rendered":"Black Diamond Recon X"},"content":{"rendered":"<p>Semplificato e ottimizzato, ma dotato di tutte le funzionalit\u00e0 necessarie per ricerche rapide e accurate in caso di valanga, l'artva Black Diamond Recon X \u00e8 dotato di funzionalit\u00e0 Bluetooth e di una custodia con punti di contatto soft-touch per una migliore maneggevolezza. La connessione Bluetooth dell'artva ti consente di gestire le impostazioni e gli aggiornamenti software dal tuo smartphone. Con una portata circolare di 60 metri e tre antenne per la massima precisione di ricerca, il Black Diamond Recon X \u00e8 l'artva ideale per lo scialpinista classico. La custodia per il trasporto in stile imbracatura inclusa offre uno stoccaggio comodo e semplice e una rimozione rapida in caso di emergenza.<\/p>\n","protected":false},"excerpt":{"rendered":"<p>Semplificato e ottimizzato, ma dotato di tutte le funzionalit\u00e0 necessarie per ricerche rapide e accurate in caso di valanga, l'artva Black Diamond Recon X \u00e8 dotato di funzionalit\u00e0 Bluetooth e di una custodia con punti di contatto soft-touch per una migliore maneggevolezza. La connessione Bluetooth dell'artva ti consente di gestire le impostazioni e gli aggiornamenti [&hellip;]<\/p>\n","protected":false},"featured_media":106240,"template":"","meta":{"_acf_changed":false,"_seopress_robots_primary_cat":"none","_seopress_titles_title":"Black Diamond Recon X - Artva per soccorso in valanga","_seopress_titles_desc":"L'artva Black Diamond Recon X \u00e8 dotato di funzionalit\u00e0 Bluetooth e di una custodia con punti di contatto soft-touch.","_seopress_robots_index":"","ep_exclude_from_search":false},"product_brand":[],"product_cat":[1056,963,1936,1038,1055],"product_tag":[2969,2971,2995],"class_list":{"0":"post-106247","1":"product","2":"type-product","3":"status-publish","4":"has-post-thumbnail","6":"product_cat-alpinismo","7":"product_cat-attrezzatura","8":"product_cat-attrezzatura-da-valanga","9":"product_cat-freeride-it","10":"product_cat-scialpinismo","11":"product_tag-alpinismo","12":"product_tag-freeride","13":"product_tag-scialpinismo","14":"pa_categoria-artva-it","15":"yith_product_brand-black-diamond","17":"first","18":"outofstock","19":"sale","20":"taxable","21":"shipping-taxable","22":"purchasable","23":"product-type-simple"},"acf":[],"_links":{"self":[{"href":"https:\/\/alpine-world.com\/shop\/wp-json\/wp\/v2\/product\/106247","targetHints":{"allow":["GET"]}}],"collection":[{"href":"https:\/\/alpine-world.com\/shop\/wp-json\/wp\/v2\/product"}],"about":[{"href":"https:\/\/alpine-world.com\/shop\/wp-json\/wp\/v2\/types\/product"}],"wp:featuredmedia":[{"embeddable":true,"href":"https:\/\/alpine-world.com\/shop\/wp-json\/wp\/v2\/media\/106240"}],"wp:attachment":[{"href":"https:\/\/alpine-world.com\/shop\/wp-json\/wp\/v2\/media?parent=106247"}],"wp:term":[{"taxonomy":"product_brand","embeddable":true,"href":"https:\/\/alpine-world.com\/shop\/wp-json\/wp\/v2\/product_brand?post=106247"},{"taxonomy":"product_cat","embeddable":true,"href":"https:\/\/alpine-world.com\/shop\/wp-json\/wp\/v2\/product_cat?post=106247"},{"taxonomy":"product_tag","embeddable":true,"href":"https:\/\/alpine-world.com\/shop\/wp-json\/wp\/v2\/product_tag?post=106247"}],"curies":[{"name":"wp","href":"https:\/\/api.w.org\/{rel}","templated":true}]}}