{"id":104447,"date":"2022-10-06T18:02:26","date_gmt":"2022-10-06T16:02:26","guid":{"rendered":"https:\/\/alpine-world.com\/shop\/?post_type=product&#038;p=104447"},"modified":"2026-04-04T04:12:03","modified_gmt":"2026-04-04T02:12:03","slug":"craft-pro-wool-extreme-x-pants-w","status":"publish","type":"product","link":"https:\/\/alpine-world.com\/shop\/prodotto\/craft-pro-wool-extreme-x-pants-w\/","title":{"rendered":"Craft Pro Wool Extreme X Pants W"},"content":{"rendered":"<p>I Craft Pro Wool Extreme X Pants W sono dei pantaloni baselayer di alta qualit\u00e0 con il 20% di lana merino che ti mantengono asciutto durante gli allenamenti ad alta intensit\u00e0 in condizioni di freddo intenso.<\/p>\n<p>Questo strato base tecnicamente avanzato \u00e8 realizzato in un morbido misto di poliammide e lana merino che offre un eccellente trasporto dell'umidit\u00e0 e allo stesso tempo fornisce la giusta quantit\u00e0 di calore per un comfort ottimale nelle fredde giornate invernali sulle piste da sci di fondo e luoghi simili. Inoltre, il tessuto sottile e funzionale del capo lo rende un'ottima scelta anche per escursioni o trekking nelle fredde escursioni primaverili e autunnali.<\/p>\n","protected":false},"excerpt":{"rendered":"<p>I Craft Pro Wool Extreme X Pants W sono dei pantaloni baselayer di alta qualit\u00e0 con il 20% di lana merino che ti mantengono asciutto durante gli allenamenti ad alta intensit\u00e0 in condizioni di freddo intenso. Questo strato base tecnicamente avanzato \u00e8 realizzato in un morbido misto di poliammide e lana merino che offre un [&hellip;]<\/p>\n","protected":false},"featured_media":104449,"template":"","meta":{"_acf_changed":false,"_seopress_robots_primary_cat":"none","_seopress_titles_title":"Craft Pro Wool Extreme X Pants W - Pantalone baselayer da donna","_seopress_titles_desc":"Il Craft Pro Wool Extreme X Pants W \u00e8 un pantalone baselayer da donna composto con 80% poliammide e 20% lana merino.","_seopress_robots_index":"","ep_exclude_from_search":false},"product_brand":[],"product_cat":[1056,2919,1038,1055,1053,925,1922,1943,1034],"product_tag":[2969,2994,2971,2995,2974],"class_list":{"0":"post-104447","1":"product","2":"type-product","3":"status-publish","4":"has-post-thumbnail","6":"product_cat-alpinismo","7":"product_cat-cascate-di-ghiaccio","8":"product_cat-freeride-it","9":"product_cat-scialpinismo","10":"product_cat-trekking-it","11":"product_cat-abbigliamento","12":"product_cat-abbigliamento-sportivo-donna","13":"product_cat-intimo-sportivo-donna","14":"product_cat-saldi","15":"product_tag-alpinismo","16":"product_tag-cascate-di-ghiaccio","17":"product_tag-freeride","18":"product_tag-scialpinismo","19":"product_tag-trekking","20":"pa_colore-nero","21":"pa_taglia-xs-it","22":"pa_taglia-s-it","23":"pa_taglia-m-it","24":"pa_taglia-l-it","25":"yith_product_brand-craft","27":"first","28":"instock","29":"sale","30":"taxable","31":"shipping-taxable","32":"purchasable","33":"product-type-variable"},"acf":[],"_links":{"self":[{"href":"https:\/\/alpine-world.com\/shop\/wp-json\/wp\/v2\/product\/104447","targetHints":{"allow":["GET"]}}],"collection":[{"href":"https:\/\/alpine-world.com\/shop\/wp-json\/wp\/v2\/product"}],"about":[{"href":"https:\/\/alpine-world.com\/shop\/wp-json\/wp\/v2\/types\/product"}],"wp:featuredmedia":[{"embeddable":true,"href":"https:\/\/alpine-world.com\/shop\/wp-json\/wp\/v2\/media\/104449"}],"wp:attachment":[{"href":"https:\/\/alpine-world.com\/shop\/wp-json\/wp\/v2\/media?parent=104447"}],"wp:term":[{"taxonomy":"product_brand","embeddable":true,"href":"https:\/\/alpine-world.com\/shop\/wp-json\/wp\/v2\/product_brand?post=104447"},{"taxonomy":"product_cat","embeddable":true,"href":"https:\/\/alpine-world.com\/shop\/wp-json\/wp\/v2\/product_cat?post=104447"},{"taxonomy":"product_tag","embeddable":true,"href":"https:\/\/alpine-world.com\/shop\/wp-json\/wp\/v2\/product_tag?post=104447"}],"curies":[{"name":"wp","href":"https:\/\/api.w.org\/{rel}","templated":true}]}}