{"id":84824,"date":"2022-04-06T16:11:54","date_gmt":"2022-04-06T14:11:54","guid":{"rendered":"https:\/\/alpine-world.com\/shop\/prodotto\/mammut-lithium-20\/"},"modified":"2026-04-03T06:11:18","modified_gmt":"2026-04-03T04:11:18","slug":"mammut-lithium-20","status":"publish","type":"product","link":"https:\/\/alpine-world.com\/shop\/fr\/produit\/mammut-lithium-20\/","title":{"rendered":"Mammut Lithium 20"},"content":{"rendered":"<p>Tu aimerais passer \u00e0 la vitesse sup\u00e9rieure en randonn\u00e9e. Pour cela, tu as besoin d\u2019un \u00e9quipement l\u00e9ger et compact. Principalement fabriqu\u00e9 \u00e0 partir de mat\u00e9riaux recycl\u00e9s, le Lithium 20 b\u00e9n\u00e9ficie d\u2019une impr\u00e9gnation d\u00e9perlante durable sans PFC. Le rembourrage extr\u00eamement l\u00e9ger et respirant aux \u00e9paules assure un confort irr\u00e9prochable. Les canaux de ventilation plac\u00e9s dans la mousse\u00a0EVA\u00a03D permettent de rafra\u00eechir le dos. La ceinture abdominale rembourr\u00e9e est munie d\u2019une poche qui se d\u00e9plie pour accueillir ton smartphone. Si tu n\u2019en as pas besoin, il te suffit de l\u2019enlever. De m\u00eame pour la housse de protection contre la pluie int\u00e9gr\u00e9e. Ce sac \u00e0 dos est compatible avec les syst\u00e8mes d\u2019hydratation. Les poches filet lat\u00e9rales sont facilement accessibles, m\u00eame pendant l\u2019effort. Avec le Lithium\u00a020, redouble de vitesse en montagne.<\/p>\n","protected":false},"excerpt":{"rendered":"<p>Tu aimerais passer \u00e0 la vitesse sup\u00e9rieure en randonn\u00e9e. Pour cela, tu as besoin d\u2019un \u00e9quipement l\u00e9ger et compact. Principalement fabriqu\u00e9 \u00e0 partir de mat\u00e9riaux recycl\u00e9s, le Lithium 20 b\u00e9n\u00e9ficie d\u2019une impr\u00e9gnation d\u00e9perlante durable sans PFC. Le rembourrage extr\u00eamement l\u00e9ger et respirant aux \u00e9paules assure un confort irr\u00e9prochable. Les canaux de ventilation plac\u00e9s dans la [&hellip;]<\/p>\n","protected":false},"featured_media":80960,"template":"","meta":{"_acf_changed":false,"_seopress_robots_primary_cat":"","_seopress_titles_title":"","_seopress_titles_desc":"","_seopress_robots_index":"","ep_exclude_from_search":false},"product_brand":[],"product_cat":[1044,962,966],"product_tag":[2988],"class_list":{"0":"post-84824","1":"product","2":"type-product","3":"status-publish","4":"has-post-thumbnail","6":"product_cat-randonnee","7":"product_cat-materiel","8":"product_cat-sacs-a-dos","9":"product_tag-randonnee","10":"pa_colore-bleu","11":"pa_genere-homme","12":"pa_genere-unisex-fr","13":"pa_taglia-taille-unique","14":"yith_product_brand-mammut-fr","16":"first","17":"outofstock","18":"taxable","19":"shipping-taxable","20":"product-type-variable"},"acf":[],"_links":{"self":[{"href":"https:\/\/alpine-world.com\/shop\/fr\/wp-json\/wp\/v2\/product\/84824","targetHints":{"allow":["GET"]}}],"collection":[{"href":"https:\/\/alpine-world.com\/shop\/fr\/wp-json\/wp\/v2\/product"}],"about":[{"href":"https:\/\/alpine-world.com\/shop\/fr\/wp-json\/wp\/v2\/types\/product"}],"wp:featuredmedia":[{"embeddable":true,"href":"https:\/\/alpine-world.com\/shop\/fr\/wp-json\/wp\/v2\/media\/80960"}],"wp:attachment":[{"href":"https:\/\/alpine-world.com\/shop\/fr\/wp-json\/wp\/v2\/media?parent=84824"}],"wp:term":[{"taxonomy":"product_brand","embeddable":true,"href":"https:\/\/alpine-world.com\/shop\/fr\/wp-json\/wp\/v2\/product_brand?post=84824"},{"taxonomy":"product_cat","embeddable":true,"href":"https:\/\/alpine-world.com\/shop\/fr\/wp-json\/wp\/v2\/product_cat?post=84824"},{"taxonomy":"product_tag","embeddable":true,"href":"https:\/\/alpine-world.com\/shop\/fr\/wp-json\/wp\/v2\/product_tag?post=84824"}],"curies":[{"name":"wp","href":"https:\/\/api.w.org\/{rel}","templated":true}]}}