{"id":74225,"date":"2022-03-17T16:13:02","date_gmt":"2022-03-17T15:13:02","guid":{"rendered":"https:\/\/alpine-world.com\/shop\/prodotto\/blue-ice-hydra-leash\/"},"modified":"2022-05-07T12:32:04","modified_gmt":"2022-05-07T10:32:04","slug":"blue-ice-hydra-leash","status":"publish","type":"product","link":"https:\/\/alpine-world.com\/shop\/fr\/produit\/blue-ice-hydra-leash\/","title":{"rendered":"Blue Ice Hydra Leash"},"content":{"rendered":"<p>Con\u00e7ues pour s\u00e9curiser tous types de piolets jusqu\u2019aux plus techniques, les dragonnes d\u2019alpinisme Blue Ice Hydra Leash se clippent rapidement aux piolets gr\u00e2ce \u00e0 deux mousquetons \u00e0 large ouverture. Elles s\u2019attachent rapidement au pontet du baudrier par une simple t\u00eate d\u2019alouette et vous permettent de ne pas perdre vos piolets.<\/p>\n<p>Leur \u00e9merillon pivotant \u00e0 360\u00b0 et la longueur des sangles permettent de manipuler librement les piolets sans risque d\u2019emm\u00ealer les brins. \u00c0 seulement 54g, ce sont les dragonnes les plus l\u00e9g\u00e8res du march\u00e9.<\/p>\n","protected":false},"excerpt":{"rendered":"<p>Con\u00e7ues pour s\u00e9curiser tous types de piolets jusqu\u2019aux plus techniques, les dragonnes d\u2019alpinisme Blue Ice Hydra Leash se clippent rapidement aux piolets gr\u00e2ce \u00e0 deux mousquetons \u00e0 large ouverture. Elles s\u2019attachent rapidement au pontet du baudrier par une simple t\u00eate d\u2019alouette et vous permettent de ne pas perdre vos piolets. Leur \u00e9merillon pivotant \u00e0 360\u00b0 [&hellip;]<\/p>\n","protected":false},"featured_media":63690,"template":"","meta":{"_acf_changed":false,"_seopress_robots_primary_cat":"","_seopress_titles_title":"","_seopress_titles_desc":"","_seopress_robots_index":"","ep_exclude_from_search":false},"product_brand":[],"product_cat":[1041,1040,962,1985],"product_tag":[2983,2997],"class_list":{"0":"post-74225","1":"product","2":"type-product","3":"status-publish","4":"has-post-thumbnail","6":"product_cat-alpinisme","7":"product_cat-cascade-de-glace","8":"product_cat-materiel","9":"product_cat-piolets","10":"product_tag-alpinisme","11":"product_tag-cascade-de-glace","12":"yith_product_brand-blue-ice-fr","14":"first","15":"outofstock","16":"sale","17":"taxable","18":"shipping-taxable","19":"purchasable","20":"product-type-simple"},"acf":[],"_links":{"self":[{"href":"https:\/\/alpine-world.com\/shop\/fr\/wp-json\/wp\/v2\/product\/74225","targetHints":{"allow":["GET"]}}],"collection":[{"href":"https:\/\/alpine-world.com\/shop\/fr\/wp-json\/wp\/v2\/product"}],"about":[{"href":"https:\/\/alpine-world.com\/shop\/fr\/wp-json\/wp\/v2\/types\/product"}],"wp:featuredmedia":[{"embeddable":true,"href":"https:\/\/alpine-world.com\/shop\/fr\/wp-json\/wp\/v2\/media\/63690"}],"wp:attachment":[{"href":"https:\/\/alpine-world.com\/shop\/fr\/wp-json\/wp\/v2\/media?parent=74225"}],"wp:term":[{"taxonomy":"product_brand","embeddable":true,"href":"https:\/\/alpine-world.com\/shop\/fr\/wp-json\/wp\/v2\/product_brand?post=74225"},{"taxonomy":"product_cat","embeddable":true,"href":"https:\/\/alpine-world.com\/shop\/fr\/wp-json\/wp\/v2\/product_cat?post=74225"},{"taxonomy":"product_tag","embeddable":true,"href":"https:\/\/alpine-world.com\/shop\/fr\/wp-json\/wp\/v2\/product_tag?post=74225"}],"curies":[{"name":"wp","href":"https:\/\/api.w.org\/{rel}","templated":true}]}}