{"id":73518,"date":"2021-11-29T19:44:41","date_gmt":"2021-11-29T18:44:41","guid":{"rendered":"https:\/\/alpine-world.com\/shop\/prodotto\/black-diamond-snow-saw-guide\/"},"modified":"2022-05-07T13:55:56","modified_gmt":"2022-05-07T11:55:56","slug":"black-diamond-snow-saw-guide","status":"publish","type":"product","link":"https:\/\/alpine-world.com\/shop\/fr\/produit\/black-diamond-snow-saw-guide\/","title":{"rendered":"Black Diamond Snow Saw Guide"},"content":{"rendered":"<p>G\u00e9niale trouvaille destin\u00e9e aux nivologues et skieurs de randonn\u00e9e, la nouvelle Black Diamond Snow Saw Guide p\u00e8se seulement 160 grammes (cordelette incluse) et permet d\u2019optimiser l\u2019analyse du manteau neigeux. Int\u00e9grant dans sa poign\u00e9e une fiche de caract\u00e9risation des cristaux et une cordelette en polyester pour la d\u00e9coupe de blocs et autres tests de colonnes, cette scie offre une extr\u00eame polyvalence sur le terrain. Sa lame dentel\u00e9e est con\u00e7ue pour d\u00e9couper avec facilit\u00e9 la neige dure et cro\u00fbt\u00e9e. Et lorsque le test est termin\u00e9, l\u2019\u00e9tui de rangement avec clip prot\u00e8ge la scie et votre sac \u00e0 dos durant le transport.<\/p>\n","protected":false},"excerpt":{"rendered":"<p>G\u00e9niale trouvaille destin\u00e9e aux nivologues et skieurs de randonn\u00e9e, la nouvelle Black Diamond Snow Saw Guide p\u00e8se seulement 160 grammes (cordelette incluse) et permet d\u2019optimiser l\u2019analyse du manteau neigeux. Int\u00e9grant dans sa poign\u00e9e une fiche de caract\u00e9risation des cristaux et une cordelette en polyester pour la d\u00e9coupe de blocs et autres tests de colonnes, cette [&hellip;]<\/p>\n","protected":false},"featured_media":52134,"template":"","meta":{"_acf_changed":false,"_seopress_robots_primary_cat":"","_seopress_titles_title":"","_seopress_titles_desc":"","_seopress_robots_index":"","ep_exclude_from_search":false},"product_brand":[],"product_cat":[1029,1042,962,1972,2014],"product_tag":[2985,2998],"class_list":{"0":"post-73518","1":"product","2":"type-product","3":"status-publish","4":"has-post-thumbnail","6":"product_cat-freeride-fr","7":"product_cat-ski-alpinisme","8":"product_cat-materiel","9":"product_cat-accessoires-materiel","10":"product_cat-secours-en-avalanche","11":"product_tag-freeride-fr","12":"product_tag-ski-alpinisme","13":"yith_product_brand-black-diamond-fr","15":"first","16":"outofstock","17":"taxable","18":"shipping-taxable","19":"purchasable","20":"product-type-simple"},"acf":[],"_links":{"self":[{"href":"https:\/\/alpine-world.com\/shop\/fr\/wp-json\/wp\/v2\/product\/73518","targetHints":{"allow":["GET"]}}],"collection":[{"href":"https:\/\/alpine-world.com\/shop\/fr\/wp-json\/wp\/v2\/product"}],"about":[{"href":"https:\/\/alpine-world.com\/shop\/fr\/wp-json\/wp\/v2\/types\/product"}],"wp:featuredmedia":[{"embeddable":true,"href":"https:\/\/alpine-world.com\/shop\/fr\/wp-json\/wp\/v2\/media\/52134"}],"wp:attachment":[{"href":"https:\/\/alpine-world.com\/shop\/fr\/wp-json\/wp\/v2\/media?parent=73518"}],"wp:term":[{"taxonomy":"product_brand","embeddable":true,"href":"https:\/\/alpine-world.com\/shop\/fr\/wp-json\/wp\/v2\/product_brand?post=73518"},{"taxonomy":"product_cat","embeddable":true,"href":"https:\/\/alpine-world.com\/shop\/fr\/wp-json\/wp\/v2\/product_cat?post=73518"},{"taxonomy":"product_tag","embeddable":true,"href":"https:\/\/alpine-world.com\/shop\/fr\/wp-json\/wp\/v2\/product_tag?post=73518"}],"curies":[{"name":"wp","href":"https:\/\/api.w.org\/{rel}","templated":true}]}}