{"id":73360,"date":"2021-11-23T15:49:53","date_gmt":"2021-11-23T14:49:53","guid":{"rendered":"https:\/\/alpine-world.com\/shop\/prodotto\/ferrino-lys-special\/"},"modified":"2026-04-05T06:11:21","modified_gmt":"2026-04-05T04:11:21","slug":"ferrino-lys-special","status":"publish","type":"product","link":"https:\/\/alpine-world.com\/shop\/fr\/produit\/ferrino-lys-special\/","title":{"rendered":"Ferrino Lys Special"},"content":{"rendered":"<p>Gr\u00e2ce \u00e0 son profil lat\u00e9ral inclin\u00e9, elle assure une accroche totale m\u00eame sur les pentes ou \u00e0 contrepente ; en outre sur la neige fra\u00eeche, la sp\u00e9ciale conformation de l\u2019inclinaison augmente la superficie portante et garantit une flottaison excellente.<\/p>\n","protected":false},"excerpt":{"rendered":"<p>Gr\u00e2ce \u00e0 son profil lat\u00e9ral inclin\u00e9, elle assure une accroche totale m\u00eame sur les pentes ou \u00e0 contrepente ; en outre sur la neige fra\u00eeche, la sp\u00e9ciale conformation de l\u2019inclinaison augmente la superficie portante et garantit une flottaison excellente.<\/p>\n","protected":false},"featured_media":115861,"template":"","meta":{"_acf_changed":false,"_seopress_robots_primary_cat":"","_seopress_titles_title":"","_seopress_titles_desc":"","_seopress_robots_index":"","ep_exclude_from_search":false},"product_brand":[],"product_cat":[1044,962,2061,1026],"product_tag":[2988],"class_list":{"0":"post-73360","1":"product","2":"type-product","3":"status-publish","4":"has-post-thumbnail","6":"product_cat-randonnee","7":"product_cat-materiel","8":"product_cat-raquettes-a-neige","9":"product_cat-soldes","10":"product_tag-randonnee","11":"pa_colore-bleu","12":"pa_colore-gris","13":"pa_colore-jaune","14":"yith_product_brand-ferrino-fr","16":"first","17":"outofstock","18":"taxable","19":"shipping-taxable","20":"product-type-variable"},"acf":[],"_links":{"self":[{"href":"https:\/\/alpine-world.com\/shop\/fr\/wp-json\/wp\/v2\/product\/73360","targetHints":{"allow":["GET"]}}],"collection":[{"href":"https:\/\/alpine-world.com\/shop\/fr\/wp-json\/wp\/v2\/product"}],"about":[{"href":"https:\/\/alpine-world.com\/shop\/fr\/wp-json\/wp\/v2\/types\/product"}],"wp:featuredmedia":[{"embeddable":true,"href":"https:\/\/alpine-world.com\/shop\/fr\/wp-json\/wp\/v2\/media\/115861"}],"wp:attachment":[{"href":"https:\/\/alpine-world.com\/shop\/fr\/wp-json\/wp\/v2\/media?parent=73360"}],"wp:term":[{"taxonomy":"product_brand","embeddable":true,"href":"https:\/\/alpine-world.com\/shop\/fr\/wp-json\/wp\/v2\/product_brand?post=73360"},{"taxonomy":"product_cat","embeddable":true,"href":"https:\/\/alpine-world.com\/shop\/fr\/wp-json\/wp\/v2\/product_cat?post=73360"},{"taxonomy":"product_tag","embeddable":true,"href":"https:\/\/alpine-world.com\/shop\/fr\/wp-json\/wp\/v2\/product_tag?post=73360"}],"curies":[{"name":"wp","href":"https:\/\/api.w.org\/{rel}","templated":true}]}}