{"id":73292,"date":"2021-11-22T18:28:17","date_gmt":"2021-11-22T17:28:17","guid":{"rendered":"https:\/\/alpine-world.com\/shop\/prodotto\/camp-g-air\/"},"modified":"2026-04-04T06:11:21","modified_gmt":"2026-04-04T04:11:21","slug":"camp-g-air","status":"publish","type":"product","link":"https:\/\/alpine-world.com\/shop\/fr\/produit\/camp-g-air\/","title":{"rendered":"Camp G Air"},"content":{"rendered":"<p>Un champion de polyvalence, un gant l\u00e9ger id\u00e9al lorsque le froid n\u2019est pas excessif. Le confort de la main, dans ces situations, est garanti par le dos coupe-vent, par le rembourrage en PrimaLoft\u00ae et par la paume respirante. Le G Air se distingue par sa construction ajust\u00e9e, qui assure une sensibilit\u00e9 exceptionnelle et la possibilit\u00e9 d'effectuer des op\u00e9rations de pr\u00e9cision sans l'enlever. Les empreintes en silicone sur la paume et les doigts garantissent une prise tr\u00e8s ferme sur les b\u00e2tons et les piolets, ce qui en fait le produit id\u00e9al pour les randonn\u00e9es aussi bien que pour la cascade de glace, o\u00f9 il est pr\u00e9f\u00e9rable de l\u2019utiliser en grimpant pour le remplacer par un gant plus chaud en arr\u00eat au relais. Pour les skieurs-alpinistes, cependant, le G Air est une option valide en mont\u00e9e, en gardant \u00e0 l\u2019esprit que, sauf si les athl\u00e8tes ont tr\u00e8s chauds ou que les conditions ne sont pas trop froides, il est toujours n\u00e9cessaire d\u2019avoir une paire de gants plus protectrice pour la descente.<\/p>\n<p>&nbsp;<\/p>\n<p>\u2022 Gant l\u00e9ger et polyvalent, id\u00e9al pour de nombreuses activit\u00e9s<br \/>\n\u2022 Dessus coupe-vent avec rembourrage en PrimaLoft\u00ae 60 g\/m\u00b2<br \/>\n\u2022 Paume extr\u00eamement respirante avec rembourrage PrimaLoft\u00ae 60 g\/m\u00b2<br \/>\n\u2022 Silicone imprim\u00e9 sur la paume et les doigts pour une adh\u00e9rence exceptionnelle<br \/>\n\u2022 Construction adh\u00e9rente qui garantit une sensibilit\u00e9 maximale<br \/>\n\u2022 Pouce et index Touch screen<\/p>\n","protected":false},"excerpt":{"rendered":"<p>Un champion de polyvalence, un gant l\u00e9ger id\u00e9al lorsque le froid n\u2019est pas excessif. Le confort de la main, dans ces situations, est garanti par le dos coupe-vent, par le rembourrage en PrimaLoft\u00ae et par la paume respirante. Le G Air se distingue par sa construction ajust\u00e9e, qui assure une sensibilit\u00e9 exceptionnelle et la possibilit\u00e9 [&hellip;]<\/p>\n","protected":false},"featured_media":106684,"template":"","meta":{"_acf_changed":false,"_seopress_robots_primary_cat":"","_seopress_titles_title":"","_seopress_titles_desc":"","_seopress_robots_index":"","ep_exclude_from_search":false},"product_brand":[],"product_cat":[1041,1042,1039,1044,924,1988,1989,1986,1987],"product_tag":[2983,2988,2998,2986],"class_list":{"0":"post-73292","1":"product","2":"type-product","3":"status-publish","4":"has-post-thumbnail","6":"product_cat-alpinisme","7":"product_cat-ski-alpinisme","8":"product_cat-free-time-fr","9":"product_cat-randonnee","10":"product_cat-vetements","11":"product_cat-femme","12":"product_cat-gants-femme-vetements","13":"product_cat-homme-vetements","14":"product_cat-gants-homme-vetements","15":"product_tag-alpinisme","16":"product_tag-randonnee","17":"product_tag-ski-alpinisme","18":"product_tag-temps-libre","19":"pa_colore-noir","20":"pa_taglia-xs-fr","21":"pa_taglia-s-fr","22":"pa_taglia-m-fr","23":"pa_taglia-l-fr","24":"pa_taglia-xl-fr","25":"pa_taglia-xxl-fr","26":"yith_product_brand-camp-fr","28":"first","29":"instock","30":"sale","31":"taxable","32":"shipping-taxable","33":"purchasable","34":"product-type-variable"},"acf":[],"_links":{"self":[{"href":"https:\/\/alpine-world.com\/shop\/fr\/wp-json\/wp\/v2\/product\/73292","targetHints":{"allow":["GET"]}}],"collection":[{"href":"https:\/\/alpine-world.com\/shop\/fr\/wp-json\/wp\/v2\/product"}],"about":[{"href":"https:\/\/alpine-world.com\/shop\/fr\/wp-json\/wp\/v2\/types\/product"}],"wp:featuredmedia":[{"embeddable":true,"href":"https:\/\/alpine-world.com\/shop\/fr\/wp-json\/wp\/v2\/media\/106684"}],"wp:attachment":[{"href":"https:\/\/alpine-world.com\/shop\/fr\/wp-json\/wp\/v2\/media?parent=73292"}],"wp:term":[{"taxonomy":"product_brand","embeddable":true,"href":"https:\/\/alpine-world.com\/shop\/fr\/wp-json\/wp\/v2\/product_brand?post=73292"},{"taxonomy":"product_cat","embeddable":true,"href":"https:\/\/alpine-world.com\/shop\/fr\/wp-json\/wp\/v2\/product_cat?post=73292"},{"taxonomy":"product_tag","embeddable":true,"href":"https:\/\/alpine-world.com\/shop\/fr\/wp-json\/wp\/v2\/product_tag?post=73292"}],"curies":[{"name":"wp","href":"https:\/\/api.w.org\/{rel}","templated":true}]}}