{"id":73041,"date":"2021-11-01T15:21:30","date_gmt":"2021-11-01T14:21:30","guid":{"rendered":"https:\/\/alpine-world.com\/shop\/prodotto\/petzl-nomic\/"},"modified":"2022-04-21T10:00:17","modified_gmt":"2022-04-21T08:00:17","slug":"petzl-nomic","status":"publish","type":"product","link":"https:\/\/alpine-world.com\/shop\/fr\/produit\/petzl-nomic\/","title":{"rendered":"Petzl Nomic"},"content":{"rendered":"<h1 class=\"productTitle\">PETZL NOMIC<\/h1>\n<p class=\"productSubtitle\">Piolet d\u2019escalade sur glace<\/p>\n<div class=\"productCaracteristiquesPosition inlineblock\">\n<p class=\"productCaracteristiques inlineblock\">Le piolet PETZL NOMIC est la r\u00e9f\u00e9rence pour l'escalade sur glace. Parfaitement \u00e9quilibr\u00e9 et \u00e9quip\u00e9 de masselottes, il procure un swing exceptionnel. Sa lame PUR'ICE permet des ancrages efficaces dans toutes les glaces. Sa g\u00e9om\u00e9trie et sa double poign\u00e9e offrent plusieurs modes de pr\u00e9hension, ainsi que des changements de main stables. La prise en main est confortable, gr\u00e2ce \u00e0 l'ergonomie de la poign\u00e9e et \u00e0 la cale d'appui r\u00e9glable GRIPREST. Dot\u00e9 d'un marteau minimaliste, la t\u00eate est prot\u00e9g\u00e9e et permet de retaper un piton. Enti\u00e8rement modulable, le piolet peut \u00eatre optimis\u00e9 en fonction de la course.<\/p>\n<\/div>\n","protected":false},"excerpt":{"rendered":"<p>PETZL NOMIC Piolet d\u2019escalade sur glace Le piolet PETZL NOMIC est la r\u00e9f\u00e9rence pour l'escalade sur glace. Parfaitement \u00e9quilibr\u00e9 et \u00e9quip\u00e9 de masselottes, il procure un swing exceptionnel. Sa lame PUR'ICE permet des ancrages efficaces dans toutes les glaces. Sa g\u00e9om\u00e9trie et sa double poign\u00e9e offrent plusieurs modes de pr\u00e9hension, ainsi que des changements de [&hellip;]<\/p>\n","protected":false},"featured_media":51609,"template":"","meta":{"_acf_changed":false,"_seopress_robots_primary_cat":"","_seopress_titles_title":"","_seopress_titles_desc":"","_seopress_robots_index":"","ep_exclude_from_search":false},"product_brand":[],"product_cat":[1041,1040,962,1985],"product_tag":[2983,2997],"class_list":{"0":"post-73041","1":"product","2":"type-product","3":"status-publish","4":"has-post-thumbnail","6":"product_cat-alpinisme","7":"product_cat-cascade-de-glace","8":"product_cat-materiel","9":"product_cat-piolets","10":"product_tag-alpinisme","11":"product_tag-cascade-de-glace","12":"pa_colore-noir","13":"yith_product_brand-petzl-fr","15":"first","16":"outofstock","17":"sale","18":"taxable","19":"shipping-taxable","20":"purchasable","21":"product-type-simple"},"acf":[],"_links":{"self":[{"href":"https:\/\/alpine-world.com\/shop\/fr\/wp-json\/wp\/v2\/product\/73041","targetHints":{"allow":["GET"]}}],"collection":[{"href":"https:\/\/alpine-world.com\/shop\/fr\/wp-json\/wp\/v2\/product"}],"about":[{"href":"https:\/\/alpine-world.com\/shop\/fr\/wp-json\/wp\/v2\/types\/product"}],"wp:featuredmedia":[{"embeddable":true,"href":"https:\/\/alpine-world.com\/shop\/fr\/wp-json\/wp\/v2\/media\/51609"}],"wp:attachment":[{"href":"https:\/\/alpine-world.com\/shop\/fr\/wp-json\/wp\/v2\/media?parent=73041"}],"wp:term":[{"taxonomy":"product_brand","embeddable":true,"href":"https:\/\/alpine-world.com\/shop\/fr\/wp-json\/wp\/v2\/product_brand?post=73041"},{"taxonomy":"product_cat","embeddable":true,"href":"https:\/\/alpine-world.com\/shop\/fr\/wp-json\/wp\/v2\/product_cat?post=73041"},{"taxonomy":"product_tag","embeddable":true,"href":"https:\/\/alpine-world.com\/shop\/fr\/wp-json\/wp\/v2\/product_tag?post=73041"}],"curies":[{"name":"wp","href":"https:\/\/api.w.org\/{rel}","templated":true}]}}