{"id":72964,"date":"2021-10-29T11:19:49","date_gmt":"2021-10-29T09:19:49","guid":{"rendered":"https:\/\/alpine-world.com\/shop\/prodotto\/petzl-spatha\/"},"modified":"2026-04-06T06:11:23","modified_gmt":"2026-04-06T04:11:23","slug":"petzl-spatha","status":"publish","type":"product","link":"https:\/\/alpine-world.com\/shop\/fr\/produit\/petzl-spatha\/","title":{"rendered":"Petzl Spatha"},"content":{"rendered":"<h1 class=\"productTitle\">PETZL SPATHA<\/h1>\n<p class=\"productSubtitle\">Couteau mousquetonnable<\/p>\n<div class=\"productCaracteristiquesPosition inlineblock\">\n<p class=\"productCaracteristiques inlineblock\">Le couteau mousquetonnable SPATHA est con\u00e7u pour accompagner le grimpeur durant chacune de ses sorties. Le profil de la lame permet de couper facilement les cordes et cordelettes. Il dispose d\u2019un trou pour passer un mousqueton afin d\u2019accrocher le couteau au harnais. Facile \u00e0 manipuler, y compris avec des gants gr\u00e2ce \u00e0 sa molette crant\u00e9e, il poss\u00e8de \u00e9galement un cran d\u2019arr\u00eat pour bloquer la lame en position ouverte.<\/p>\n<\/div>\n","protected":false},"excerpt":{"rendered":"<p>PETZL SPATHA Couteau mousquetonnable Le couteau mousquetonnable SPATHA est con\u00e7u pour accompagner le grimpeur durant chacune de ses sorties. Le profil de la lame permet de couper facilement les cordes et cordelettes. Il dispose d\u2019un trou pour passer un mousqueton afin d\u2019accrocher le couteau au harnais. Facile \u00e0 manipuler, y compris avec des gants gr\u00e2ce [&hellip;]<\/p>\n","protected":false},"featured_media":51436,"template":"","meta":{"_acf_changed":false,"_seopress_robots_primary_cat":"","_seopress_titles_title":"","_seopress_titles_desc":"","_seopress_robots_index":"","ep_exclude_from_search":false},"product_brand":[],"product_cat":[1041,1028,1040,962,1972],"product_tag":[2983,2997,2984],"class_list":{"0":"post-72964","1":"product","2":"type-product","3":"status-publish","4":"has-post-thumbnail","6":"product_cat-alpinisme","7":"product_cat-escalade","8":"product_cat-cascade-de-glace","9":"product_cat-materiel","10":"product_cat-accessoires-materiel","11":"product_tag-alpinisme","12":"product_tag-cascade-de-glace","13":"product_tag-escalade","14":"pa_colore-jaune","15":"yith_product_brand-petzl-fr","17":"first","18":"outofstock","19":"taxable","20":"shipping-taxable","21":"product-type-variable"},"acf":[],"_links":{"self":[{"href":"https:\/\/alpine-world.com\/shop\/fr\/wp-json\/wp\/v2\/product\/72964","targetHints":{"allow":["GET"]}}],"collection":[{"href":"https:\/\/alpine-world.com\/shop\/fr\/wp-json\/wp\/v2\/product"}],"about":[{"href":"https:\/\/alpine-world.com\/shop\/fr\/wp-json\/wp\/v2\/types\/product"}],"wp:featuredmedia":[{"embeddable":true,"href":"https:\/\/alpine-world.com\/shop\/fr\/wp-json\/wp\/v2\/media\/51436"}],"wp:attachment":[{"href":"https:\/\/alpine-world.com\/shop\/fr\/wp-json\/wp\/v2\/media?parent=72964"}],"wp:term":[{"taxonomy":"product_brand","embeddable":true,"href":"https:\/\/alpine-world.com\/shop\/fr\/wp-json\/wp\/v2\/product_brand?post=72964"},{"taxonomy":"product_cat","embeddable":true,"href":"https:\/\/alpine-world.com\/shop\/fr\/wp-json\/wp\/v2\/product_cat?post=72964"},{"taxonomy":"product_tag","embeddable":true,"href":"https:\/\/alpine-world.com\/shop\/fr\/wp-json\/wp\/v2\/product_tag?post=72964"}],"curies":[{"name":"wp","href":"https:\/\/api.w.org\/{rel}","templated":true}]}}