{"id":72896,"date":"2021-10-29T13:59:24","date_gmt":"2021-10-29T11:59:24","guid":{"rendered":"https:\/\/alpine-world.com\/shop\/prodotto\/petzl-purice\/"},"modified":"2022-04-21T09:58:50","modified_gmt":"2022-04-21T07:58:50","slug":"petzl-purice","status":"publish","type":"product","link":"https:\/\/alpine-world.com\/shop\/fr\/produit\/petzl-purice\/","title":{"rendered":"Petzl Pur'Ice"},"content":{"rendered":"<h1 class=\"productTitle\">PETZL PUR'ICE<\/h1>\n<p class=\"productSubtitle\">Lame sp\u00e9cifiquement con\u00e7ue pour la glace, destin\u00e9e aux piolets avec t\u00eate modulable<\/p>\n<div class=\"productCaracteristiquesPosition inlineblock\">\n<p class=\"productCaracteristiques inlineblock\">Destin\u00e9e aux piolets avec t\u00eate modulable, la lame PUR'ICE est sp\u00e9cifiquement con\u00e7ue pour la pratique de l'escalade sur glace. Elle offre une excellente p\u00e9n\u00e9tration dans la glace et une grande facilit\u00e9 de d\u00e9sancrage. Crant\u00e9e sur la partie sup\u00e9rieure, la lame procure un appui stable lorsque le piolet est retourn\u00e9.<\/p>\n<\/div>\n","protected":false},"excerpt":{"rendered":"<p>PETZL PUR'ICE Lame sp\u00e9cifiquement con\u00e7ue pour la glace, destin\u00e9e aux piolets avec t\u00eate modulable Destin\u00e9e aux piolets avec t\u00eate modulable, la lame PUR'ICE est sp\u00e9cifiquement con\u00e7ue pour la pratique de l'escalade sur glace. Elle offre une excellente p\u00e9n\u00e9tration dans la glace et une grande facilit\u00e9 de d\u00e9sancrage. Crant\u00e9e sur la partie sup\u00e9rieure, la lame procure [&hellip;]<\/p>\n","protected":false},"featured_media":51524,"template":"","meta":{"_acf_changed":false,"_seopress_robots_primary_cat":"","_seopress_titles_title":"","_seopress_titles_desc":"","_seopress_robots_index":"","ep_exclude_from_search":false},"product_brand":[],"product_cat":[1041,1040,962,1985],"product_tag":[2983,2997],"class_list":{"0":"post-72896","1":"product","2":"type-product","3":"status-publish","4":"has-post-thumbnail","6":"product_cat-alpinisme","7":"product_cat-cascade-de-glace","8":"product_cat-materiel","9":"product_cat-piolets","10":"product_tag-alpinisme","11":"product_tag-cascade-de-glace","12":"yith_product_brand-petzl-fr","14":"first","15":"outofstock","16":"sale","17":"taxable","18":"shipping-taxable","19":"purchasable","20":"product-type-simple"},"acf":[],"_links":{"self":[{"href":"https:\/\/alpine-world.com\/shop\/fr\/wp-json\/wp\/v2\/product\/72896","targetHints":{"allow":["GET"]}}],"collection":[{"href":"https:\/\/alpine-world.com\/shop\/fr\/wp-json\/wp\/v2\/product"}],"about":[{"href":"https:\/\/alpine-world.com\/shop\/fr\/wp-json\/wp\/v2\/types\/product"}],"wp:featuredmedia":[{"embeddable":true,"href":"https:\/\/alpine-world.com\/shop\/fr\/wp-json\/wp\/v2\/media\/51524"}],"wp:attachment":[{"href":"https:\/\/alpine-world.com\/shop\/fr\/wp-json\/wp\/v2\/media?parent=72896"}],"wp:term":[{"taxonomy":"product_brand","embeddable":true,"href":"https:\/\/alpine-world.com\/shop\/fr\/wp-json\/wp\/v2\/product_brand?post=72896"},{"taxonomy":"product_cat","embeddable":true,"href":"https:\/\/alpine-world.com\/shop\/fr\/wp-json\/wp\/v2\/product_cat?post=72896"},{"taxonomy":"product_tag","embeddable":true,"href":"https:\/\/alpine-world.com\/shop\/fr\/wp-json\/wp\/v2\/product_tag?post=72896"}],"curies":[{"name":"wp","href":"https:\/\/api.w.org\/{rel}","templated":true}]}}