{"id":72476,"date":"2021-10-11T12:22:27","date_gmt":"2021-10-11T10:22:27","guid":{"rendered":"https:\/\/alpine-world.com\/shop\/prodotto\/julbo-aerospace-otg-reactiv-high-contrast-1-3\/"},"modified":"2026-05-08T06:11:18","modified_gmt":"2026-05-08T04:11:18","slug":"julbo-aerospace-otg-reactiv-high-contrast-1-3","status":"publish","type":"product","link":"https:\/\/alpine-world.com\/shop\/fr\/produit\/julbo-aerospace-otg-reactiv-high-contrast-1-3\/","title":{"rendered":"Julbo Aerospace OTG Reactiv High Contrast 1-3"},"content":{"rendered":"<p>Comme AEROSPACE, cette version OTG offre aussi le Superflow System qui optimise la ventilation et \u00e9vite la bu\u00e9e en d\u00e9portant l'\u00e9cran. Avec ce masque, la vision est aussi large que pr\u00e9cise gr\u00e2ce \u00e0 la monture Minimalist Frame et aux excellents \u00e9crans photochromiques REACTIV. Le confort d'usage est maximis\u00e9 avec la mousse appui-visage thermoform\u00e9e qui facilite le passage des branches des lunettes optiques et l'\u00e9lastique \u00e9quip\u00e9 d'une boucle easy-clip pour accrocher le masque.<\/p>\n","protected":false},"excerpt":{"rendered":"<p>Comme AEROSPACE, cette version OTG offre aussi le Superflow System qui optimise la ventilation et \u00e9vite la bu\u00e9e en d\u00e9portant l'\u00e9cran. Avec ce masque, la vision est aussi large que pr\u00e9cise gr\u00e2ce \u00e0 la monture Minimalist Frame et aux excellents \u00e9crans photochromiques REACTIV. Le confort d'usage est maximis\u00e9 avec la mousse appui-visage thermoform\u00e9e qui facilite [&hellip;]<\/p>\n","protected":false},"featured_media":50895,"template":"","meta":{"_acf_changed":false,"_seopress_robots_primary_cat":"","_seopress_titles_title":"","_seopress_titles_desc":"","_seopress_robots_index":"","ep_exclude_from_search":false},"product_brand":[],"product_cat":[1029,1022,962,1042],"product_tag":[2985,2998],"class_list":{"0":"post-72476","1":"product","2":"type-product","3":"status-publish","4":"has-post-thumbnail","6":"product_cat-freeride-fr","7":"product_cat-lunettes-et-masques","8":"product_cat-materiel","9":"product_cat-ski-alpinisme","10":"product_tag-freeride-fr","11":"product_tag-ski-alpinisme","12":"pa_categoria-masques","13":"pa_colore-noir","14":"pa_genere-homme","15":"yith_product_brand-julbo-fr","17":"first","18":"outofstock","19":"taxable","20":"shipping-taxable","21":"product-type-variable"},"acf":[],"_links":{"self":[{"href":"https:\/\/alpine-world.com\/shop\/fr\/wp-json\/wp\/v2\/product\/72476","targetHints":{"allow":["GET"]}}],"collection":[{"href":"https:\/\/alpine-world.com\/shop\/fr\/wp-json\/wp\/v2\/product"}],"about":[{"href":"https:\/\/alpine-world.com\/shop\/fr\/wp-json\/wp\/v2\/types\/product"}],"wp:featuredmedia":[{"embeddable":true,"href":"https:\/\/alpine-world.com\/shop\/fr\/wp-json\/wp\/v2\/media\/50895"}],"wp:attachment":[{"href":"https:\/\/alpine-world.com\/shop\/fr\/wp-json\/wp\/v2\/media?parent=72476"}],"wp:term":[{"taxonomy":"product_brand","embeddable":true,"href":"https:\/\/alpine-world.com\/shop\/fr\/wp-json\/wp\/v2\/product_brand?post=72476"},{"taxonomy":"product_cat","embeddable":true,"href":"https:\/\/alpine-world.com\/shop\/fr\/wp-json\/wp\/v2\/product_cat?post=72476"},{"taxonomy":"product_tag","embeddable":true,"href":"https:\/\/alpine-world.com\/shop\/fr\/wp-json\/wp\/v2\/product_tag?post=72476"}],"curies":[{"name":"wp","href":"https:\/\/api.w.org\/{rel}","templated":true}]}}