{"id":71471,"date":"2021-05-09T15:56:55","date_gmt":"2021-05-09T13:56:55","guid":{"rendered":"https:\/\/alpine-world.com\/shop\/prodotto\/seatosummit-aeros-ultra-light-traveller-pillow\/"},"modified":"2026-04-04T06:11:23","modified_gmt":"2026-04-04T04:11:23","slug":"seatosummit-aeros-ultra-light-traveller-pillow","status":"publish","type":"product","link":"https:\/\/alpine-world.com\/shop\/fr\/produit\/seatosummit-aeros-ultra-light-traveller-pillow\/","title":{"rendered":"SeaToSummit Aeros Ultra Light Traveller Pillow"},"content":{"rendered":"<p>Les oreillers SeaToSummit Aeros Ultra Light Traveller Pillow comprennent une fermeture au cou ajustable pour soutenir toute la circonf\u00e9rence de votre cou, offrant ainsi un sommeil plus confortable. La fermeture est en tissu maill\u00e9 20D soud\u00e9 qui offre une \u00e9lasticit\u00e9 et une douceur sans bord de reliures encombrantes. Trois boutons pression sont fix\u00e9s sur le tissu, ce qui permet de choisir deux longueurs. La fermeture de l\u2019oreiller Aeros\u2122 Ultralight Traveller s\u2019effectue directement \u00e0 partir de la soudure.<\/p>\n","protected":false},"excerpt":{"rendered":"<p>Les oreillers SeaToSummit Aeros Ultra Light Traveller Pillow comprennent une fermeture au cou ajustable pour soutenir toute la circonf\u00e9rence de votre cou, offrant ainsi un sommeil plus confortable. La fermeture est en tissu maill\u00e9 20D soud\u00e9 qui offre une \u00e9lasticit\u00e9 et une douceur sans bord de reliures encombrantes. Trois boutons pression sont fix\u00e9s sur le [&hellip;]<\/p>\n","protected":false},"featured_media":49764,"template":"","meta":{"_acf_changed":false,"_seopress_robots_primary_cat":"","_seopress_titles_title":"%%title%% %%sep%% Oreiller pour le voyage","_seopress_titles_desc":"Les oreillers SeaToSummit Aeros Ultra Light Traveller Pillow comprennent une fermeture au cou ajustable pour soutenir toute la circonf\u00e9rence de votre cou.","_seopress_robots_index":"","ep_exclude_from_search":false},"product_brand":[],"product_cat":[2915,962,1998,1026],"product_tag":[2996],"class_list":{"0":"post-71471","1":"product","2":"type-product","3":"status-publish","4":"has-post-thumbnail","6":"product_cat-camping-et-bivouac-fr","7":"product_cat-materiel","8":"product_cat-matelas-et-sacs-de-couchage","9":"product_cat-soldes","10":"product_tag-camping-et-bivouac","11":"pa_colore-gris","12":"yith_product_brand-seatosummit-fr","14":"first","15":"instock","16":"sale","17":"taxable","18":"shipping-taxable","19":"purchasable","20":"product-type-variable"},"acf":[],"_links":{"self":[{"href":"https:\/\/alpine-world.com\/shop\/fr\/wp-json\/wp\/v2\/product\/71471","targetHints":{"allow":["GET"]}}],"collection":[{"href":"https:\/\/alpine-world.com\/shop\/fr\/wp-json\/wp\/v2\/product"}],"about":[{"href":"https:\/\/alpine-world.com\/shop\/fr\/wp-json\/wp\/v2\/types\/product"}],"wp:featuredmedia":[{"embeddable":true,"href":"https:\/\/alpine-world.com\/shop\/fr\/wp-json\/wp\/v2\/media\/49764"}],"wp:attachment":[{"href":"https:\/\/alpine-world.com\/shop\/fr\/wp-json\/wp\/v2\/media?parent=71471"}],"wp:term":[{"taxonomy":"product_brand","embeddable":true,"href":"https:\/\/alpine-world.com\/shop\/fr\/wp-json\/wp\/v2\/product_brand?post=71471"},{"taxonomy":"product_cat","embeddable":true,"href":"https:\/\/alpine-world.com\/shop\/fr\/wp-json\/wp\/v2\/product_cat?post=71471"},{"taxonomy":"product_tag","embeddable":true,"href":"https:\/\/alpine-world.com\/shop\/fr\/wp-json\/wp\/v2\/product_tag?post=71471"}],"curies":[{"name":"wp","href":"https:\/\/api.w.org\/{rel}","templated":true}]}}