{"id":71342,"date":"2021-05-01T16:10:43","date_gmt":"2021-05-01T14:10:43","guid":{"rendered":"https:\/\/alpine-world.com\/shop\/prodotto\/red-chili-jamrock\/"},"modified":"2026-04-04T06:11:23","modified_gmt":"2026-04-04T04:11:23","slug":"red-chili-jamrock","status":"publish","type":"product","link":"https:\/\/alpine-world.com\/shop\/fr\/produit\/red-chili-jamrock\/","title":{"rendered":"Red Chili Jamrock"},"content":{"rendered":"<p>Les gants Red Chili Jamrock ont \u00e9t\u00e9 sp\u00e9cialement con\u00e7us pour l'escalade de fissures. Le caoutchouc RX-1 ALLROUND (1 mm) \u00e9prouv\u00e9 \u00e0 l'ext\u00e9rieur offre une adh\u00e9rence suppl\u00e9mentaire tout en prot\u00e9geant le dos des mains contre les blessures lors de leur coincement dans les fissures. La doublure int\u00e9rieure est en microfibre durable recouverte d'une impression en silicone pour optimiser l'adh\u00e9rence entre les gants et le dos des mains.<\/p>\n","protected":false},"excerpt":{"rendered":"<p>Les gants Red Chili Jamrock ont \u00e9t\u00e9 sp\u00e9cialement con\u00e7us pour l'escalade de fissures. Le caoutchouc RX-1 ALLROUND (1 mm) \u00e9prouv\u00e9 \u00e0 l'ext\u00e9rieur offre une adh\u00e9rence suppl\u00e9mentaire tout en prot\u00e9geant le dos des mains contre les blessures lors de leur coincement dans les fissures. La doublure int\u00e9rieure est en microfibre durable recouverte d'une impression en silicone [&hellip;]<\/p>\n","protected":false},"featured_media":49613,"template":"","meta":{"_acf_changed":false,"_seopress_robots_primary_cat":"","_seopress_titles_title":"%%title%% %%sep%% Gants pour l'escalade en fissure","_seopress_titles_desc":"Les gants Red Chili Jamrock ont \u00e9t\u00e9 sp\u00e9cialement con\u00e7us pour l'escalade de fissures. Le caoutchouc \u00e0 l'ext\u00e9rieur offre une adh\u00e9rence suppl\u00e9mentaire,","_seopress_robots_index":"","ep_exclude_from_search":false},"product_brand":[],"product_cat":[1028,962,1972],"product_tag":[2984],"class_list":{"0":"post-71342","1":"product","2":"type-product","3":"status-publish","4":"has-post-thumbnail","6":"product_cat-escalade","7":"product_cat-materiel","8":"product_cat-accessoires-materiel","9":"product_tag-escalade","10":"pa_taglia-xs-fr","11":"pa_taglia-s-fr","12":"pa_taglia-m-fr","13":"pa_taglia-l-fr","14":"pa_taglia-xl-fr","15":"yith_product_brand-red-chili-fr","17":"first","18":"instock","19":"sale","20":"taxable","21":"shipping-taxable","22":"purchasable","23":"product-type-variable"},"acf":[],"_links":{"self":[{"href":"https:\/\/alpine-world.com\/shop\/fr\/wp-json\/wp\/v2\/product\/71342","targetHints":{"allow":["GET"]}}],"collection":[{"href":"https:\/\/alpine-world.com\/shop\/fr\/wp-json\/wp\/v2\/product"}],"about":[{"href":"https:\/\/alpine-world.com\/shop\/fr\/wp-json\/wp\/v2\/types\/product"}],"wp:featuredmedia":[{"embeddable":true,"href":"https:\/\/alpine-world.com\/shop\/fr\/wp-json\/wp\/v2\/media\/49613"}],"wp:attachment":[{"href":"https:\/\/alpine-world.com\/shop\/fr\/wp-json\/wp\/v2\/media?parent=71342"}],"wp:term":[{"taxonomy":"product_brand","embeddable":true,"href":"https:\/\/alpine-world.com\/shop\/fr\/wp-json\/wp\/v2\/product_brand?post=71342"},{"taxonomy":"product_cat","embeddable":true,"href":"https:\/\/alpine-world.com\/shop\/fr\/wp-json\/wp\/v2\/product_cat?post=71342"},{"taxonomy":"product_tag","embeddable":true,"href":"https:\/\/alpine-world.com\/shop\/fr\/wp-json\/wp\/v2\/product_tag?post=71342"}],"curies":[{"name":"wp","href":"https:\/\/api.w.org\/{rel}","templated":true}]}}