{"id":71333,"date":"2021-05-01T15:44:40","date_gmt":"2021-05-01T13:44:40","guid":{"rendered":"https:\/\/alpine-world.com\/shop\/prodotto\/edelrid-prisma-guide\/"},"modified":"2026-04-03T06:11:23","modified_gmt":"2026-04-03T04:11:23","slug":"edelrid-prisma-guide","status":"publish","type":"product","link":"https:\/\/alpine-world.com\/shop\/fr\/produit\/edelrid-prisma-guide\/","title":{"rendered":"Edelrid Prisma Guide"},"content":{"rendered":"<p>Le Edelrid Prisma Guide est id\u00e9al pour les missions alpines et le ski-alpinisme \u2013 super l\u00e9ger, compact mais incroyablement confortable. Les fines sangles porte-mat\u00e9riel sont gain\u00e9es et restent en forme sans \u00eatre trop volumineuses, tandis que d\u2019autres sangles porte-mat\u00e9riel et fixations pour porte-broches \u00e0 glace offrent un large \u00e9ventail de possibilit\u00e9s pour l\u2019organisation du mat\u00e9riel. La sangle d\u2019encordement innovante est nettement plus l\u00e9g\u00e8re et flexible gr\u00e2ce \u00e0 son association de mati\u00e8res : int\u00e9rieur en Dyneema\u00ae et ext\u00e9rieur en polyamide.<\/p>\n","protected":false},"excerpt":{"rendered":"<p>Le Edelrid Prisma Guide est id\u00e9al pour les missions alpines et le ski-alpinisme \u2013 super l\u00e9ger, compact mais incroyablement confortable. Les fines sangles porte-mat\u00e9riel sont gain\u00e9es et restent en forme sans \u00eatre trop volumineuses, tandis que d\u2019autres sangles porte-mat\u00e9riel et fixations pour porte-broches \u00e0 glace offrent un large \u00e9ventail de possibilit\u00e9s pour l\u2019organisation du mat\u00e9riel. [&hellip;]<\/p>\n","protected":false},"featured_media":49602,"template":"","meta":{"_acf_changed":false,"_seopress_robots_primary_cat":"","_seopress_titles_title":"%%title%% %%sep%% Baudrier l\u00e9ger pour alpinisme et haute montagne","_seopress_titles_desc":"Le Edelrid Prisma Guide est id\u00e9al pour les missions alpines et le ski-alpinisme \u2013 super l\u00e9ger, compact mais incroyablement confortable.","_seopress_robots_index":"","ep_exclude_from_search":false},"product_brand":[],"product_cat":[1041,962,985],"product_tag":[2983],"class_list":{"0":"post-71333","1":"product","2":"type-product","3":"status-publish","4":"has-post-thumbnail","6":"product_cat-alpinisme","7":"product_cat-materiel","8":"product_cat-harnais","9":"product_tag-alpinisme","10":"pa_colore-gris","11":"pa_genere-femme","12":"pa_genere-homme","13":"pa_genere-unisex-fr","14":"pa_taglia-s-fr","15":"pa_taglia-m-fr","16":"pa_taglia-l-fr","17":"yith_product_brand-edelrid-fr","19":"first","20":"outofstock","21":"taxable","22":"shipping-taxable","23":"product-type-variable"},"acf":[],"_links":{"self":[{"href":"https:\/\/alpine-world.com\/shop\/fr\/wp-json\/wp\/v2\/product\/71333","targetHints":{"allow":["GET"]}}],"collection":[{"href":"https:\/\/alpine-world.com\/shop\/fr\/wp-json\/wp\/v2\/product"}],"about":[{"href":"https:\/\/alpine-world.com\/shop\/fr\/wp-json\/wp\/v2\/types\/product"}],"wp:featuredmedia":[{"embeddable":true,"href":"https:\/\/alpine-world.com\/shop\/fr\/wp-json\/wp\/v2\/media\/49602"}],"wp:attachment":[{"href":"https:\/\/alpine-world.com\/shop\/fr\/wp-json\/wp\/v2\/media?parent=71333"}],"wp:term":[{"taxonomy":"product_brand","embeddable":true,"href":"https:\/\/alpine-world.com\/shop\/fr\/wp-json\/wp\/v2\/product_brand?post=71333"},{"taxonomy":"product_cat","embeddable":true,"href":"https:\/\/alpine-world.com\/shop\/fr\/wp-json\/wp\/v2\/product_cat?post=71333"},{"taxonomy":"product_tag","embeddable":true,"href":"https:\/\/alpine-world.com\/shop\/fr\/wp-json\/wp\/v2\/product_tag?post=71333"}],"curies":[{"name":"wp","href":"https:\/\/api.w.org\/{rel}","templated":true}]}}