{"id":71095,"date":"2021-04-16T14:51:15","date_gmt":"2021-04-16T12:51:15","guid":{"rendered":"https:\/\/alpine-world.com\/shop\/prodotto\/julbo-aerolite-spectron-3\/"},"modified":"2022-04-21T09:43:03","modified_gmt":"2022-04-21T07:43:03","slug":"julbo-aerolite-spectron-3","status":"publish","type":"product","link":"https:\/\/alpine-world.com\/shop\/fr\/produit\/julbo-aerolite-spectron-3\/","title":{"rendered":"Julbo Aerolite Spectron 3"},"content":{"rendered":"<p>Les Julbo Aerolite Spectron 3 sont des lunettes poids plume sp\u00e9cifiquement con\u00e7ues pour les femmes et les coureurs \u00e0 petits visages, les AEROLITE sont directement d\u00e9clin\u00e9es du mod\u00e8le AERO, r\u00e9f\u00e9rence chez les trailers. Elles offrent les m\u00eames qualit\u00e9s de tenue et d'a\u00e9ration avec un \u00e9cran sans monture qui donne encore plus de l\u00e9g\u00e8ret\u00e9, une \u00e9norme impression de libert\u00e9. Avec les \u00e9crans REACTIV photochromic, les AEROLITE sont taill\u00e9es pour aller loin dans toutes les conditions.<\/p>\n","protected":false},"excerpt":{"rendered":"<p>Les Julbo Aerolite Spectron 3 sont des lunettes poids plume sp\u00e9cifiquement con\u00e7ues pour les femmes et les coureurs \u00e0 petits visages, les AEROLITE sont directement d\u00e9clin\u00e9es du mod\u00e8le AERO, r\u00e9f\u00e9rence chez les trailers. Elles offrent les m\u00eames qualit\u00e9s de tenue et d'a\u00e9ration avec un \u00e9cran sans monture qui donne encore plus de l\u00e9g\u00e8ret\u00e9, une \u00e9norme [&hellip;]<\/p>\n","protected":false},"featured_media":99636,"template":"","meta":{"_acf_changed":false,"_seopress_robots_primary_cat":"","_seopress_titles_title":"%%title%% %%sep%% Lunettes pour randonn\u00e9e et trail running","_seopress_titles_desc":"Les Julbo Aerolite Spectron 3 sont des lunettes poids plume sp\u00e9cifiquement con\u00e7ues pour les femmes et les coureurs \u00e0 petits visages.","_seopress_robots_index":"","ep_exclude_from_search":false},"product_brand":[],"product_cat":[1042,1043,1044,962,1022],"product_tag":[2988,2998,2987],"class_list":{"0":"post-71095","1":"product","2":"type-product","3":"status-publish","4":"has-post-thumbnail","6":"product_cat-ski-alpinisme","7":"product_cat-trail-running-fr","8":"product_cat-randonnee","9":"product_cat-materiel","10":"product_cat-lunettes-et-masques","11":"product_tag-randonnee","12":"product_tag-ski-alpinisme","13":"product_tag-trail-running-fr","14":"pa_categoria-lunettes-de-soleil","15":"pa_colore-gris-bleu","16":"pa_genere-femme","17":"yith_product_brand-julbo-fr","19":"first","20":"outofstock","21":"sale","22":"taxable","23":"shipping-taxable","24":"purchasable","25":"product-type-simple"},"acf":[],"_links":{"self":[{"href":"https:\/\/alpine-world.com\/shop\/fr\/wp-json\/wp\/v2\/product\/71095","targetHints":{"allow":["GET"]}}],"collection":[{"href":"https:\/\/alpine-world.com\/shop\/fr\/wp-json\/wp\/v2\/product"}],"about":[{"href":"https:\/\/alpine-world.com\/shop\/fr\/wp-json\/wp\/v2\/types\/product"}],"wp:featuredmedia":[{"embeddable":true,"href":"https:\/\/alpine-world.com\/shop\/fr\/wp-json\/wp\/v2\/media\/99636"}],"wp:attachment":[{"href":"https:\/\/alpine-world.com\/shop\/fr\/wp-json\/wp\/v2\/media?parent=71095"}],"wp:term":[{"taxonomy":"product_brand","embeddable":true,"href":"https:\/\/alpine-world.com\/shop\/fr\/wp-json\/wp\/v2\/product_brand?post=71095"},{"taxonomy":"product_cat","embeddable":true,"href":"https:\/\/alpine-world.com\/shop\/fr\/wp-json\/wp\/v2\/product_cat?post=71095"},{"taxonomy":"product_tag","embeddable":true,"href":"https:\/\/alpine-world.com\/shop\/fr\/wp-json\/wp\/v2\/product_tag?post=71095"}],"curies":[{"name":"wp","href":"https:\/\/api.w.org\/{rel}","templated":true}]}}