{"id":70665,"date":"2021-04-08T19:21:35","date_gmt":"2021-04-08T17:21:35","guid":{"rendered":"https:\/\/alpine-world.com\/shop\/prodotto\/msr-isopro-fuel-110-g\/"},"modified":"2023-10-31T11:09:15","modified_gmt":"2023-10-31T10:09:15","slug":"msr-isopro-fuel-110-g","status":"publish","type":"product","link":"https:\/\/alpine-world.com\/shop\/fr\/produit\/msr-isopro-fuel-110-g\/","title":{"rendered":"MSR IsoPro Fuel 110 g"},"content":{"rendered":"<p>Le combustible MSR IsoPro Fuel 110 g est un m\u00e9lange 80\/20 d\u2019isobutane et de propane qui optimise les performances, gr\u00e2ce \u00e0 l\u2019isobutane le plus pur de tous les combustibles en cartouche (5 % ou moins de n-butane). Cette formule br\u00fble proprement. Par basses temp\u00e9ratures, elle maintient une pression interne plus \u00e9lev\u00e9e que les m\u00e9langes standard de butane et propane, assurant des meilleures performances par temps froid et une puissance plus r\u00e9guli\u00e8re pendant toute la dur\u00e9e de vie de la cartouche.<\/p>\n<p>&nbsp;<\/p>\n<ul class=\"basicList\">\n<li><strong>Performances am\u00e9lior\u00e9es\u00a0:<\/strong>\u00a0un m\u00e9lange 80\/20 d'isobutane et de propane assure de meilleures performances pendant toute la dur\u00e9e de vie de la cartouche ainsi que par basses temp\u00e9ratures.<\/li>\n<li><strong>Combustion propre\u00a0:<\/strong>\u00a0pas d\u2019entretien n\u00e9cessaire.<\/li>\n<li><strong>Jauge de combustible\u00a0:<\/strong>\u00a0une jauge \u00e0 flotteur int\u00e9gr\u00e9e permet de d\u00e9terminer le niveau de combustible disponible\u00a0 (cartouche de 113\u00a0g (4\u00a0oz) et 227 g (8 oz)).<\/li>\n<li><strong>Recyclable\u00a0:<\/strong>\u00a0renseignez-vous aupr\u00e8s du centre de recyclage local pour plus d\u2019informations sur la r\u00e9glementation en vigueur.<\/li>\n<\/ul>\n","protected":false},"excerpt":{"rendered":"<p>Le combustible MSR IsoPro Fuel 110 g est un m\u00e9lange 80\/20 d\u2019isobutane et de propane qui optimise les performances, gr\u00e2ce \u00e0 l\u2019isobutane le plus pur de tous les combustibles en cartouche (5 % ou moins de n-butane). Cette formule br\u00fble proprement. Par basses temp\u00e9ratures, elle maintient une pression interne plus \u00e9lev\u00e9e que les m\u00e9langes standard [&hellip;]<\/p>\n","protected":false},"featured_media":48882,"template":"","meta":{"_acf_changed":false,"_seopress_robots_primary_cat":"","_seopress_titles_title":"%%title%% %%sep%% Cartouche de gaz pour rechaud","_seopress_titles_desc":"Le combustible MSR IsoPro Fuel 110 g est un m\u00e9lange 80\/20 d\u2019isobutane et de propane qui optimise les performances.","_seopress_robots_index":"","ep_exclude_from_search":false},"product_brand":[],"product_cat":[1041,2915,1044,962,1994],"product_tag":[2983,2996,2988],"class_list":{"0":"post-70665","1":"product","2":"type-product","3":"status-publish","4":"has-post-thumbnail","6":"product_cat-alpinisme","7":"product_cat-camping-et-bivouac-fr","8":"product_cat-randonnee","9":"product_cat-materiel","10":"product_cat-rechauds-et-gas","11":"product_tag-alpinisme","12":"product_tag-camping-et-bivouac","13":"product_tag-randonnee","14":"pa_categoria-gaz-fr","15":"yith_product_brand-msr-fr","17":"first","18":"instock","19":"taxable","20":"shipping-taxable","21":"purchasable","22":"product-type-simple"},"acf":[],"_links":{"self":[{"href":"https:\/\/alpine-world.com\/shop\/fr\/wp-json\/wp\/v2\/product\/70665","targetHints":{"allow":["GET"]}}],"collection":[{"href":"https:\/\/alpine-world.com\/shop\/fr\/wp-json\/wp\/v2\/product"}],"about":[{"href":"https:\/\/alpine-world.com\/shop\/fr\/wp-json\/wp\/v2\/types\/product"}],"wp:featuredmedia":[{"embeddable":true,"href":"https:\/\/alpine-world.com\/shop\/fr\/wp-json\/wp\/v2\/media\/48882"}],"wp:attachment":[{"href":"https:\/\/alpine-world.com\/shop\/fr\/wp-json\/wp\/v2\/media?parent=70665"}],"wp:term":[{"taxonomy":"product_brand","embeddable":true,"href":"https:\/\/alpine-world.com\/shop\/fr\/wp-json\/wp\/v2\/product_brand?post=70665"},{"taxonomy":"product_cat","embeddable":true,"href":"https:\/\/alpine-world.com\/shop\/fr\/wp-json\/wp\/v2\/product_cat?post=70665"},{"taxonomy":"product_tag","embeddable":true,"href":"https:\/\/alpine-world.com\/shop\/fr\/wp-json\/wp\/v2\/product_tag?post=70665"}],"curies":[{"name":"wp","href":"https:\/\/api.w.org\/{rel}","templated":true}]}}