{"id":70517,"date":"2021-03-25T10:40:34","date_gmt":"2021-03-25T09:40:34","guid":{"rendered":"https:\/\/alpine-world.com\/shop\/prodotto\/black-diamond-vision-mips\/"},"modified":"2026-05-05T06:11:27","modified_gmt":"2026-05-05T04:11:27","slug":"black-diamond-vision-mips","status":"publish","type":"product","link":"https:\/\/alpine-world.com\/shop\/fr\/produit\/black-diamond-vision-mips\/","title":{"rendered":"Black Diamond Vision Mips"},"content":{"rendered":"<p>Le casque Black Diamond Vision MIPS, casque en mousse le plus r\u00e9sistant de la gamme Black Diamond combine la mousse EPP, un rond de mousse EPS et une coque en polycarbonate qui permet de vous \u00e9viter coups et bosses ainsi que la technologie de pointe MIPS (protection multidirectionnelle contre les impacts). Le syst\u00e8me MIPS est con\u00e7u pour apporter plus de protection face aux mouvements de rotation (ou cin\u00e9matiques) transmis au cerveau lors d'impacts obliques \u00e0 la t\u00eate. Ce syst\u00e8me avec protection renforc\u00e9e s'est r\u00e9v\u00e9l\u00e9 efficace pour r\u00e9duire le mouvement de rotation existant dans un casque en absorbant et en redirigeant autrement les \u00e9nergies et les forces au cerveau. La protection lat\u00e9rale et arri\u00e8re am\u00e9lior\u00e9e augmente le degr\u00e9 de protection et satisfait les exigences des normes UIAA alors que les a\u00e9rations plac\u00e9es de mani\u00e8re strat\u00e9gique laissent l'air circuler m\u00eame sous de fortes chaleurs. Le syst\u00e8me de maintien et la jugulaire apportent au casque Vision un style \u00e9pur\u00e9 et les crochets int\u00e9gr\u00e9s pour frontale sont petits de sorte qu'ils ne s'accrochent aux sangles d'\u00e9paules et vous permettent de facilement \u00e9clairer votre chemin sur des voies en fin de journ\u00e9e.<\/p>\n","protected":false},"excerpt":{"rendered":"<p>Le casque Black Diamond Vision MIPS, casque en mousse le plus r\u00e9sistant de la gamme Black Diamond combine la mousse EPP, un rond de mousse EPS et une coque en polycarbonate qui permet de vous \u00e9viter coups et bosses ainsi que la technologie de pointe MIPS (protection multidirectionnelle contre les impacts). Le syst\u00e8me MIPS est [&hellip;]<\/p>\n","protected":false},"featured_media":48719,"template":"","meta":{"_acf_changed":false,"_seopress_robots_primary_cat":"","_seopress_titles_title":"%%title%% %%sep%% Casque d'escalade avec technologie MIPS","_seopress_titles_desc":"Le casque Black Diamond Vision MIPS combine la mousse EPP, un rond de mousse EPS et une coque en polycarbonate.","_seopress_robots_index":"","ep_exclude_from_search":false},"product_brand":[],"product_cat":[1041,1040,1968,1028,962,1045],"product_tag":[2983,2997,2984,2989],"class_list":{"0":"post-70517","1":"product","2":"type-product","3":"status-publish","4":"has-post-thumbnail","6":"product_cat-alpinisme","7":"product_cat-cascade-de-glace","8":"product_cat-casques-materiel","9":"product_cat-escalade","10":"product_cat-materiel","11":"product_cat-via-ferrata-fr","12":"product_tag-alpinisme","13":"product_tag-cascade-de-glace","14":"product_tag-escalade","15":"product_tag-via-ferrata-fr","16":"pa_colore-noir-orange","17":"pa_genere-femme","18":"pa_genere-homme","19":"pa_genere-unisex-fr","20":"pa_taglia-m-l-fr","21":"pa_taglia-s-m-fr","22":"yith_product_brand-black-diamond-fr","24":"first","25":"outofstock","26":"taxable","27":"shipping-taxable","28":"product-type-variable"},"acf":[],"_links":{"self":[{"href":"https:\/\/alpine-world.com\/shop\/fr\/wp-json\/wp\/v2\/product\/70517","targetHints":{"allow":["GET"]}}],"collection":[{"href":"https:\/\/alpine-world.com\/shop\/fr\/wp-json\/wp\/v2\/product"}],"about":[{"href":"https:\/\/alpine-world.com\/shop\/fr\/wp-json\/wp\/v2\/types\/product"}],"wp:featuredmedia":[{"embeddable":true,"href":"https:\/\/alpine-world.com\/shop\/fr\/wp-json\/wp\/v2\/media\/48719"}],"wp:attachment":[{"href":"https:\/\/alpine-world.com\/shop\/fr\/wp-json\/wp\/v2\/media?parent=70517"}],"wp:term":[{"taxonomy":"product_brand","embeddable":true,"href":"https:\/\/alpine-world.com\/shop\/fr\/wp-json\/wp\/v2\/product_brand?post=70517"},{"taxonomy":"product_cat","embeddable":true,"href":"https:\/\/alpine-world.com\/shop\/fr\/wp-json\/wp\/v2\/product_cat?post=70517"},{"taxonomy":"product_tag","embeddable":true,"href":"https:\/\/alpine-world.com\/shop\/fr\/wp-json\/wp\/v2\/product_tag?post=70517"}],"curies":[{"name":"wp","href":"https:\/\/api.w.org\/{rel}","templated":true}]}}