{"id":70026,"date":"2021-03-10T13:24:38","date_gmt":"2021-03-10T12:24:38","guid":{"rendered":"https:\/\/alpine-world.com\/shop\/prodotto\/camp-impulse-cr\/"},"modified":"2026-04-04T06:11:25","modified_gmt":"2026-04-04T04:11:25","slug":"camp-impulse-cr","status":"publish","type":"product","link":"https:\/\/alpine-world.com\/shop\/fr\/produit\/camp-impulse-cr\/","title":{"rendered":"Camp Impulse Cr"},"content":{"rendered":"<p>Le Camp Impulse CR est notre nouveau harnais d'escalade haut de gamme sous signe de la polyvalence. Il se caract\u00e9rise par la construction innovante Smart Webbing Technology qui, en assurant une r\u00e9partition uniforme de la charge sur l'ensemble de la ceinture et des tours de cuisse, offre au grimpeur un confort sans pr\u00e9c\u00e9dent. Le rembourrage en mousse EVA perfor\u00e9e et l'int\u00e9rieur en filet 3D garantissent une excellente respirabilit\u00e9, tandis que le syst\u00e8me DeltaFrame au niveau des tours de cuisse est synonyme de soutien optimal lorsque vous \u00eates suspendu au relais ou lors d'un rappel. Les 4 porte-mat\u00e9riel sont con\u00e7us pour une fonctionnalit\u00e9 maximale, permettant un acc\u00e8s imm\u00e9diat \u00e0 tous les \u00e9quipements. L'Impulse se distingue \u00e9galement par des d\u00e9tails tels que l\u2019anneau de service de couleur contrastante, les sangles \u00e9lastiques reliant les tours de cuisse munis de solides boucles en plastique, les fixations pour le porte-mat\u00e9riel Hub et l\u2019anneau de tirage dans lequel la boucle du sac \u00e0 magn\u00e9ise est int\u00e9gr\u00e9e.<\/p>\n","protected":false},"excerpt":{"rendered":"<p>Le Camp Impulse CR est notre nouveau harnais d'escalade haut de gamme sous signe de la polyvalence. Il se caract\u00e9rise par la construction innovante Smart Webbing Technology qui, en assurant une r\u00e9partition uniforme de la charge sur l'ensemble de la ceinture et des tours de cuisse, offre au grimpeur un confort sans pr\u00e9c\u00e9dent. Le rembourrage [&hellip;]<\/p>\n","protected":false},"featured_media":48186,"template":"","meta":{"_acf_changed":false,"_seopress_robots_primary_cat":"","_seopress_titles_title":"%%title%% %%sep%% Baudrier %%title%% %%sep%% %%sitename%%","_seopress_titles_desc":"Le Camp Impulse CR est notre nouveau harnais d'escalade haut de gamme sous signe de la polyvalence.","_seopress_robots_index":"","ep_exclude_from_search":false},"product_brand":[],"product_cat":[1041,1028,1040,962,985],"product_tag":[2983,2997,2984],"class_list":{"0":"post-70026","1":"product","2":"type-product","3":"status-publish","4":"has-post-thumbnail","6":"product_cat-alpinisme","7":"product_cat-escalade","8":"product_cat-cascade-de-glace","9":"product_cat-materiel","10":"product_cat-harnais","11":"product_tag-alpinisme","12":"product_tag-cascade-de-glace","13":"product_tag-escalade","14":"pa_colore-bleu","15":"pa_genere-femme","16":"pa_genere-homme","17":"pa_genere-unisex-fr","18":"pa_taglia-s-fr","19":"pa_taglia-m-fr","20":"pa_taglia-l-fr","21":"yith_product_brand-camp-fr","23":"first","24":"outofstock","25":"taxable","26":"shipping-taxable","27":"product-type-variable"},"acf":[],"_links":{"self":[{"href":"https:\/\/alpine-world.com\/shop\/fr\/wp-json\/wp\/v2\/product\/70026","targetHints":{"allow":["GET"]}}],"collection":[{"href":"https:\/\/alpine-world.com\/shop\/fr\/wp-json\/wp\/v2\/product"}],"about":[{"href":"https:\/\/alpine-world.com\/shop\/fr\/wp-json\/wp\/v2\/types\/product"}],"wp:featuredmedia":[{"embeddable":true,"href":"https:\/\/alpine-world.com\/shop\/fr\/wp-json\/wp\/v2\/media\/48186"}],"wp:attachment":[{"href":"https:\/\/alpine-world.com\/shop\/fr\/wp-json\/wp\/v2\/media?parent=70026"}],"wp:term":[{"taxonomy":"product_brand","embeddable":true,"href":"https:\/\/alpine-world.com\/shop\/fr\/wp-json\/wp\/v2\/product_brand?post=70026"},{"taxonomy":"product_cat","embeddable":true,"href":"https:\/\/alpine-world.com\/shop\/fr\/wp-json\/wp\/v2\/product_cat?post=70026"},{"taxonomy":"product_tag","embeddable":true,"href":"https:\/\/alpine-world.com\/shop\/fr\/wp-json\/wp\/v2\/product_tag?post=70026"}],"curies":[{"name":"wp","href":"https:\/\/api.w.org\/{rel}","templated":true}]}}