{"id":69718,"date":"2020-11-12T12:14:12","date_gmt":"2020-11-12T11:14:12","guid":{"rendered":"https:\/\/alpine-world.com\/shop\/prodotto\/black-diamond-terminator\/"},"modified":"2026-04-09T06:11:31","modified_gmt":"2026-04-09T04:11:31","slug":"black-diamond-terminator","status":"publish","type":"product","link":"https:\/\/alpine-world.com\/shop\/fr\/produit\/black-diamond-terminator\/","title":{"rendered":"Black Diamond Terminator"},"content":{"rendered":"<p>Gant d\u2019escalade l\u00e9ger et minimaliste con\u00e7u pour grimper la glace raide, le Black Diamond Terminator est la version moderne de notre gant d\u2019escalade haute performance d\u00e9di\u00e9 \u00e0 la cascade de glace et au mixte. Dot\u00e9 d\u2019une membrane en Thinsulate\u00ae 40 g et d\u2019une doublure en polaire fixe, ce gant offre une dext\u00e9rit\u00e9 sup\u00e9rieure pour gravir les cigares en glace comme les passages rocheux d\u00e9licats. L\u2019empi\u00e8cement en TPU aux jointures prot\u00e8ge contre l\u2019abrasion ; la coupe pr\u00e9-incurv\u00e9e est adapt\u00e9e \u00e0 la pr\u00e9hension du piolet et offre une adh\u00e9rence fiable. Notre construction innovante propose un doigt auriculaire sans couture : le c\u00f4t\u00e9 paume de l\u2019auriculaire augmente le niveau de confort lors des tractions sur les piolets. La paume en cuir de ch\u00e8vre augmente la durabilit\u00e9 ; la membrane en stretch quadri-directionnel et l\u2019essuie-nez su\u00e9d\u00e9 assurent un excellent confort. Le Terminator est pourvu d\u2019un insert BD.dry\u2122 imperm\u00e9able pour le confort thermique et la protection contre l\u2019humidit\u00e9 due \u00e0 la glace.<\/p>\n","protected":false},"excerpt":{"rendered":"<p>Gant d\u2019escalade l\u00e9ger et minimaliste con\u00e7u pour grimper la glace raide, le Black Diamond Terminator est la version moderne de notre gant d\u2019escalade haute performance d\u00e9di\u00e9 \u00e0 la cascade de glace et au mixte. Dot\u00e9 d\u2019une membrane en Thinsulate\u00ae 40 g et d\u2019une doublure en polaire fixe, ce gant offre une dext\u00e9rit\u00e9 sup\u00e9rieure pour gravir [&hellip;]<\/p>\n","protected":false},"featured_media":47813,"template":"","meta":{"_acf_changed":false,"_seopress_robots_primary_cat":"","_seopress_titles_title":"","_seopress_titles_desc":"","_seopress_robots_index":"","ep_exclude_from_search":false},"product_brand":[],"product_cat":[1040,1988,1989,1987,1986,924],"product_tag":[2997],"class_list":{"0":"post-69718","1":"product","2":"type-product","3":"status-publish","4":"has-post-thumbnail","6":"product_cat-cascade-de-glace","7":"product_cat-femme","8":"product_cat-gants-femme-vetements","9":"product_cat-gants-homme-vetements","10":"product_cat-homme-vetements","11":"product_cat-vetements","12":"product_tag-cascade-de-glace","13":"pa_colore-noir","14":"pa_taglia-l-fr","15":"pa_taglia-m-fr","16":"pa_taglia-s-fr","17":"pa_taglia-xl-fr","18":"pa_taglia-xs-fr","19":"yith_product_brand-black-diamond-fr","21":"first","22":"instock","23":"sale","24":"taxable","25":"shipping-taxable","26":"purchasable","27":"product-type-variable"},"acf":[],"_links":{"self":[{"href":"https:\/\/alpine-world.com\/shop\/fr\/wp-json\/wp\/v2\/product\/69718","targetHints":{"allow":["GET"]}}],"collection":[{"href":"https:\/\/alpine-world.com\/shop\/fr\/wp-json\/wp\/v2\/product"}],"about":[{"href":"https:\/\/alpine-world.com\/shop\/fr\/wp-json\/wp\/v2\/types\/product"}],"wp:featuredmedia":[{"embeddable":true,"href":"https:\/\/alpine-world.com\/shop\/fr\/wp-json\/wp\/v2\/media\/47813"}],"wp:attachment":[{"href":"https:\/\/alpine-world.com\/shop\/fr\/wp-json\/wp\/v2\/media?parent=69718"}],"wp:term":[{"taxonomy":"product_brand","embeddable":true,"href":"https:\/\/alpine-world.com\/shop\/fr\/wp-json\/wp\/v2\/product_brand?post=69718"},{"taxonomy":"product_cat","embeddable":true,"href":"https:\/\/alpine-world.com\/shop\/fr\/wp-json\/wp\/v2\/product_cat?post=69718"},{"taxonomy":"product_tag","embeddable":true,"href":"https:\/\/alpine-world.com\/shop\/fr\/wp-json\/wp\/v2\/product_tag?post=69718"}],"curies":[{"name":"wp","href":"https:\/\/api.w.org\/{rel}","templated":true}]}}