{"id":69691,"date":"2020-11-12T12:30:51","date_gmt":"2020-11-12T11:30:51","guid":{"rendered":"https:\/\/alpine-world.com\/shop\/prodotto\/black-diamond-legend-gloves\/"},"modified":"2026-05-06T06:11:26","modified_gmt":"2026-05-06T04:11:26","slug":"black-diamond-legend-gloves","status":"publish","type":"product","link":"https:\/\/alpine-world.com\/shop\/fr\/produit\/black-diamond-legend-gloves\/","title":{"rendered":"Black Diamond Legend Gloves"},"content":{"rendered":"<p>Con\u00e7us pour les professionnels de la neige, les moniteurs de ski et les skieurs assidus, les gants Black Diamond Legend offrent un ajustement, une protection et une dext\u00e9rit\u00e9 incomparables. Ils sont dot\u00e9s d'une membrane de protection imper-respirante en GORE-TEX\u00ae pour faire barri\u00e8re \u00e0 la neige et \u00e0 l'humidit\u00e9, d'une isolation PrimaLoft\u00ae Gold 170 g pour r\u00e9sister au froid mordant et aux temp\u00e9ratures hivernales, et une doublure en polaire moelleuse procurant confort et douceur au toucher. Le Legend allie protection et confort comme aucun autre gant. Une mod\u00e9lisation en 3D actualis\u00e9e augmente sa dext\u00e9rit\u00e9 comme jamais auparavant. La paume et les doigts souples mais r\u00e9sistants en cuir de mouton permettent d'augmenter consid\u00e9rablement les sensations tactiles. La membrane en Pertex\u00ae r\u00e9sistant \u00e0 l'abrasion ne craint pas l'humidit\u00e9 ou les terrains accident\u00e9s ; la fermeture velcro du poignet fait barri\u00e8re aux \u00e9l\u00e9ments ext\u00e9rieurs.<\/p>\n","protected":false},"excerpt":{"rendered":"<p>Con\u00e7us pour les professionnels de la neige, les moniteurs de ski et les skieurs assidus, les gants Black Diamond Legend offrent un ajustement, une protection et une dext\u00e9rit\u00e9 incomparables. Ils sont dot\u00e9s d'une membrane de protection imper-respirante en GORE-TEX\u00ae pour faire barri\u00e8re \u00e0 la neige et \u00e0 l'humidit\u00e9, d'une isolation PrimaLoft\u00ae Gold 170 g pour [&hellip;]<\/p>\n","protected":false},"featured_media":126061,"template":"","meta":{"_acf_changed":false,"_seopress_robots_primary_cat":"none","_seopress_titles_title":"","_seopress_titles_desc":"","_seopress_robots_index":"","ep_exclude_from_search":false},"product_brand":[],"product_cat":[1041,1029,1987,1986,1042,924],"product_tag":[2983,2985,2998],"class_list":{"0":"post-69691","1":"product","2":"type-product","3":"status-publish","4":"has-post-thumbnail","6":"product_cat-alpinisme","7":"product_cat-freeride-fr","8":"product_cat-gants-homme-vetements","9":"product_cat-homme-vetements","10":"product_cat-ski-alpinisme","11":"product_cat-vetements","12":"product_tag-alpinisme","13":"product_tag-freeride-fr","14":"product_tag-ski-alpinisme","15":"pa_colore-jaune","16":"pa_colore-noir","17":"pa_taglia-l-fr","18":"pa_taglia-m-fr","19":"pa_taglia-s-fr","20":"pa_taglia-xl-fr","21":"yith_product_brand-black-diamond-fr","23":"first","24":"instock","25":"sale","26":"taxable","27":"shipping-taxable","28":"purchasable","29":"product-type-variable"},"acf":[],"_links":{"self":[{"href":"https:\/\/alpine-world.com\/shop\/fr\/wp-json\/wp\/v2\/product\/69691","targetHints":{"allow":["GET"]}}],"collection":[{"href":"https:\/\/alpine-world.com\/shop\/fr\/wp-json\/wp\/v2\/product"}],"about":[{"href":"https:\/\/alpine-world.com\/shop\/fr\/wp-json\/wp\/v2\/types\/product"}],"wp:featuredmedia":[{"embeddable":true,"href":"https:\/\/alpine-world.com\/shop\/fr\/wp-json\/wp\/v2\/media\/126061"}],"wp:attachment":[{"href":"https:\/\/alpine-world.com\/shop\/fr\/wp-json\/wp\/v2\/media?parent=69691"}],"wp:term":[{"taxonomy":"product_brand","embeddable":true,"href":"https:\/\/alpine-world.com\/shop\/fr\/wp-json\/wp\/v2\/product_brand?post=69691"},{"taxonomy":"product_cat","embeddable":true,"href":"https:\/\/alpine-world.com\/shop\/fr\/wp-json\/wp\/v2\/product_cat?post=69691"},{"taxonomy":"product_tag","embeddable":true,"href":"https:\/\/alpine-world.com\/shop\/fr\/wp-json\/wp\/v2\/product_tag?post=69691"}],"curies":[{"name":"wp","href":"https:\/\/api.w.org\/{rel}","templated":true}]}}