{"id":69432,"date":"2020-10-28T14:04:37","date_gmt":"2020-10-28T13:04:37","guid":{"rendered":"https:\/\/alpine-world.com\/shop\/prodotto\/camp-corsa-nanotech\/"},"modified":"2026-04-04T06:11:26","modified_gmt":"2026-04-04T04:11:26","slug":"camp-corsa-nanotech","status":"publish","type":"product","link":"https:\/\/alpine-world.com\/shop\/fr\/produit\/camp-corsa-nanotech\/","title":{"rendered":"Camp Corsa Nanotech"},"content":{"rendered":"<p>Le piolet le plus avanc\u00e9 du march\u00e9 pour la randonn\u00e9e sur neige ainsi que sur les glaciers et le ski-alpinisme. Construit en alliage l\u00e9ger d\u2019aluminium 7075-T6 comme le tr\u00e8s l\u00e9ger Corsa, il se diff\u00e9rencie de ce dernier par ses inserts en alliage d\u2019acier Sandvik Nanoflex\u00ae sur la t\u00eate et la pique : des parties critiques qui deviennent ainsi plus r\u00e9sistantes et de longue dur\u00e9e sans diminuer leur l\u00e9g\u00e8ret\u00e9. La courbure du manche optimise la frappe sans r\u00e9duire la fonctionnalit\u00e9 en appui et la p\u00e9n\u00e9tration dans la neige. Un insert en nylon sp\u00e9cial emp\u00eache la neige de p\u00e9n\u00e9trer et de s'accumuler dans le manche qui pr\u00e9sente une poign\u00e9e \u00e9labor\u00e9e pour assurer une bonne adh\u00e9rence. Le passage int\u00e9gr\u00e9 dans la t\u00eate, entre la panne et le manche, permet la fixation de la dragonne Corsa (disponible s\u00e9par\u00e9ment).<br \/>\nIl n\u2019est pas recommand\u00e9 pour l\u2019escalade sur glace, les terrains accident\u00e9s avec des roches et de la neige, ni m\u00eame pour tailler des marches.<\/p>\n<p>Le Sandvik Nanoflex<sup>\u00ae<\/sup>\u00a0est un alliage d\u2019acier innovant avec une r\u00e9sistance m\u00e9canique et une t\u00e9nacit\u00e9 de 60% sup\u00e9rieures \u00e0 un alliage d\u2019acier normal qui permet de r\u00e9duire la quantit\u00e9 de m\u00e9tal utilis\u00e9e, diminuant notablement le poids tout en maintenant la r\u00e9sistance.<\/p>\n<p>\u2022 Version technique du Corsa avec manche courbe et inserts en acier Sandvik Nanoflex\u00ae sur la t\u00eate et la pique garantissant la p\u00e9n\u00e9tration dans la neige dure et la glace<br \/>\n\u2022 Id\u00e9al pour la randonn\u00e9e sur la neige et les glaciers<br \/>\n\u2022 Insert en nylon pour emp\u00eacher l'accumulation de neige dans le manche<br \/>\n\u2022 T\u00eate avec passage pour fixer la dragonne Corsa (disponible s\u00e9par\u00e9ment)<br \/>\n\u2022 Poign\u00e9e \u00e9labor\u00e9e dans la partie inf\u00e9rieure de la poign\u00e9e pour une bonne prise en main<\/p>\n","protected":false},"excerpt":{"rendered":"<p>Le piolet le plus avanc\u00e9 du march\u00e9 pour la randonn\u00e9e sur neige ainsi que sur les glaciers et le ski-alpinisme. Construit en alliage l\u00e9ger d\u2019aluminium 7075-T6 comme le tr\u00e8s l\u00e9ger Corsa, il se diff\u00e9rencie de ce dernier par ses inserts en alliage d\u2019acier Sandvik Nanoflex\u00ae sur la t\u00eate et la pique : des parties critiques [&hellip;]<\/p>\n","protected":false},"featured_media":106810,"template":"","meta":{"_acf_changed":false,"_seopress_robots_primary_cat":"","_seopress_titles_title":"","_seopress_titles_desc":"","_seopress_robots_index":"","ep_exclude_from_search":false},"product_brand":[],"product_cat":[1041,1042,962,1985],"product_tag":[2983,2998],"class_list":{"0":"post-69432","1":"product","2":"type-product","3":"status-publish","4":"has-post-thumbnail","6":"product_cat-alpinisme","7":"product_cat-ski-alpinisme","8":"product_cat-materiel","9":"product_cat-piolets","10":"product_tag-alpinisme","11":"product_tag-ski-alpinisme","12":"pa_colore-rouge","13":"pa_lunghezza-45-cm-fr","14":"pa_lunghezza-50-cm-fr","15":"yith_product_brand-camp-fr","17":"first","18":"instock","19":"sale","20":"taxable","21":"shipping-taxable","22":"purchasable","23":"product-type-variable"},"acf":[],"_links":{"self":[{"href":"https:\/\/alpine-world.com\/shop\/fr\/wp-json\/wp\/v2\/product\/69432","targetHints":{"allow":["GET"]}}],"collection":[{"href":"https:\/\/alpine-world.com\/shop\/fr\/wp-json\/wp\/v2\/product"}],"about":[{"href":"https:\/\/alpine-world.com\/shop\/fr\/wp-json\/wp\/v2\/types\/product"}],"wp:featuredmedia":[{"embeddable":true,"href":"https:\/\/alpine-world.com\/shop\/fr\/wp-json\/wp\/v2\/media\/106810"}],"wp:attachment":[{"href":"https:\/\/alpine-world.com\/shop\/fr\/wp-json\/wp\/v2\/media?parent=69432"}],"wp:term":[{"taxonomy":"product_brand","embeddable":true,"href":"https:\/\/alpine-world.com\/shop\/fr\/wp-json\/wp\/v2\/product_brand?post=69432"},{"taxonomy":"product_cat","embeddable":true,"href":"https:\/\/alpine-world.com\/shop\/fr\/wp-json\/wp\/v2\/product_cat?post=69432"},{"taxonomy":"product_tag","embeddable":true,"href":"https:\/\/alpine-world.com\/shop\/fr\/wp-json\/wp\/v2\/product_tag?post=69432"}],"curies":[{"name":"wp","href":"https:\/\/api.w.org\/{rel}","templated":true}]}}