{"id":67074,"date":"2019-12-19T15:11:48","date_gmt":"2019-12-19T14:11:48","guid":{"rendered":"https:\/\/alpine-world.com\/shop\/prodotto\/jetboil-zip\/"},"modified":"2022-04-21T09:08:44","modified_gmt":"2022-04-21T07:08:44","slug":"jetboil-zip","status":"publish","type":"product","link":"https:\/\/alpine-world.com\/shop\/fr\/produit\/jetboil-zip\/","title":{"rendered":"Jetboil Zip"},"content":{"rendered":"<p>Le r\u00e9chaud tout en un, tous les avantages de la technologie Jetboil, accessible \u00e0 tous.<\/p>\n<p>Vous pouvez compter sur le Zip pour faire chauffer vos boissons et petits plats facilement et rapidement dans toutes les situations.<\/p>\n<p>D\u00e9clin\u00e9 \u00e0 partir du mod\u00e8le de r\u00e9f\u00e9rence Jetboil PCS, le Zip int\u00e8gre toutes les fonctions indispensables et vous propose un produit exceptionnel \u00e0 un tarif abordable pour tous.<\/p>\n<p>Le Zip est si compact et l\u00e9ger qu\u2019il va devenir votre compagnon pour toutes vos aventures \u00e0 la journ\u00e9e et vos week-ends en montagne.<\/p>\n<p><b>Sp\u00e9cificit\u00e9s :\u00a0<\/b><\/p>\n<p>\u2022 Tasse 0,8 litre int\u00e9grant l\u2019optimisateur Fluxring et une enveloppe isolante amovible.<\/p>\n<p>\u2022 R\u00e9glage du br\u00fbleur.<\/p>\n<p>\u2022 Bouchon perc\u00e9 pour \u00eatre utilis\u00e9 comme une gourde, int\u00e9grant une passoire.<\/p>\n<p>\u2022 Compatible avec tous les accessoires Jetboil.<\/p>\n<p>\u2022 Base de protection int\u00e9grant des graduations.<\/p>\n<p>\u2022 Temps d\u2019\u00e9bullition pour 0,5 litre: 2 min 30.<\/p>\n<p>\u2022 Possibilit\u00e9 de faire bouillir 12 litres d\u2019eau avec une cartouche de 100 g de JetPower.<\/p>\n<p>\u2022 Tr\u00e9pied inclus.<\/p>\n","protected":false},"excerpt":{"rendered":"<p>Le r\u00e9chaud tout en un, tous les avantages de la technologie Jetboil, accessible \u00e0 tous. Vous pouvez compter sur le Zip pour faire chauffer vos boissons et petits plats facilement et rapidement dans toutes les situations. D\u00e9clin\u00e9 \u00e0 partir du mod\u00e8le de r\u00e9f\u00e9rence Jetboil PCS, le Zip int\u00e8gre toutes les fonctions indispensables et vous propose [&hellip;]<\/p>\n","protected":false},"featured_media":44703,"template":"","meta":{"_acf_changed":false,"_seopress_robots_primary_cat":"","_seopress_titles_title":"","_seopress_titles_desc":"","_seopress_robots_index":"","ep_exclude_from_search":false},"product_brand":[],"product_cat":[1041,2915,1044,962,1994],"product_tag":[2983,2996,2988],"class_list":{"0":"post-67074","1":"product","2":"type-product","3":"status-publish","4":"has-post-thumbnail","6":"product_cat-alpinisme","7":"product_cat-camping-et-bivouac-fr","8":"product_cat-randonnee","9":"product_cat-materiel","10":"product_cat-rechauds-et-gas","11":"product_tag-alpinisme","12":"product_tag-camping-et-bivouac","13":"product_tag-randonnee","14":"pa_categoria-rechauds","15":"yith_product_brand-jetboil-fr","17":"first","18":"outofstock","19":"sale","20":"taxable","21":"shipping-taxable","22":"purchasable","23":"product-type-simple"},"acf":[],"_links":{"self":[{"href":"https:\/\/alpine-world.com\/shop\/fr\/wp-json\/wp\/v2\/product\/67074","targetHints":{"allow":["GET"]}}],"collection":[{"href":"https:\/\/alpine-world.com\/shop\/fr\/wp-json\/wp\/v2\/product"}],"about":[{"href":"https:\/\/alpine-world.com\/shop\/fr\/wp-json\/wp\/v2\/types\/product"}],"wp:featuredmedia":[{"embeddable":true,"href":"https:\/\/alpine-world.com\/shop\/fr\/wp-json\/wp\/v2\/media\/44703"}],"wp:attachment":[{"href":"https:\/\/alpine-world.com\/shop\/fr\/wp-json\/wp\/v2\/media?parent=67074"}],"wp:term":[{"taxonomy":"product_brand","embeddable":true,"href":"https:\/\/alpine-world.com\/shop\/fr\/wp-json\/wp\/v2\/product_brand?post=67074"},{"taxonomy":"product_cat","embeddable":true,"href":"https:\/\/alpine-world.com\/shop\/fr\/wp-json\/wp\/v2\/product_cat?post=67074"},{"taxonomy":"product_tag","embeddable":true,"href":"https:\/\/alpine-world.com\/shop\/fr\/wp-json\/wp\/v2\/product_tag?post=67074"}],"curies":[{"name":"wp","href":"https:\/\/api.w.org\/{rel}","templated":true}]}}