{"id":66977,"date":"2019-12-13T18:30:31","date_gmt":"2019-12-13T17:30:31","guid":{"rendered":"https:\/\/alpine-world.com\/shop\/prodotto\/julbo-airflux-spectron-3\/"},"modified":"2026-04-06T06:11:31","modified_gmt":"2026-04-06T04:11:31","slug":"julbo-airflux-spectron-3","status":"publish","type":"product","link":"https:\/\/alpine-world.com\/shop\/fr\/produit\/julbo-airflux-spectron-3\/","title":{"rendered":"Julbo Airflux Spectron 3"},"content":{"rendered":"<p>Apr\u00e8s AEROSPACE, Julbo rend la technologie SuperFlow accessible \u00e0 tous. Chacun profite simplement de la meilleure ventilation d\u00e9velopp\u00e9e pour un masque de sport d\"hiver. Finie la bu\u00e9e en entrant dans la benne, lors des phases d\"attente ou dans les phases d\"effort ! Minimalist Frame pour un champ de vision grand large, \u00e9cran sph\u00e9rique et ventil\u00e9 : AIRFLUX offre un maximum de confort aussi bien en action qu\"\u00e0 l\"arr\u00eat.<\/p>\n","protected":false},"excerpt":{"rendered":"<p>Apr\u00e8s AEROSPACE, Julbo rend la technologie SuperFlow accessible \u00e0 tous. Chacun profite simplement de la meilleure ventilation d\u00e9velopp\u00e9e pour un masque de sport d\"hiver. Finie la bu\u00e9e en entrant dans la benne, lors des phases d\"attente ou dans les phases d\"effort ! Minimalist Frame pour un champ de vision grand large, \u00e9cran sph\u00e9rique et ventil\u00e9 [&hellip;]<\/p>\n","protected":false},"featured_media":44619,"template":"","meta":{"_acf_changed":false,"_seopress_robots_primary_cat":"","_seopress_titles_title":"","_seopress_titles_desc":"","_seopress_robots_index":"","ep_exclude_from_search":false},"product_brand":[],"product_cat":[1029,1042,962,1022],"product_tag":[2985,2998],"class_list":{"0":"post-66977","1":"product","2":"type-product","3":"status-publish","4":"has-post-thumbnail","6":"product_cat-freeride-fr","7":"product_cat-ski-alpinisme","8":"product_cat-materiel","9":"product_cat-lunettes-et-masques","10":"product_tag-freeride-fr","11":"product_tag-ski-alpinisme","12":"pa_categoria-masques","13":"pa_colore-bleu","14":"pa_genere-homme","15":"yith_product_brand-julbo-fr","17":"first","18":"outofstock","19":"taxable","20":"shipping-taxable","21":"product-type-variable"},"acf":[],"_links":{"self":[{"href":"https:\/\/alpine-world.com\/shop\/fr\/wp-json\/wp\/v2\/product\/66977","targetHints":{"allow":["GET"]}}],"collection":[{"href":"https:\/\/alpine-world.com\/shop\/fr\/wp-json\/wp\/v2\/product"}],"about":[{"href":"https:\/\/alpine-world.com\/shop\/fr\/wp-json\/wp\/v2\/types\/product"}],"wp:featuredmedia":[{"embeddable":true,"href":"https:\/\/alpine-world.com\/shop\/fr\/wp-json\/wp\/v2\/media\/44619"}],"wp:attachment":[{"href":"https:\/\/alpine-world.com\/shop\/fr\/wp-json\/wp\/v2\/media?parent=66977"}],"wp:term":[{"taxonomy":"product_brand","embeddable":true,"href":"https:\/\/alpine-world.com\/shop\/fr\/wp-json\/wp\/v2\/product_brand?post=66977"},{"taxonomy":"product_cat","embeddable":true,"href":"https:\/\/alpine-world.com\/shop\/fr\/wp-json\/wp\/v2\/product_cat?post=66977"},{"taxonomy":"product_tag","embeddable":true,"href":"https:\/\/alpine-world.com\/shop\/fr\/wp-json\/wp\/v2\/product_tag?post=66977"}],"curies":[{"name":"wp","href":"https:\/\/api.w.org\/{rel}","templated":true}]}}