{"id":66878,"date":"2019-11-27T11:14:37","date_gmt":"2019-11-27T10:14:37","guid":{"rendered":"https:\/\/alpine-world.com\/shop\/prodotto\/camp-corsa\/"},"modified":"2026-05-14T06:11:30","modified_gmt":"2026-05-14T04:11:30","slug":"camp-corsa","status":"publish","type":"product","link":"https:\/\/alpine-world.com\/shop\/fr\/produit\/camp-corsa\/","title":{"rendered":"Camp Corsa"},"content":{"rendered":"<p>Le Corsa est un piolet ultra l\u00e9ger id\u00e9al pour la randonn\u00e9e sur neige ainsi que sur les glaciers et pour le ski de randonn\u00e9e. Le manche en aluminium, conforme \u00e0 la norme EN 13089 Type 1, permet d'utiliser l'outil comme ancrage dans la neige et en man\u0153uvre de r\u00e9chappe. Un insert en nylon sp\u00e9cial emp\u00eache la neige de p\u00e9n\u00e9trer et de s'accumuler dans le manche qui pr\u00e9sente une poign\u00e9e \u00e9labor\u00e9e pour assurer une bonne adh\u00e9rence. Le passage int\u00e9gr\u00e9 dans la t\u00eate, entre la panne et le manche, permet la fixation de la dragonne Corsa (disponible s\u00e9par\u00e9ment).<br \/>Il n\u2019est pas recommand\u00e9 pour l\u2019escalade sur glace, les terrains accident\u00e9s avec des roches et de la neige, ni m\u00eame pour tailler des marches.<\/p>\n<p>&nbsp;<\/p>\n<p>\u2022 Piolet ultral\u00e9ger pour la randonn\u00e9e sur neige, sur glaciers et le ski de randonn\u00e9e<br \/>\u2022 Insert en nylon pour emp\u00eacher l'accumulation de neige dans le manche<br \/>\u2022 T\u00eate avec passage pour fixer la dragonne Corsa (disponible s\u00e9par\u00e9ment)<br \/>\u2022 Poign\u00e9e \u00e9labor\u00e9e dans la partie inf\u00e9rieure de la poign\u00e9e pour une bonne prise en main<\/p>\n","protected":false},"excerpt":{"rendered":"<p>Le Corsa est un piolet ultra l\u00e9ger id\u00e9al pour la randonn\u00e9e sur neige ainsi que sur les glaciers et pour le ski de randonn\u00e9e. Le manche en aluminium, conforme \u00e0 la norme EN 13089 Type 1, permet d'utiliser l'outil comme ancrage dans la neige et en man\u0153uvre de r\u00e9chappe. Un insert en nylon sp\u00e9cial emp\u00eache [&hellip;]<\/p>\n","protected":false},"featured_media":44490,"template":"","meta":{"_acf_changed":false,"_seopress_robots_primary_cat":"","_seopress_titles_title":"","_seopress_titles_desc":"","_seopress_robots_index":"","_seopress_analysis_target_kw":"Camp Corsa","ep_exclude_from_search":false},"product_brand":[],"product_cat":[962,1985,1042],"product_tag":[2998],"class_list":{"0":"post-66878","1":"product","2":"type-product","3":"status-publish","4":"has-post-thumbnail","6":"product_cat-materiel","7":"product_cat-piolets","8":"product_cat-ski-alpinisme","9":"product_tag-ski-alpinisme","10":"pa_colore-vert","11":"pa_lunghezza-50-cm-fr","12":"yith_product_brand-camp-fr","14":"first","15":"outofstock","16":"taxable","17":"shipping-taxable","18":"product-type-variable"},"acf":[],"_links":{"self":[{"href":"https:\/\/alpine-world.com\/shop\/fr\/wp-json\/wp\/v2\/product\/66878","targetHints":{"allow":["GET"]}}],"collection":[{"href":"https:\/\/alpine-world.com\/shop\/fr\/wp-json\/wp\/v2\/product"}],"about":[{"href":"https:\/\/alpine-world.com\/shop\/fr\/wp-json\/wp\/v2\/types\/product"}],"wp:featuredmedia":[{"embeddable":true,"href":"https:\/\/alpine-world.com\/shop\/fr\/wp-json\/wp\/v2\/media\/44490"}],"wp:attachment":[{"href":"https:\/\/alpine-world.com\/shop\/fr\/wp-json\/wp\/v2\/media?parent=66878"}],"wp:term":[{"taxonomy":"product_brand","embeddable":true,"href":"https:\/\/alpine-world.com\/shop\/fr\/wp-json\/wp\/v2\/product_brand?post=66878"},{"taxonomy":"product_cat","embeddable":true,"href":"https:\/\/alpine-world.com\/shop\/fr\/wp-json\/wp\/v2\/product_cat?post=66878"},{"taxonomy":"product_tag","embeddable":true,"href":"https:\/\/alpine-world.com\/shop\/fr\/wp-json\/wp\/v2\/product_tag?post=66878"}],"curies":[{"name":"wp","href":"https:\/\/api.w.org\/{rel}","templated":true}]}}