{"id":66202,"date":"2019-10-01T14:41:40","date_gmt":"2019-10-01T12:41:40","guid":{"rendered":"https:\/\/alpine-world.com\/shop\/prodotto\/odlo-polyknit-light\/"},"modified":"2026-04-03T06:11:30","modified_gmt":"2026-04-03T04:11:30","slug":"odlo-polyknit-light","status":"publish","type":"product","link":"https:\/\/alpine-world.com\/shop\/fr\/produit\/odlo-polyknit-light\/","title":{"rendered":"Odlo Polyknit Light"},"content":{"rendered":"<p>Adapt\u00e9 au ski de fond et aux randonn\u00e9es hivernales, le bandeau Polyknit est un accessoire polyvalent que vous aimerez aussi porter pour son originalit\u00e9. Il offre une protection additionnelle contre le temps rigoureux de l'hiver gr\u00e2ce \u00e0 sa mati\u00e8re stretch en polyester \u00e9ponge, supr\u00eamement confortable et qui s\u2019ajuste \u00e0 la perfection. Vous appr\u00e9cierez son logo r\u00e9fl\u00e9chissant, qui augmente votre visibilit\u00e9 dans l\u2019obscurit\u00e9 lors de vos activit\u00e9s hivernales en plein air. Cet hiver, choisissez votre bandeau Polyknit favori et emportez-le partout o\u00f9 vous avez besoin d\u2019un plus de chaleur.<\/p>\n","protected":false},"excerpt":{"rendered":"<p>Adapt\u00e9 au ski de fond et aux randonn\u00e9es hivernales, le bandeau Polyknit est un accessoire polyvalent que vous aimerez aussi porter pour son originalit\u00e9. Il offre une protection additionnelle contre le temps rigoureux de l'hiver gr\u00e2ce \u00e0 sa mati\u00e8re stretch en polyester \u00e9ponge, supr\u00eamement confortable et qui s\u2019ajuste \u00e0 la perfection. Vous appr\u00e9cierez son logo [&hellip;]<\/p>\n","protected":false},"featured_media":43746,"template":"","meta":{"_acf_changed":false,"_seopress_robots_primary_cat":"","_seopress_titles_title":"","_seopress_titles_desc":"","_seopress_robots_index":"","ep_exclude_from_search":false},"product_brand":[],"product_cat":[1041,1040,1042,1044,924,1988,2026,1986,2025],"product_tag":[2983,2997,2988,2998],"class_list":{"0":"post-66202","1":"product","2":"type-product","3":"status-publish","4":"has-post-thumbnail","6":"product_cat-alpinisme","7":"product_cat-cascade-de-glace","8":"product_cat-ski-alpinisme","9":"product_cat-randonnee","10":"product_cat-vetements","11":"product_cat-femme","12":"product_cat-bonnets-et-casquettes-femme","13":"product_cat-homme-vetements","14":"product_cat-bonnets-et-casquettes-homme","15":"product_tag-alpinisme","16":"product_tag-cascade-de-glace","17":"product_tag-randonnee","18":"product_tag-ski-alpinisme","19":"pa_colore-bleu","20":"pa_colore-noir","21":"pa_taglia-taille-unique","22":"yith_product_brand-odlo-fr","24":"first","25":"instock","26":"sale","27":"taxable","28":"shipping-taxable","29":"purchasable","30":"product-type-variable"},"acf":[],"_links":{"self":[{"href":"https:\/\/alpine-world.com\/shop\/fr\/wp-json\/wp\/v2\/product\/66202","targetHints":{"allow":["GET"]}}],"collection":[{"href":"https:\/\/alpine-world.com\/shop\/fr\/wp-json\/wp\/v2\/product"}],"about":[{"href":"https:\/\/alpine-world.com\/shop\/fr\/wp-json\/wp\/v2\/types\/product"}],"wp:featuredmedia":[{"embeddable":true,"href":"https:\/\/alpine-world.com\/shop\/fr\/wp-json\/wp\/v2\/media\/43746"}],"wp:attachment":[{"href":"https:\/\/alpine-world.com\/shop\/fr\/wp-json\/wp\/v2\/media?parent=66202"}],"wp:term":[{"taxonomy":"product_brand","embeddable":true,"href":"https:\/\/alpine-world.com\/shop\/fr\/wp-json\/wp\/v2\/product_brand?post=66202"},{"taxonomy":"product_cat","embeddable":true,"href":"https:\/\/alpine-world.com\/shop\/fr\/wp-json\/wp\/v2\/product_cat?post=66202"},{"taxonomy":"product_tag","embeddable":true,"href":"https:\/\/alpine-world.com\/shop\/fr\/wp-json\/wp\/v2\/product_tag?post=66202"}],"curies":[{"name":"wp","href":"https:\/\/api.w.org\/{rel}","templated":true}]}}