{"id":66045,"date":"2019-09-30T09:42:56","date_gmt":"2019-09-30T07:42:56","guid":{"rendered":"https:\/\/alpine-world.com\/shop\/prodotto\/mammut-barryvox\/"},"modified":"2022-10-10T18:28:22","modified_gmt":"2022-10-10T16:28:22","slug":"mammut-barryvox","status":"publish","type":"product","link":"https:\/\/alpine-world.com\/shop\/fr\/produit\/mammut-barryvox\/","title":{"rendered":"Mammut Barryvox"},"content":{"rendered":"<p>Un \u00e9quipement num\u00e9rique \u00e0 trois antennes, qui va \u00e0 l\u2019essentiel. Le Barryvox\u00ae se caract\u00e9rise par une utilisation ultra-simple et un mode d\u2019emploi clair. Avec sa grande port\u00e9e de r\u00e9ception et sa largeur de bande de recherche efficace de 70\u00a0m\u00e8tres, il propose \u00e0 l\u2019utilisateur une grande interface simple et une utilisation intuitive. De l\u2019\u00e9cran tr\u00e8s lisible et utilisable avec les gants et du bo\u00eetier antichocs et incassable jusqu\u2019\u00e0 l\u2019interface graphique simple et r\u00e9volutionnaire, le Barryvox\u00ae d\u00e9montre qu\u2019il est facile d\u2019avoir beaucoup de puissance et une fonction de rep\u00e9rage final ing\u00e9nieuse.<\/p>\n","protected":false},"excerpt":{"rendered":"<p>Un \u00e9quipement num\u00e9rique \u00e0 trois antennes, qui va \u00e0 l\u2019essentiel. Le Barryvox\u00ae se caract\u00e9rise par une utilisation ultra-simple et un mode d\u2019emploi clair. Avec sa grande port\u00e9e de r\u00e9ception et sa largeur de bande de recherche efficace de 70\u00a0m\u00e8tres, il propose \u00e0 l\u2019utilisateur une grande interface simple et une utilisation intuitive. De l\u2019\u00e9cran tr\u00e8s lisible [&hellip;]<\/p>\n","protected":false},"featured_media":43653,"template":"","meta":{"_acf_changed":false,"_seopress_robots_primary_cat":"","_seopress_titles_title":"","_seopress_titles_desc":"","_seopress_robots_index":"","ep_exclude_from_search":false},"product_brand":[],"product_cat":[1041,1029,1042,962,2014],"product_tag":[2983,2985,2998],"class_list":{"0":"post-66045","1":"product","2":"type-product","3":"status-publish","4":"has-post-thumbnail","6":"product_cat-alpinisme","7":"product_cat-freeride-fr","8":"product_cat-ski-alpinisme","9":"product_cat-materiel","10":"product_cat-secours-en-avalanche","11":"product_tag-alpinisme","12":"product_tag-freeride-fr","13":"product_tag-ski-alpinisme","14":"pa_categoria-dva","15":"yith_product_brand-mammut-fr","17":"first","18":"outofstock","19":"sale","20":"taxable","21":"shipping-taxable","22":"purchasable","23":"product-type-simple"},"acf":[],"_links":{"self":[{"href":"https:\/\/alpine-world.com\/shop\/fr\/wp-json\/wp\/v2\/product\/66045","targetHints":{"allow":["GET"]}}],"collection":[{"href":"https:\/\/alpine-world.com\/shop\/fr\/wp-json\/wp\/v2\/product"}],"about":[{"href":"https:\/\/alpine-world.com\/shop\/fr\/wp-json\/wp\/v2\/types\/product"}],"wp:featuredmedia":[{"embeddable":true,"href":"https:\/\/alpine-world.com\/shop\/fr\/wp-json\/wp\/v2\/media\/43653"}],"wp:attachment":[{"href":"https:\/\/alpine-world.com\/shop\/fr\/wp-json\/wp\/v2\/media?parent=66045"}],"wp:term":[{"taxonomy":"product_brand","embeddable":true,"href":"https:\/\/alpine-world.com\/shop\/fr\/wp-json\/wp\/v2\/product_brand?post=66045"},{"taxonomy":"product_cat","embeddable":true,"href":"https:\/\/alpine-world.com\/shop\/fr\/wp-json\/wp\/v2\/product_cat?post=66045"},{"taxonomy":"product_tag","embeddable":true,"href":"https:\/\/alpine-world.com\/shop\/fr\/wp-json\/wp\/v2\/product_tag?post=66045"}],"curies":[{"name":"wp","href":"https:\/\/api.w.org\/{rel}","templated":true}]}}