{"id":64486,"date":"2019-08-27T11:32:17","date_gmt":"2019-08-27T09:32:17","guid":{"rendered":"https:\/\/alpine-world.com\/shop\/prodotto\/edelrid-shield\/"},"modified":"2026-04-05T06:11:33","modified_gmt":"2026-04-05T04:11:33","slug":"edelrid-shield","status":"publish","type":"product","link":"https:\/\/alpine-world.com\/shop\/fr\/produit\/edelrid-shield\/","title":{"rendered":"Edelrid Shield"},"content":{"rendered":"<p>Casque l\u00e9ger et solide avec construction In-Mold, avec un innovant syst\u00e8me de fermeture et une tr\u00e8s bonne ventilation. Le casque parfait pour les voies longues et difficiles.<\/p>\n","protected":false},"excerpt":{"rendered":"<p>Casque l\u00e9ger et solide avec construction In-Mold, avec un innovant syst\u00e8me de fermeture et une tr\u00e8s bonne ventilation. Le casque parfait pour les voies longues et difficiles.<\/p>\n","protected":false},"featured_media":42344,"template":"","meta":{"_acf_changed":false,"_seopress_robots_primary_cat":"","_seopress_titles_title":"","_seopress_titles_desc":"","_seopress_robots_index":"","ep_exclude_from_search":false},"product_brand":[],"product_cat":[1041,1028,1040,1045,962,1968],"product_tag":[2983,2997,2984,2989],"class_list":{"0":"post-64486","1":"product","2":"type-product","3":"status-publish","4":"has-post-thumbnail","6":"product_cat-alpinisme","7":"product_cat-escalade","8":"product_cat-cascade-de-glace","9":"product_cat-via-ferrata-fr","10":"product_cat-materiel","11":"product_cat-casques-materiel","12":"product_tag-alpinisme","13":"product_tag-cascade-de-glace","14":"product_tag-escalade","15":"product_tag-via-ferrata-fr","16":"pa_colore-blanc","17":"pa_colore-noir-vert","18":"pa_colore-rose","19":"pa_colore-vert","20":"pa_genere-femme","21":"pa_genere-homme","22":"pa_genere-unisex-fr","23":"pa_taglia-s-m-fr","24":"pa_taglia-m-l-fr","25":"yith_product_brand-edelrid-fr","27":"first","28":"outofstock","29":"taxable","30":"shipping-taxable","31":"product-type-variable"},"acf":[],"_links":{"self":[{"href":"https:\/\/alpine-world.com\/shop\/fr\/wp-json\/wp\/v2\/product\/64486","targetHints":{"allow":["GET"]}}],"collection":[{"href":"https:\/\/alpine-world.com\/shop\/fr\/wp-json\/wp\/v2\/product"}],"about":[{"href":"https:\/\/alpine-world.com\/shop\/fr\/wp-json\/wp\/v2\/types\/product"}],"wp:featuredmedia":[{"embeddable":true,"href":"https:\/\/alpine-world.com\/shop\/fr\/wp-json\/wp\/v2\/media\/42344"}],"wp:attachment":[{"href":"https:\/\/alpine-world.com\/shop\/fr\/wp-json\/wp\/v2\/media?parent=64486"}],"wp:term":[{"taxonomy":"product_brand","embeddable":true,"href":"https:\/\/alpine-world.com\/shop\/fr\/wp-json\/wp\/v2\/product_brand?post=64486"},{"taxonomy":"product_cat","embeddable":true,"href":"https:\/\/alpine-world.com\/shop\/fr\/wp-json\/wp\/v2\/product_cat?post=64486"},{"taxonomy":"product_tag","embeddable":true,"href":"https:\/\/alpine-world.com\/shop\/fr\/wp-json\/wp\/v2\/product_tag?post=64486"}],"curies":[{"name":"wp","href":"https:\/\/api.w.org\/{rel}","templated":true}]}}