{"id":64151,"date":"2019-08-24T13:03:51","date_gmt":"2019-08-24T11:03:51","guid":{"rendered":"https:\/\/alpine-world.com\/shop\/prodotto\/beal-booster-97-dry-cover\/"},"modified":"2026-05-06T06:11:34","modified_gmt":"2026-05-06T04:11:34","slug":"beal-booster-97-dry-cover","status":"publish","type":"product","link":"https:\/\/alpine-world.com\/shop\/fr\/produit\/beal-booster-97-dry-cover\/","title":{"rendered":"Beal Booster 9,7 Dry Cover"},"content":{"rendered":"<p>Compacte, fluide et ultra l\u00e9g\u00e8re, cette corde, pionni\u00e8re des cordes fines se faufile partout. Dot\u00e9e de la technologie UNICORE, elle offre une excellente r\u00e9sistance pour les grimpeurs tr\u00e8s avertis.<\/p>\n","protected":false},"excerpt":{"rendered":"<p>Compacte, fluide et ultra l\u00e9g\u00e8re, cette corde, pionni\u00e8re des cordes fines se faufile partout. Dot\u00e9e de la technologie UNICORE, elle offre une excellente r\u00e9sistance pour les grimpeurs tr\u00e8s avertis.<\/p>\n","protected":false},"featured_media":41052,"template":"","meta":{"_acf_changed":false,"_seopress_robots_primary_cat":"","_seopress_titles_title":"","_seopress_titles_desc":"","_seopress_robots_index":"","ep_exclude_from_search":false},"product_brand":[],"product_cat":[1970,1028,962],"product_tag":[2984],"class_list":{"0":"post-64151","1":"product","2":"type-product","3":"status-publish","4":"has-post-thumbnail","6":"product_cat-cordes-materiel","7":"product_cat-escalade","8":"product_cat-materiel","9":"product_tag-escalade","10":"pa_caratteristiche-corde-a-simple","11":"pa_colore-bleu","12":"pa_colore-jaune","13":"pa_lunghezza-60-m-fr","14":"pa_lunghezza-70-m-fr","15":"pa_lunghezza-80-m-fr","16":"yith_product_brand-beal-fr","18":"first","19":"outofstock","20":"taxable","21":"shipping-taxable","22":"product-type-variable"},"acf":[],"_links":{"self":[{"href":"https:\/\/alpine-world.com\/shop\/fr\/wp-json\/wp\/v2\/product\/64151","targetHints":{"allow":["GET"]}}],"collection":[{"href":"https:\/\/alpine-world.com\/shop\/fr\/wp-json\/wp\/v2\/product"}],"about":[{"href":"https:\/\/alpine-world.com\/shop\/fr\/wp-json\/wp\/v2\/types\/product"}],"wp:featuredmedia":[{"embeddable":true,"href":"https:\/\/alpine-world.com\/shop\/fr\/wp-json\/wp\/v2\/media\/41052"}],"wp:attachment":[{"href":"https:\/\/alpine-world.com\/shop\/fr\/wp-json\/wp\/v2\/media?parent=64151"}],"wp:term":[{"taxonomy":"product_brand","embeddable":true,"href":"https:\/\/alpine-world.com\/shop\/fr\/wp-json\/wp\/v2\/product_brand?post=64151"},{"taxonomy":"product_cat","embeddable":true,"href":"https:\/\/alpine-world.com\/shop\/fr\/wp-json\/wp\/v2\/product_cat?post=64151"},{"taxonomy":"product_tag","embeddable":true,"href":"https:\/\/alpine-world.com\/shop\/fr\/wp-json\/wp\/v2\/product_tag?post=64151"}],"curies":[{"name":"wp","href":"https:\/\/api.w.org\/{rel}","templated":true}]}}