{"id":64116,"date":"2019-08-24T13:51:08","date_gmt":"2019-08-24T11:51:08","guid":{"rendered":"https:\/\/alpine-world.com\/shop\/prodotto\/beal-ghost\/"},"modified":"2026-04-05T06:11:34","modified_gmt":"2026-04-05T04:11:34","slug":"beal-ghost","status":"publish","type":"product","link":"https:\/\/alpine-world.com\/shop\/fr\/produit\/beal-ghost\/","title":{"rendered":"Beal Ghost"},"content":{"rendered":"<p>Harnais ultra-l\u00e9ger et confortable pour une pratique experte de l\u2019escalade ou de l\u2019alpinisme. Il b\u00e9n\u00e9ficie de la technologie Web-Core qui apporte un confort exceptionnel malgr\u00e9 sa l\u00e9g\u00e8ret\u00e9, gr\u00e2ce \u00e0 une parfaite r\u00e9partition de la pression sur les hanches et les cuisses. Ses 4 porte-mat\u00e9riel, son anneau arri\u00e8re pour corde de hissage et ses 2 passants pour glisser un porteoutil en font un harnais particuli\u00e8rement polyvalent.<\/p>\n","protected":false},"excerpt":{"rendered":"<p>Harnais ultra-l\u00e9ger et confortable pour une pratique experte de l\u2019escalade ou de l\u2019alpinisme. Il b\u00e9n\u00e9ficie de la technologie Web-Core qui apporte un confort exceptionnel malgr\u00e9 sa l\u00e9g\u00e8ret\u00e9, gr\u00e2ce \u00e0 une parfaite r\u00e9partition de la pression sur les hanches et les cuisses. Ses 4 porte-mat\u00e9riel, son anneau arri\u00e8re pour corde de hissage et ses 2 passants [&hellip;]<\/p>\n","protected":false},"featured_media":41120,"template":"","meta":{"_acf_changed":false,"_seopress_robots_primary_cat":"","_seopress_titles_title":"","_seopress_titles_desc":"","_seopress_robots_index":"","ep_exclude_from_search":false},"product_brand":[],"product_cat":[1041,1028,1040,962,985],"product_tag":[2983,2997,2984],"class_list":{"0":"post-64116","1":"product","2":"type-product","3":"status-publish","4":"has-post-thumbnail","6":"product_cat-alpinisme","7":"product_cat-escalade","8":"product_cat-cascade-de-glace","9":"product_cat-materiel","10":"product_cat-harnais","11":"product_tag-alpinisme","12":"product_tag-cascade-de-glace","13":"product_tag-escalade","14":"pa_colore-bleu","15":"pa_genere-femme","16":"pa_genere-homme","17":"pa_genere-unisex-fr","18":"pa_taglia-s-fr","19":"pa_taglia-m-fr","20":"pa_taglia-l-fr","21":"yith_product_brand-beal-fr","23":"first","24":"outofstock","25":"taxable","26":"shipping-taxable","27":"product-type-variable"},"acf":[],"_links":{"self":[{"href":"https:\/\/alpine-world.com\/shop\/fr\/wp-json\/wp\/v2\/product\/64116","targetHints":{"allow":["GET"]}}],"collection":[{"href":"https:\/\/alpine-world.com\/shop\/fr\/wp-json\/wp\/v2\/product"}],"about":[{"href":"https:\/\/alpine-world.com\/shop\/fr\/wp-json\/wp\/v2\/types\/product"}],"wp:featuredmedia":[{"embeddable":true,"href":"https:\/\/alpine-world.com\/shop\/fr\/wp-json\/wp\/v2\/media\/41120"}],"wp:attachment":[{"href":"https:\/\/alpine-world.com\/shop\/fr\/wp-json\/wp\/v2\/media?parent=64116"}],"wp:term":[{"taxonomy":"product_brand","embeddable":true,"href":"https:\/\/alpine-world.com\/shop\/fr\/wp-json\/wp\/v2\/product_brand?post=64116"},{"taxonomy":"product_cat","embeddable":true,"href":"https:\/\/alpine-world.com\/shop\/fr\/wp-json\/wp\/v2\/product_cat?post=64116"},{"taxonomy":"product_tag","embeddable":true,"href":"https:\/\/alpine-world.com\/shop\/fr\/wp-json\/wp\/v2\/product_tag?post=64116"}],"curies":[{"name":"wp","href":"https:\/\/api.w.org\/{rel}","templated":true}]}}