{"id":63958,"date":"2019-08-28T17:12:41","date_gmt":"2019-08-28T15:12:41","guid":{"rendered":"https:\/\/alpine-world.com\/shop\/prodotto\/beal-mercury-kid\/"},"modified":"2026-04-04T06:11:32","modified_gmt":"2026-04-04T04:11:32","slug":"beal-mercury-kid","status":"publish","type":"product","link":"https:\/\/alpine-world.com\/shop\/fr\/produit\/beal-mercury-kid\/","title":{"rendered":"Beal Mercury Kid"},"content":{"rendered":"<p>Le MERCURY est un casque hybride avec une coque en ABS compl\u00e9t\u00e9e par une calotte en polystyr\u00e8ne.<br \/>\nIl est enti\u00e8rement r\u00e9glable gr\u00e2ce \u00e0 une mollette microm\u00e9trique et b\u00e9n\u00e9ficie de la fermeture magn\u00e9tique de la jugulaire.<br \/>\nLe choix d\u2019un volume important a \u00e9t\u00e9 fait pour optimiser le confort et la protection.<br \/>\n4 crochets pour lampes frontales sont int\u00e9gr\u00e9s. Mousses de confort int\u00e9rieur amovibles et lavables en machine.<\/p>\n","protected":false},"excerpt":{"rendered":"<p>Le MERCURY est un casque hybride avec une coque en ABS compl\u00e9t\u00e9e par une calotte en polystyr\u00e8ne. Il est enti\u00e8rement r\u00e9glable gr\u00e2ce \u00e0 une mollette microm\u00e9trique et b\u00e9n\u00e9ficie de la fermeture magn\u00e9tique de la jugulaire. Le choix d\u2019un volume important a \u00e9t\u00e9 fait pour optimiser le confort et la protection. 4 crochets pour lampes frontales [&hellip;]<\/p>\n","protected":false},"featured_media":97800,"template":"","meta":{"_acf_changed":false,"_seopress_robots_primary_cat":"","_seopress_titles_title":"","_seopress_titles_desc":"","_seopress_robots_index":"","ep_exclude_from_search":false},"product_brand":[],"product_cat":[1028,1045,962,1968],"product_tag":[2984,2989],"class_list":{"0":"post-63958","1":"product","2":"type-product","3":"status-publish","4":"has-post-thumbnail","6":"product_cat-escalade","7":"product_cat-via-ferrata-fr","8":"product_cat-materiel","9":"product_cat-casques-materiel","10":"product_tag-escalade","11":"product_tag-via-ferrata-fr","12":"pa_colore-bleu","13":"pa_genere-enfant","14":"pa_taglia-taille-unique","15":"yith_product_brand-beal-fr","17":"first","18":"instock","19":"sale","20":"taxable","21":"shipping-taxable","22":"purchasable","23":"product-type-variable"},"acf":[],"_links":{"self":[{"href":"https:\/\/alpine-world.com\/shop\/fr\/wp-json\/wp\/v2\/product\/63958","targetHints":{"allow":["GET"]}}],"collection":[{"href":"https:\/\/alpine-world.com\/shop\/fr\/wp-json\/wp\/v2\/product"}],"about":[{"href":"https:\/\/alpine-world.com\/shop\/fr\/wp-json\/wp\/v2\/types\/product"}],"wp:featuredmedia":[{"embeddable":true,"href":"https:\/\/alpine-world.com\/shop\/fr\/wp-json\/wp\/v2\/media\/97800"}],"wp:attachment":[{"href":"https:\/\/alpine-world.com\/shop\/fr\/wp-json\/wp\/v2\/media?parent=63958"}],"wp:term":[{"taxonomy":"product_brand","embeddable":true,"href":"https:\/\/alpine-world.com\/shop\/fr\/wp-json\/wp\/v2\/product_brand?post=63958"},{"taxonomy":"product_cat","embeddable":true,"href":"https:\/\/alpine-world.com\/shop\/fr\/wp-json\/wp\/v2\/product_cat?post=63958"},{"taxonomy":"product_tag","embeddable":true,"href":"https:\/\/alpine-world.com\/shop\/fr\/wp-json\/wp\/v2\/product_tag?post=63958"}],"curies":[{"name":"wp","href":"https:\/\/api.w.org\/{rel}","templated":true}]}}