{"id":63909,"date":"2019-08-26T16:05:27","date_gmt":"2019-08-26T14:05:27","guid":{"rendered":"https:\/\/alpine-world.com\/shop\/prodotto\/julbo-aerolite-reactiv-performance-1-3\/"},"modified":"2026-04-04T06:11:32","modified_gmt":"2026-04-04T04:11:32","slug":"julbo-aerolite-reactiv-performance-1-3","status":"publish","type":"product","link":"https:\/\/alpine-world.com\/shop\/fr\/produit\/julbo-aerolite-reactiv-performance-1-3\/","title":{"rendered":"Julbo Aerolite Reactiv Performance 1-3"},"content":{"rendered":"<p>Les Julbo Aerolite Reactiv Performance 1-3 sont des lunettes poids plume sp\u00e9cifiquement con\u00e7ue pour les femmes et les coureurs \u00e0 petits visages, le Julbo Aerolite Reactiv Performance 1-3 est directement d\u00e9clin\u00e9e de l'Aero, r\u00e9f\u00e9rence chez les trailers. Elle offre les m\u00eames qualit\u00e9s de tenue et d'a\u00e9ration avec un \u00e9cran sans monture qui donne encore plus de l\u00e9g\u00e8ret\u00e9 une \u00e9norme impression de libert\u00e9. Avec ses \u00e9crans REACTIV photochromic, l'Aerolite est taill\u00e9e pour aller loin dans toutes les conditions.<\/p>\n","protected":false},"excerpt":{"rendered":"<p>Les Julbo Aerolite Reactiv Performance 1-3 sont des lunettes poids plume sp\u00e9cifiquement con\u00e7ue pour les femmes et les coureurs \u00e0 petits visages, le Julbo Aerolite Reactiv Performance 1-3 est directement d\u00e9clin\u00e9e de l'Aero, r\u00e9f\u00e9rence chez les trailers. Elle offre les m\u00eames qualit\u00e9s de tenue et d'a\u00e9ration avec un \u00e9cran sans monture qui donne encore plus [&hellip;]<\/p>\n","protected":false},"featured_media":97747,"template":"","meta":{"_acf_changed":false,"_seopress_robots_primary_cat":"","_seopress_titles_title":"","_seopress_titles_desc":"Les Julbo Aerolite Reactiv Performance 1-3 sont des lunettes poids plume sp\u00e9cifiquement con\u00e7ue pour les femmes et les coureurs \u00e0 petits visages.","_seopress_robots_index":"","ep_exclude_from_search":false},"product_brand":[],"product_cat":[1042,1043,1044,962,1022],"product_tag":[2988,2998,2987],"class_list":{"0":"post-63909","1":"product","2":"type-product","3":"status-publish","4":"has-post-thumbnail","6":"product_cat-ski-alpinisme","7":"product_cat-trail-running-fr","8":"product_cat-randonnee","9":"product_cat-materiel","10":"product_cat-lunettes-et-masques","11":"product_tag-randonnee","12":"product_tag-ski-alpinisme","13":"product_tag-trail-running-fr","14":"pa_categoria-lunettes-de-soleil","15":"pa_colore-noir-rose","16":"pa_genere-femme","17":"yith_product_brand-julbo-fr","19":"first","20":"outofstock","21":"taxable","22":"shipping-taxable","23":"product-type-variable"},"acf":[],"_links":{"self":[{"href":"https:\/\/alpine-world.com\/shop\/fr\/wp-json\/wp\/v2\/product\/63909","targetHints":{"allow":["GET"]}}],"collection":[{"href":"https:\/\/alpine-world.com\/shop\/fr\/wp-json\/wp\/v2\/product"}],"about":[{"href":"https:\/\/alpine-world.com\/shop\/fr\/wp-json\/wp\/v2\/types\/product"}],"wp:featuredmedia":[{"embeddable":true,"href":"https:\/\/alpine-world.com\/shop\/fr\/wp-json\/wp\/v2\/media\/97747"}],"wp:attachment":[{"href":"https:\/\/alpine-world.com\/shop\/fr\/wp-json\/wp\/v2\/media?parent=63909"}],"wp:term":[{"taxonomy":"product_brand","embeddable":true,"href":"https:\/\/alpine-world.com\/shop\/fr\/wp-json\/wp\/v2\/product_brand?post=63909"},{"taxonomy":"product_cat","embeddable":true,"href":"https:\/\/alpine-world.com\/shop\/fr\/wp-json\/wp\/v2\/product_cat?post=63909"},{"taxonomy":"product_tag","embeddable":true,"href":"https:\/\/alpine-world.com\/shop\/fr\/wp-json\/wp\/v2\/product_tag?post=63909"}],"curies":[{"name":"wp","href":"https:\/\/api.w.org\/{rel}","templated":true}]}}