{"id":127708,"date":"2024-10-30T18:39:48","date_gmt":"2024-10-30T17:39:48","guid":{"rendered":"https:\/\/alpine-world.com\/shop\/prodotto\/arcteryx-sentinel-pant-w\/"},"modified":"2026-04-03T06:11:02","modified_gmt":"2026-04-03T04:11:02","slug":"arcteryx-sentinel-pant-w","status":"publish","type":"product","link":"https:\/\/alpine-world.com\/shop\/fr\/produit\/arcteryx-sentinel-pant-w\/","title":{"rendered":"Arc'teryx Sentinel Pant W"},"content":{"rendered":"<p>De la poudreuse profonde \u00e0 la neige de printemps. Pour les ascensions en peaux de phoque, \u00e0 pied ou en t\u00e9l\u00e9si\u00e8ge. Sous le soleil ou dans la temp\u00eate. Quoi qu\u2019il arrive, vous aurez votre dose de neige. Et ce pantalon va vous y aider. Sa mati\u00e8re durable, confortable et respirante en GORE-TEX ePE 3\u00a0couches 80D r\u00e9siste aux intemp\u00e9ries et poss\u00e8de une doublure bien chaude pour plus de confort. Les chevilles PowderCuffs 100D emp\u00eachent l\u2019infiltration de neige dans vos chaussures, les a\u00e9rations sur les cuisses permettent d\u2019\u00e9vacuer l\u2019exc\u00e8s de chaleur, le r\u00e9flecteur RECCO int\u00e9gr\u00e9 peut faciliter les op\u00e9rations de recherche et de sauvetage, tandis que la coupe ergonomique pr\u00e9form\u00e9e vous laisse libre de vos mouvements.<\/p>\n<p><b>Mod\u00e8le r\u00e9actualis\u00e9 avec une nouvelle mati\u00e8re GORE-TEX ePE durable et l\u00e9g\u00e8re qui r\u00e9duit son empreinte carbone et dispose d\u2019une mati\u00e8re ext\u00e9rieure 80D pour une durabilit\u00e9 accrue sans poids superflu.<\/b><\/p>\n","protected":false},"excerpt":{"rendered":"<p>De la poudreuse profonde \u00e0 la neige de printemps. Pour les ascensions en peaux de phoque, \u00e0 pied ou en t\u00e9l\u00e9si\u00e8ge. Sous le soleil ou dans la temp\u00eate. Quoi qu\u2019il arrive, vous aurez votre dose de neige. Et ce pantalon va vous y aider. Sa mati\u00e8re durable, confortable et respirante en GORE-TEX ePE 3\u00a0couches 80D [&hellip;]<\/p>\n","protected":false},"featured_media":126571,"template":"","meta":{"_acf_changed":false,"_seopress_robots_primary_cat":"","_seopress_titles_title":"","_seopress_titles_desc":"","_seopress_robots_index":"","ep_exclude_from_search":false},"product_brand":[],"product_cat":[1029,1042,924,1988,2016,1026],"product_tag":[2985,2998],"class_list":{"0":"post-127708","1":"product","2":"type-product","3":"status-publish","4":"has-post-thumbnail","6":"product_cat-freeride-fr","7":"product_cat-ski-alpinisme","8":"product_cat-vetements","9":"product_cat-femme","10":"product_cat-pantalons-and-shorts-femme","11":"product_cat-soldes","12":"product_tag-freeride-fr","13":"product_tag-ski-alpinisme","14":"pa_categoria-pantalons","15":"pa_colore-rose","16":"pa_lunghezza-regular-fr","17":"pa_taglia-2-fr","18":"pa_taglia-4-fr","19":"pa_taglia-6-fr","20":"yith_product_brand-arcteryx-fr","22":"first","23":"outofstock","24":"taxable","25":"shipping-taxable","26":"product-type-variable"},"acf":[],"_links":{"self":[{"href":"https:\/\/alpine-world.com\/shop\/fr\/wp-json\/wp\/v2\/product\/127708","targetHints":{"allow":["GET"]}}],"collection":[{"href":"https:\/\/alpine-world.com\/shop\/fr\/wp-json\/wp\/v2\/product"}],"about":[{"href":"https:\/\/alpine-world.com\/shop\/fr\/wp-json\/wp\/v2\/types\/product"}],"wp:featuredmedia":[{"embeddable":true,"href":"https:\/\/alpine-world.com\/shop\/fr\/wp-json\/wp\/v2\/media\/126571"}],"wp:attachment":[{"href":"https:\/\/alpine-world.com\/shop\/fr\/wp-json\/wp\/v2\/media?parent=127708"}],"wp:term":[{"taxonomy":"product_brand","embeddable":true,"href":"https:\/\/alpine-world.com\/shop\/fr\/wp-json\/wp\/v2\/product_brand?post=127708"},{"taxonomy":"product_cat","embeddable":true,"href":"https:\/\/alpine-world.com\/shop\/fr\/wp-json\/wp\/v2\/product_cat?post=127708"},{"taxonomy":"product_tag","embeddable":true,"href":"https:\/\/alpine-world.com\/shop\/fr\/wp-json\/wp\/v2\/product_tag?post=127708"}],"curies":[{"name":"wp","href":"https:\/\/api.w.org\/{rel}","templated":true}]}}